{"id":12553,"date":"2025-11-21T17:58:11","date_gmt":"2025-11-21T15:58:11","guid":{"rendered":"https:\/\/www.unibricks.be\/?page_id=12553"},"modified":"2025-11-21T18:00:37","modified_gmt":"2025-11-21T16:00:37","slug":"bouillon-semois-chalet-vakantiehuis-gite-te-koop","status":"publish","type":"page","link":"https:\/\/www.unibricks.be\/nl\/bouillon-semois-chalet-vakantiehuis-gite-te-koop\/","title":{"rendered":"Vastgoed te koop in Bouillon: chalets, vakantiehuizen en g\u00eetes in de vallei van de Semois"},"content":{"rendered":"<p>Bouillon is \u00e9\u00e9n van de meest karaktervolle plekken in Zuid-Walloni\u00eb. Genesteld in een bocht van de Semois en overschouwd door het middeleeuwse kasteel, combineert deze stad op unieke wijze natuur, erfgoed en rust. De regio trekt jaarlijks duizenden bezoekers en is daarom geliefd, zowel als woonplek, als voor toeristische investeringen.<\/p>\n<p>Wie een <strong>vakantiehuis, chalet of g\u00eete in Bouillon<\/strong> zoekt, vindt hier een betrouwbare markt met blijvende vraag en een divers aanbod.<\/p>\n","protected":false},"excerpt":{"rendered":"<p>Bouillon is \u00e9\u00e9n van de meest karaktervolle plekken in Zuid-Walloni\u00eb. Genesteld in een bocht van de&#8230;<\/p>\n","protected":false},"author":16,"featured_media":0,"parent":0,"menu_order":0,"comment_status":"closed","ping_status":"closed","template":"","meta":{"_acf_changed":false,"content-type":"","inline_featured_image":false,"footnotes":""},"tags":[157],"class_list":["post-12553","page","type-page","status-publish","hentry","tag-lp-2025"],"acf":[],"yoast_head":"<!-- This site is optimized with the Yoast SEO Premium plugin v24.3 (Yoast SEO v27.0) - https:\/\/yoast.com\/product\/yoast-seo-premium-wordpress\/ -->\n<title>Bouillon &amp; Semois \u2013 Chalets, vakantiehuizen en g\u00eetes te koop | Unibricks<\/title>\n<meta name=\"description\" content=\"Ontdek chalets, vakantiehuizen, g\u00eetes en investeringspanden te koop in Bouillon en de vallei van de Semois. Vastgoed in een natuurlijke, toeristische regio.\" \/>\n<meta name=\"robots\" content=\"index, follow, max-snippet:-1, max-image-preview:large, max-video-preview:-1\" \/>\n<link rel=\"canonical\" href=\"https:\/\/www.unibricks.be\/nl\/bouillon-semois-chalet-vakantiehuis-gite-te-koop\/\" \/>\n<meta property=\"og:locale\" content=\"nl_NL\" \/>\n<meta property=\"og:type\" content=\"article\" \/>\n<meta property=\"og:title\" content=\"Vastgoed te koop in Bouillon: chalets, vakantiehuizen en g\u00eetes in de vallei van de Semois\" \/>\n<meta property=\"og:description\" content=\"Ontdek chalets, vakantiehuizen, g\u00eetes en investeringspanden te koop in Bouillon en de vallei van de Semois. Vastgoed in een natuurlijke, toeristische regio.\" \/>\n<meta property=\"og:url\" content=\"https:\/\/www.unibricks.be\/nl\/bouillon-semois-chalet-vakantiehuis-gite-te-koop\/\" \/>\n<meta property=\"og:site_name\" content=\"Unibricks\" \/>\n<meta property=\"article:modified_time\" content=\"2025-11-21T16:00:37+00:00\" \/>\n<meta name=\"twitter:card\" content=\"summary_large_image\" \/>\n<meta name=\"twitter:label1\" content=\"Geschatte leestijd\" \/>\n\t<meta name=\"twitter:data1\" content=\"4 minuten\" \/>\n<script type=\"application\/ld+json\" class=\"yoast-schema-graph\">{\"@context\":\"https:\/\/schema.org\",\"@graph\":[{\"@type\":\"WebPage\",\"@id\":\"https:\/\/www.unibricks.be\/nl\/bouillon-semois-chalet-vakantiehuis-gite-te-koop\/\",\"url\":\"https:\/\/www.unibricks.be\/nl\/bouillon-semois-chalet-vakantiehuis-gite-te-koop\/\",\"name\":\"Bouillon & Semois \u2013 Chalets, vakantiehuizen en g\u00eetes te koop | Unibricks\",\"isPartOf\":{\"@id\":\"https:\/\/www.unibricks.be\/nl\/#website\"},\"datePublished\":\"2025-11-21T15:58:11+00:00\",\"dateModified\":\"2025-11-21T16:00:37+00:00\",\"description\":\"Ontdek chalets, vakantiehuizen, g\u00eetes en investeringspanden te koop in Bouillon en de vallei van de Semois. Vastgoed in een natuurlijke, toeristische regio.\",\"breadcrumb\":{\"@id\":\"https:\/\/www.unibricks.be\/nl\/bouillon-semois-chalet-vakantiehuis-gite-te-koop\/#breadcrumb\"},\"inLanguage\":\"nl-NL\",\"potentialAction\":[{\"@type\":\"ReadAction\",\"target\":[\"https:\/\/www.unibricks.be\/nl\/bouillon-semois-chalet-vakantiehuis-gite-te-koop\/\"]}]},{\"@type\":\"BreadcrumbList\",\"@id\":\"https:\/\/www.unibricks.be\/nl\/bouillon-semois-chalet-vakantiehuis-gite-te-koop\/#breadcrumb\",\"itemListElement\":[{\"@type\":\"ListItem\",\"position\":1,\"name\":\"Home\",\"item\":\"https:\/\/www.unibricks.be\/nl\/\"},{\"@type\":\"ListItem\",\"position\":2,\"name\":\"Vastgoed te koop in Bouillon: chalets, vakantiehuizen en g\u00eetes in de vallei van de Semois\"}]},{\"@type\":\"WebSite\",\"@id\":\"https:\/\/www.unibricks.be\/nl\/#website\",\"url\":\"https:\/\/www.unibricks.be\/nl\/\",\"name\":\"Unibricks\",\"description\":\"\",\"publisher\":{\"@id\":\"https:\/\/www.unibricks.be\/nl\/#organization\"},\"potentialAction\":[{\"@type\":\"SearchAction\",\"target\":{\"@type\":\"EntryPoint\",\"urlTemplate\":\"https:\/\/www.unibricks.be\/nl\/?s={search_term_string}\"},\"query-input\":{\"@type\":\"PropertyValueSpecification\",\"valueRequired\":true,\"valueName\":\"search_term_string\"}}],\"inLanguage\":\"nl-NL\"},{\"@type\":\"Organization\",\"@id\":\"https:\/\/www.unibricks.be\/nl\/#organization\",\"name\":\"Unibricks\",\"url\":\"https:\/\/www.unibricks.be\/nl\/\",\"logo\":{\"@type\":\"ImageObject\",\"inLanguage\":\"nl-NL\",\"@id\":\"https:\/\/www.unibricks.be\/nl\/#\/schema\/logo\/image\/\",\"url\":\"https:\/\/www.unibricks.be\/wp-content\/uploads\/2021\/06\/logo.png\",\"contentUrl\":\"https:\/\/www.unibricks.be\/wp-content\/uploads\/2021\/06\/logo.png\",\"width\":303,\"height\":48,\"caption\":\"Unibricks\"},\"image\":{\"@id\":\"https:\/\/www.unibricks.be\/nl\/#\/schema\/logo\/image\/\"}}]}<\/script>\n<!-- \/ Yoast SEO Premium plugin. -->","yoast_head_json":{"title":"Bouillon & Semois \u2013 Chalets, vakantiehuizen en g\u00eetes te koop | Unibricks","description":"Ontdek chalets, vakantiehuizen, g\u00eetes en investeringspanden te koop in Bouillon en de vallei van de Semois. Vastgoed in een natuurlijke, toeristische regio.","robots":{"index":"index","follow":"follow","max-snippet":"max-snippet:-1","max-image-preview":"max-image-preview:large","max-video-preview":"max-video-preview:-1"},"canonical":"https:\/\/www.unibricks.be\/nl\/bouillon-semois-chalet-vakantiehuis-gite-te-koop\/","og_locale":"nl_NL","og_type":"article","og_title":"Vastgoed te koop in Bouillon: chalets, vakantiehuizen en g\u00eetes in de vallei van de Semois","og_description":"Ontdek chalets, vakantiehuizen, g\u00eetes en investeringspanden te koop in Bouillon en de vallei van de Semois. Vastgoed in een natuurlijke, toeristische regio.","og_url":"https:\/\/www.unibricks.be\/nl\/bouillon-semois-chalet-vakantiehuis-gite-te-koop\/","og_site_name":"Unibricks","article_modified_time":"2025-11-21T16:00:37+00:00","twitter_card":"summary_large_image","twitter_misc":{"Geschatte leestijd":"4 minuten"},"schema":{"@context":"https:\/\/schema.org","@graph":[{"@type":"WebPage","@id":"https:\/\/www.unibricks.be\/nl\/bouillon-semois-chalet-vakantiehuis-gite-te-koop\/","url":"https:\/\/www.unibricks.be\/nl\/bouillon-semois-chalet-vakantiehuis-gite-te-koop\/","name":"Bouillon & Semois \u2013 Chalets, vakantiehuizen en g\u00eetes te koop | Unibricks","isPartOf":{"@id":"https:\/\/www.unibricks.be\/nl\/#website"},"datePublished":"2025-11-21T15:58:11+00:00","dateModified":"2025-11-21T16:00:37+00:00","description":"Ontdek chalets, vakantiehuizen, g\u00eetes en investeringspanden te koop in Bouillon en de vallei van de Semois. Vastgoed in een natuurlijke, toeristische regio.","breadcrumb":{"@id":"https:\/\/www.unibricks.be\/nl\/bouillon-semois-chalet-vakantiehuis-gite-te-koop\/#breadcrumb"},"inLanguage":"nl-NL","potentialAction":[{"@type":"ReadAction","target":["https:\/\/www.unibricks.be\/nl\/bouillon-semois-chalet-vakantiehuis-gite-te-koop\/"]}]},{"@type":"BreadcrumbList","@id":"https:\/\/www.unibricks.be\/nl\/bouillon-semois-chalet-vakantiehuis-gite-te-koop\/#breadcrumb","itemListElement":[{"@type":"ListItem","position":1,"name":"Home","item":"https:\/\/www.unibricks.be\/nl\/"},{"@type":"ListItem","position":2,"name":"Vastgoed te koop in Bouillon: chalets, vakantiehuizen en g\u00eetes in de vallei van de Semois"}]},{"@type":"WebSite","@id":"https:\/\/www.unibricks.be\/nl\/#website","url":"https:\/\/www.unibricks.be\/nl\/","name":"Unibricks","description":"","publisher":{"@id":"https:\/\/www.unibricks.be\/nl\/#organization"},"potentialAction":[{"@type":"SearchAction","target":{"@type":"EntryPoint","urlTemplate":"https:\/\/www.unibricks.be\/nl\/?s={search_term_string}"},"query-input":{"@type":"PropertyValueSpecification","valueRequired":true,"valueName":"search_term_string"}}],"inLanguage":"nl-NL"},{"@type":"Organization","@id":"https:\/\/www.unibricks.be\/nl\/#organization","name":"Unibricks","url":"https:\/\/www.unibricks.be\/nl\/","logo":{"@type":"ImageObject","inLanguage":"nl-NL","@id":"https:\/\/www.unibricks.be\/nl\/#\/schema\/logo\/image\/","url":"https:\/\/www.unibricks.be\/wp-content\/uploads\/2021\/06\/logo.png","contentUrl":"https:\/\/www.unibricks.be\/wp-content\/uploads\/2021\/06\/logo.png","width":303,"height":48,"caption":"Unibricks"},"image":{"@id":"https:\/\/www.unibricks.be\/nl\/#\/schema\/logo\/image\/"}}]}},"_links":{"self":[{"href":"https:\/\/www.unibricks.be\/nl\/wp-json\/wp\/v2\/pages\/12553","targetHints":{"allow":["GET"]}}],"collection":[{"href":"https:\/\/www.unibricks.be\/nl\/wp-json\/wp\/v2\/pages"}],"about":[{"href":"https:\/\/www.unibricks.be\/nl\/wp-json\/wp\/v2\/types\/page"}],"author":[{"embeddable":true,"href":"https:\/\/www.unibricks.be\/nl\/wp-json\/wp\/v2\/users\/16"}],"replies":[{"embeddable":true,"href":"https:\/\/www.unibricks.be\/nl\/wp-json\/wp\/v2\/comments?post=12553"}],"version-history":[{"count":2,"href":"https:\/\/www.unibricks.be\/nl\/wp-json\/wp\/v2\/pages\/12553\/revisions"}],"predecessor-version":[{"id":12555,"href":"https:\/\/www.unibricks.be\/nl\/wp-json\/wp\/v2\/pages\/12553\/revisions\/12555"}],"wp:attachment":[{"href":"https:\/\/www.unibricks.be\/nl\/wp-json\/wp\/v2\/media?parent=12553"}],"wp:term":[{"taxonomy":"post_tag","embeddable":true,"href":"https:\/\/www.unibricks.be\/nl\/wp-json\/wp\/v2\/tags?post=12553"}],"curies":[{"name":"wp","href":"https:\/\/api.w.org\/{rel}","templated":true}]}}