{"id":12541,"date":"2025-11-21T14:47:48","date_gmt":"2025-11-21T12:47:48","guid":{"rendered":"https:\/\/www.unibricks.be\/?page_id=12541"},"modified":"2026-04-02T12:56:23","modified_gmt":"2026-04-02T10:56:23","slug":"gite-ardennen-te-koop","status":"publish","type":"page","link":"https:\/\/www.unibricks.be\/nl\/gite-ardennen-te-koop\/","title":{"rendered":"G\u00eete in de Ardennen te koop: authentiek vakantiehuis met unieke charme"},"content":{"rendered":"<h2>G\u00eetes te koop in de Ardennen: investeer in charme en rendement<\/h2>\n<p>Een g\u00eete kopen in de Ardennen is een strategische keuze voor wie rendement wil combineren met duurzaam vastgoed \u00e9n persoonlijk gebruik. Dankzij de natuur, het erfgoed en de constante toestroom van toeristen zijn g\u00eetes geliefd als tweede verblijf en als verhuurinvestering.<\/p>\n","protected":false},"excerpt":{"rendered":"<p>G\u00eetes te koop in de Ardennen: investeer in charme en rendement Een g\u00eete kopen in de&#8230;<\/p>\n","protected":false},"author":16,"featured_media":0,"parent":0,"menu_order":0,"comment_status":"closed","ping_status":"closed","template":"","meta":{"_acf_changed":false,"content-type":"","inline_featured_image":false,"footnotes":""},"tags":[157],"class_list":["post-12541","page","type-page","status-publish","hentry","tag-lp-2025"],"acf":[],"yoast_head":"<!-- This site is optimized with the Yoast SEO Premium plugin v24.3 (Yoast SEO v27.0) - https:\/\/yoast.com\/product\/yoast-seo-premium-wordpress\/ -->\n<title>G\u00eete Ardennen te koop | Authentieke vakantiehuizen &amp; investeringen | Unibricks<\/title>\n<meta name=\"description\" content=\"Ontdek g\u00eetes te koop in de Ardennen: charmante vakantiehuizen met sterk verhuurpotentieel. Vind jouw ideale g\u00eete voor eigen gebruik of investering.\" \/>\n<meta name=\"robots\" content=\"index, follow, max-snippet:-1, max-image-preview:large, max-video-preview:-1\" \/>\n<link rel=\"canonical\" href=\"https:\/\/www.unibricks.be\/nl\/gite-ardennen-te-koop\/\" \/>\n<meta property=\"og:locale\" content=\"nl_NL\" \/>\n<meta property=\"og:type\" content=\"article\" \/>\n<meta property=\"og:title\" content=\"G\u00eete in de Ardennen te koop: authentiek vakantiehuis met unieke charme\" \/>\n<meta property=\"og:description\" content=\"Ontdek g\u00eetes te koop in de Ardennen: charmante vakantiehuizen met sterk verhuurpotentieel. Vind jouw ideale g\u00eete voor eigen gebruik of investering.\" \/>\n<meta property=\"og:url\" content=\"https:\/\/www.unibricks.be\/nl\/gite-ardennen-te-koop\/\" \/>\n<meta property=\"og:site_name\" content=\"Unibricks\" \/>\n<meta property=\"article:modified_time\" content=\"2026-04-02T10:56:23+00:00\" \/>\n<meta name=\"twitter:card\" content=\"summary_large_image\" \/>\n<meta name=\"twitter:label1\" content=\"Geschatte leestijd\" \/>\n\t<meta name=\"twitter:data1\" content=\"6 minuten\" \/>\n<script type=\"application\/ld+json\" class=\"yoast-schema-graph\">{\"@context\":\"https:\/\/schema.org\",\"@graph\":[{\"@type\":\"WebPage\",\"@id\":\"https:\/\/www.unibricks.be\/nl\/gite-ardennen-te-koop\/\",\"url\":\"https:\/\/www.unibricks.be\/nl\/gite-ardennen-te-koop\/\",\"name\":\"G\u00eete Ardennen te koop | Authentieke vakantiehuizen & investeringen | Unibricks\",\"isPartOf\":{\"@id\":\"https:\/\/www.unibricks.be\/nl\/#website\"},\"datePublished\":\"2025-11-21T12:47:48+00:00\",\"dateModified\":\"2026-04-02T10:56:23+00:00\",\"description\":\"Ontdek g\u00eetes te koop in de Ardennen: charmante vakantiehuizen met sterk verhuurpotentieel. Vind jouw ideale g\u00eete voor eigen gebruik of investering.\",\"breadcrumb\":{\"@id\":\"https:\/\/www.unibricks.be\/nl\/gite-ardennen-te-koop\/#breadcrumb\"},\"inLanguage\":\"nl-NL\",\"potentialAction\":[{\"@type\":\"ReadAction\",\"target\":[\"https:\/\/www.unibricks.be\/nl\/gite-ardennen-te-koop\/\"]}]},{\"@type\":\"BreadcrumbList\",\"@id\":\"https:\/\/www.unibricks.be\/nl\/gite-ardennen-te-koop\/#breadcrumb\",\"itemListElement\":[{\"@type\":\"ListItem\",\"position\":1,\"name\":\"Home\",\"item\":\"https:\/\/www.unibricks.be\/nl\/\"},{\"@type\":\"ListItem\",\"position\":2,\"name\":\"G\u00eete in de Ardennen te koop: authentiek vakantiehuis met unieke charme\"}]},{\"@type\":\"WebSite\",\"@id\":\"https:\/\/www.unibricks.be\/nl\/#website\",\"url\":\"https:\/\/www.unibricks.be\/nl\/\",\"name\":\"Unibricks\",\"description\":\"\",\"publisher\":{\"@id\":\"https:\/\/www.unibricks.be\/nl\/#organization\"},\"potentialAction\":[{\"@type\":\"SearchAction\",\"target\":{\"@type\":\"EntryPoint\",\"urlTemplate\":\"https:\/\/www.unibricks.be\/nl\/?s={search_term_string}\"},\"query-input\":{\"@type\":\"PropertyValueSpecification\",\"valueRequired\":true,\"valueName\":\"search_term_string\"}}],\"inLanguage\":\"nl-NL\"},{\"@type\":\"Organization\",\"@id\":\"https:\/\/www.unibricks.be\/nl\/#organization\",\"name\":\"Unibricks\",\"url\":\"https:\/\/www.unibricks.be\/nl\/\",\"logo\":{\"@type\":\"ImageObject\",\"inLanguage\":\"nl-NL\",\"@id\":\"https:\/\/www.unibricks.be\/nl\/#\/schema\/logo\/image\/\",\"url\":\"https:\/\/www.unibricks.be\/wp-content\/uploads\/2021\/06\/logo.png\",\"contentUrl\":\"https:\/\/www.unibricks.be\/wp-content\/uploads\/2021\/06\/logo.png\",\"width\":303,\"height\":48,\"caption\":\"Unibricks\"},\"image\":{\"@id\":\"https:\/\/www.unibricks.be\/nl\/#\/schema\/logo\/image\/\"}}]}<\/script>\n<!-- \/ Yoast SEO Premium plugin. -->","yoast_head_json":{"title":"G\u00eete Ardennen te koop | Authentieke vakantiehuizen & investeringen | Unibricks","description":"Ontdek g\u00eetes te koop in de Ardennen: charmante vakantiehuizen met sterk verhuurpotentieel. Vind jouw ideale g\u00eete voor eigen gebruik of investering.","robots":{"index":"index","follow":"follow","max-snippet":"max-snippet:-1","max-image-preview":"max-image-preview:large","max-video-preview":"max-video-preview:-1"},"canonical":"https:\/\/www.unibricks.be\/nl\/gite-ardennen-te-koop\/","og_locale":"nl_NL","og_type":"article","og_title":"G\u00eete in de Ardennen te koop: authentiek vakantiehuis met unieke charme","og_description":"Ontdek g\u00eetes te koop in de Ardennen: charmante vakantiehuizen met sterk verhuurpotentieel. Vind jouw ideale g\u00eete voor eigen gebruik of investering.","og_url":"https:\/\/www.unibricks.be\/nl\/gite-ardennen-te-koop\/","og_site_name":"Unibricks","article_modified_time":"2026-04-02T10:56:23+00:00","twitter_card":"summary_large_image","twitter_misc":{"Geschatte leestijd":"6 minuten"},"schema":{"@context":"https:\/\/schema.org","@graph":[{"@type":"WebPage","@id":"https:\/\/www.unibricks.be\/nl\/gite-ardennen-te-koop\/","url":"https:\/\/www.unibricks.be\/nl\/gite-ardennen-te-koop\/","name":"G\u00eete Ardennen te koop | Authentieke vakantiehuizen & investeringen | Unibricks","isPartOf":{"@id":"https:\/\/www.unibricks.be\/nl\/#website"},"datePublished":"2025-11-21T12:47:48+00:00","dateModified":"2026-04-02T10:56:23+00:00","description":"Ontdek g\u00eetes te koop in de Ardennen: charmante vakantiehuizen met sterk verhuurpotentieel. Vind jouw ideale g\u00eete voor eigen gebruik of investering.","breadcrumb":{"@id":"https:\/\/www.unibricks.be\/nl\/gite-ardennen-te-koop\/#breadcrumb"},"inLanguage":"nl-NL","potentialAction":[{"@type":"ReadAction","target":["https:\/\/www.unibricks.be\/nl\/gite-ardennen-te-koop\/"]}]},{"@type":"BreadcrumbList","@id":"https:\/\/www.unibricks.be\/nl\/gite-ardennen-te-koop\/#breadcrumb","itemListElement":[{"@type":"ListItem","position":1,"name":"Home","item":"https:\/\/www.unibricks.be\/nl\/"},{"@type":"ListItem","position":2,"name":"G\u00eete in de Ardennen te koop: authentiek vakantiehuis met unieke charme"}]},{"@type":"WebSite","@id":"https:\/\/www.unibricks.be\/nl\/#website","url":"https:\/\/www.unibricks.be\/nl\/","name":"Unibricks","description":"","publisher":{"@id":"https:\/\/www.unibricks.be\/nl\/#organization"},"potentialAction":[{"@type":"SearchAction","target":{"@type":"EntryPoint","urlTemplate":"https:\/\/www.unibricks.be\/nl\/?s={search_term_string}"},"query-input":{"@type":"PropertyValueSpecification","valueRequired":true,"valueName":"search_term_string"}}],"inLanguage":"nl-NL"},{"@type":"Organization","@id":"https:\/\/www.unibricks.be\/nl\/#organization","name":"Unibricks","url":"https:\/\/www.unibricks.be\/nl\/","logo":{"@type":"ImageObject","inLanguage":"nl-NL","@id":"https:\/\/www.unibricks.be\/nl\/#\/schema\/logo\/image\/","url":"https:\/\/www.unibricks.be\/wp-content\/uploads\/2021\/06\/logo.png","contentUrl":"https:\/\/www.unibricks.be\/wp-content\/uploads\/2021\/06\/logo.png","width":303,"height":48,"caption":"Unibricks"},"image":{"@id":"https:\/\/www.unibricks.be\/nl\/#\/schema\/logo\/image\/"}}]}},"_links":{"self":[{"href":"https:\/\/www.unibricks.be\/nl\/wp-json\/wp\/v2\/pages\/12541","targetHints":{"allow":["GET"]}}],"collection":[{"href":"https:\/\/www.unibricks.be\/nl\/wp-json\/wp\/v2\/pages"}],"about":[{"href":"https:\/\/www.unibricks.be\/nl\/wp-json\/wp\/v2\/types\/page"}],"author":[{"embeddable":true,"href":"https:\/\/www.unibricks.be\/nl\/wp-json\/wp\/v2\/users\/16"}],"replies":[{"embeddable":true,"href":"https:\/\/www.unibricks.be\/nl\/wp-json\/wp\/v2\/comments?post=12541"}],"version-history":[{"count":10,"href":"https:\/\/www.unibricks.be\/nl\/wp-json\/wp\/v2\/pages\/12541\/revisions"}],"predecessor-version":[{"id":13701,"href":"https:\/\/www.unibricks.be\/nl\/wp-json\/wp\/v2\/pages\/12541\/revisions\/13701"}],"wp:attachment":[{"href":"https:\/\/www.unibricks.be\/nl\/wp-json\/wp\/v2\/media?parent=12541"}],"wp:term":[{"taxonomy":"post_tag","embeddable":true,"href":"https:\/\/www.unibricks.be\/nl\/wp-json\/wp\/v2\/tags?post=12541"}],"curies":[{"name":"wp","href":"https:\/\/api.w.org\/{rel}","templated":true}]}}