{"id":12537,"date":"2025-11-21T14:06:29","date_gmt":"2025-11-21T12:06:29","guid":{"rendered":"https:\/\/www.unibricks.be\/?page_id=12537"},"modified":"2025-12-09T16:38:46","modified_gmt":"2025-12-09T14:38:46","slug":"tweede-verblijf-ardennen-te-koop","status":"publish","type":"page","link":"https:\/\/www.unibricks.be\/nl\/tweede-verblijf-ardennen-te-koop\/","title":{"rendered":"Een tweede verblijf in de Ardennen kopen: natuur, vrijheid en slim investeren"},"content":{"rendered":"<p>Een tweede verblijf in de Ardennen kopen is veel meer dan een vastgoedbeslissing. Het is een keuze voor een leven met meer rust, natuur en kwaliteit. De regio trekt al jaren Belgen, Luxemburgers, Nederlanders en Fransen aan die op zoek zijn naar een weekendverblijf, een flexibel tweede adres of een investering met hoog verhuurrendement.<br \/>\nDroom je van een chalet midden in het bos, een vakantiehuis met wellness, een charmante woning in natuursteen, of een g\u00eete voor eigen gebruik \u00e9n verhuur? De Ardennen bieden voor ieder type koper een sterke combinatie van levenskwaliteit en financi\u00eble meerwaarde.<\/p>\n","protected":false},"excerpt":{"rendered":"<p>Een tweede verblijf in de Ardennen kopen is veel meer dan een vastgoedbeslissing. Het is een&#8230;<\/p>\n","protected":false},"author":16,"featured_media":0,"parent":0,"menu_order":0,"comment_status":"closed","ping_status":"closed","template":"","meta":{"_acf_changed":false,"content-type":"","inline_featured_image":false,"footnotes":""},"tags":[157],"class_list":["post-12537","page","type-page","status-publish","hentry","tag-lp-2025"],"acf":[],"yoast_head":"<!-- This site is optimized with the Yoast SEO Premium plugin v24.3 (Yoast SEO v27.0) - https:\/\/yoast.com\/product\/yoast-seo-premium-wordpress\/ -->\n<title>Vakantiehuis Ardennen te koop | Tweede verblijf &amp; investering | Unibricks<\/title>\n<meta name=\"description\" content=\"Ontdek vakantiehuizen te koop in de Ardennen. Natuur, rust en sterk verhuurpotentieel\u2014ideaal als tweede verblijf of investering. Bekijk het aanbod bij Unibricks.\" \/>\n<meta name=\"robots\" content=\"index, follow, max-snippet:-1, max-image-preview:large, max-video-preview:-1\" \/>\n<link rel=\"canonical\" href=\"https:\/\/www.unibricks.be\/nl\/tweede-verblijf-ardennen-te-koop\/\" \/>\n<meta property=\"og:locale\" content=\"nl_NL\" \/>\n<meta property=\"og:type\" content=\"article\" \/>\n<meta property=\"og:title\" content=\"Een tweede verblijf in de Ardennen kopen: natuur, vrijheid en slim investeren\" \/>\n<meta property=\"og:description\" content=\"Ontdek vakantiehuizen te koop in de Ardennen. Natuur, rust en sterk verhuurpotentieel\u2014ideaal als tweede verblijf of investering. Bekijk het aanbod bij Unibricks.\" \/>\n<meta property=\"og:url\" content=\"https:\/\/www.unibricks.be\/nl\/tweede-verblijf-ardennen-te-koop\/\" \/>\n<meta property=\"og:site_name\" content=\"Unibricks\" \/>\n<meta property=\"article:modified_time\" content=\"2025-12-09T14:38:46+00:00\" \/>\n<meta name=\"twitter:card\" content=\"summary_large_image\" \/>\n<meta name=\"twitter:label1\" content=\"Geschatte leestijd\" \/>\n\t<meta name=\"twitter:data1\" content=\"5 minuten\" \/>\n<script type=\"application\/ld+json\" class=\"yoast-schema-graph\">{\"@context\":\"https:\/\/schema.org\",\"@graph\":[{\"@type\":\"WebPage\",\"@id\":\"https:\/\/www.unibricks.be\/nl\/tweede-verblijf-ardennen-te-koop\/\",\"url\":\"https:\/\/www.unibricks.be\/nl\/tweede-verblijf-ardennen-te-koop\/\",\"name\":\"Vakantiehuis Ardennen te koop | Tweede verblijf & investering | Unibricks\",\"isPartOf\":{\"@id\":\"https:\/\/www.unibricks.be\/nl\/#website\"},\"datePublished\":\"2025-11-21T12:06:29+00:00\",\"dateModified\":\"2025-12-09T14:38:46+00:00\",\"description\":\"Ontdek vakantiehuizen te koop in de Ardennen. Natuur, rust en sterk verhuurpotentieel\u2014ideaal als tweede verblijf of investering. Bekijk het aanbod bij Unibricks.\",\"breadcrumb\":{\"@id\":\"https:\/\/www.unibricks.be\/nl\/tweede-verblijf-ardennen-te-koop\/#breadcrumb\"},\"inLanguage\":\"nl-NL\",\"potentialAction\":[{\"@type\":\"ReadAction\",\"target\":[\"https:\/\/www.unibricks.be\/nl\/tweede-verblijf-ardennen-te-koop\/\"]}]},{\"@type\":\"BreadcrumbList\",\"@id\":\"https:\/\/www.unibricks.be\/nl\/tweede-verblijf-ardennen-te-koop\/#breadcrumb\",\"itemListElement\":[{\"@type\":\"ListItem\",\"position\":1,\"name\":\"Home\",\"item\":\"https:\/\/www.unibricks.be\/nl\/\"},{\"@type\":\"ListItem\",\"position\":2,\"name\":\"Een tweede verblijf in de Ardennen kopen: natuur, vrijheid en slim investeren\"}]},{\"@type\":\"WebSite\",\"@id\":\"https:\/\/www.unibricks.be\/nl\/#website\",\"url\":\"https:\/\/www.unibricks.be\/nl\/\",\"name\":\"Unibricks\",\"description\":\"\",\"publisher\":{\"@id\":\"https:\/\/www.unibricks.be\/nl\/#organization\"},\"potentialAction\":[{\"@type\":\"SearchAction\",\"target\":{\"@type\":\"EntryPoint\",\"urlTemplate\":\"https:\/\/www.unibricks.be\/nl\/?s={search_term_string}\"},\"query-input\":{\"@type\":\"PropertyValueSpecification\",\"valueRequired\":true,\"valueName\":\"search_term_string\"}}],\"inLanguage\":\"nl-NL\"},{\"@type\":\"Organization\",\"@id\":\"https:\/\/www.unibricks.be\/nl\/#organization\",\"name\":\"Unibricks\",\"url\":\"https:\/\/www.unibricks.be\/nl\/\",\"logo\":{\"@type\":\"ImageObject\",\"inLanguage\":\"nl-NL\",\"@id\":\"https:\/\/www.unibricks.be\/nl\/#\/schema\/logo\/image\/\",\"url\":\"https:\/\/www.unibricks.be\/wp-content\/uploads\/2021\/06\/logo.png\",\"contentUrl\":\"https:\/\/www.unibricks.be\/wp-content\/uploads\/2021\/06\/logo.png\",\"width\":303,\"height\":48,\"caption\":\"Unibricks\"},\"image\":{\"@id\":\"https:\/\/www.unibricks.be\/nl\/#\/schema\/logo\/image\/\"}}]}<\/script>\n<!-- \/ Yoast SEO Premium plugin. -->","yoast_head_json":{"title":"Vakantiehuis Ardennen te koop | Tweede verblijf & investering | Unibricks","description":"Ontdek vakantiehuizen te koop in de Ardennen. Natuur, rust en sterk verhuurpotentieel\u2014ideaal als tweede verblijf of investering. Bekijk het aanbod bij Unibricks.","robots":{"index":"index","follow":"follow","max-snippet":"max-snippet:-1","max-image-preview":"max-image-preview:large","max-video-preview":"max-video-preview:-1"},"canonical":"https:\/\/www.unibricks.be\/nl\/tweede-verblijf-ardennen-te-koop\/","og_locale":"nl_NL","og_type":"article","og_title":"Een tweede verblijf in de Ardennen kopen: natuur, vrijheid en slim investeren","og_description":"Ontdek vakantiehuizen te koop in de Ardennen. Natuur, rust en sterk verhuurpotentieel\u2014ideaal als tweede verblijf of investering. Bekijk het aanbod bij Unibricks.","og_url":"https:\/\/www.unibricks.be\/nl\/tweede-verblijf-ardennen-te-koop\/","og_site_name":"Unibricks","article_modified_time":"2025-12-09T14:38:46+00:00","twitter_card":"summary_large_image","twitter_misc":{"Geschatte leestijd":"5 minuten"},"schema":{"@context":"https:\/\/schema.org","@graph":[{"@type":"WebPage","@id":"https:\/\/www.unibricks.be\/nl\/tweede-verblijf-ardennen-te-koop\/","url":"https:\/\/www.unibricks.be\/nl\/tweede-verblijf-ardennen-te-koop\/","name":"Vakantiehuis Ardennen te koop | Tweede verblijf & investering | Unibricks","isPartOf":{"@id":"https:\/\/www.unibricks.be\/nl\/#website"},"datePublished":"2025-11-21T12:06:29+00:00","dateModified":"2025-12-09T14:38:46+00:00","description":"Ontdek vakantiehuizen te koop in de Ardennen. Natuur, rust en sterk verhuurpotentieel\u2014ideaal als tweede verblijf of investering. Bekijk het aanbod bij Unibricks.","breadcrumb":{"@id":"https:\/\/www.unibricks.be\/nl\/tweede-verblijf-ardennen-te-koop\/#breadcrumb"},"inLanguage":"nl-NL","potentialAction":[{"@type":"ReadAction","target":["https:\/\/www.unibricks.be\/nl\/tweede-verblijf-ardennen-te-koop\/"]}]},{"@type":"BreadcrumbList","@id":"https:\/\/www.unibricks.be\/nl\/tweede-verblijf-ardennen-te-koop\/#breadcrumb","itemListElement":[{"@type":"ListItem","position":1,"name":"Home","item":"https:\/\/www.unibricks.be\/nl\/"},{"@type":"ListItem","position":2,"name":"Een tweede verblijf in de Ardennen kopen: natuur, vrijheid en slim investeren"}]},{"@type":"WebSite","@id":"https:\/\/www.unibricks.be\/nl\/#website","url":"https:\/\/www.unibricks.be\/nl\/","name":"Unibricks","description":"","publisher":{"@id":"https:\/\/www.unibricks.be\/nl\/#organization"},"potentialAction":[{"@type":"SearchAction","target":{"@type":"EntryPoint","urlTemplate":"https:\/\/www.unibricks.be\/nl\/?s={search_term_string}"},"query-input":{"@type":"PropertyValueSpecification","valueRequired":true,"valueName":"search_term_string"}}],"inLanguage":"nl-NL"},{"@type":"Organization","@id":"https:\/\/www.unibricks.be\/nl\/#organization","name":"Unibricks","url":"https:\/\/www.unibricks.be\/nl\/","logo":{"@type":"ImageObject","inLanguage":"nl-NL","@id":"https:\/\/www.unibricks.be\/nl\/#\/schema\/logo\/image\/","url":"https:\/\/www.unibricks.be\/wp-content\/uploads\/2021\/06\/logo.png","contentUrl":"https:\/\/www.unibricks.be\/wp-content\/uploads\/2021\/06\/logo.png","width":303,"height":48,"caption":"Unibricks"},"image":{"@id":"https:\/\/www.unibricks.be\/nl\/#\/schema\/logo\/image\/"}}]}},"_links":{"self":[{"href":"https:\/\/www.unibricks.be\/nl\/wp-json\/wp\/v2\/pages\/12537","targetHints":{"allow":["GET"]}}],"collection":[{"href":"https:\/\/www.unibricks.be\/nl\/wp-json\/wp\/v2\/pages"}],"about":[{"href":"https:\/\/www.unibricks.be\/nl\/wp-json\/wp\/v2\/types\/page"}],"author":[{"embeddable":true,"href":"https:\/\/www.unibricks.be\/nl\/wp-json\/wp\/v2\/users\/16"}],"replies":[{"embeddable":true,"href":"https:\/\/www.unibricks.be\/nl\/wp-json\/wp\/v2\/comments?post=12537"}],"version-history":[{"count":4,"href":"https:\/\/www.unibricks.be\/nl\/wp-json\/wp\/v2\/pages\/12537\/revisions"}],"predecessor-version":[{"id":12719,"href":"https:\/\/www.unibricks.be\/nl\/wp-json\/wp\/v2\/pages\/12537\/revisions\/12719"}],"wp:attachment":[{"href":"https:\/\/www.unibricks.be\/nl\/wp-json\/wp\/v2\/media?parent=12537"}],"wp:term":[{"taxonomy":"post_tag","embeddable":true,"href":"https:\/\/www.unibricks.be\/nl\/wp-json\/wp\/v2\/tags?post=12537"}],"curies":[{"name":"wp","href":"https:\/\/api.w.org\/{rel}","templated":true}]}}