{"id":9397,"date":"2024-09-16T12:45:13","date_gmt":"2024-09-16T10:45:13","guid":{"rendered":"https:\/\/www.unibricks.be\/?page_id=9397"},"modified":"2024-09-20T08:48:06","modified_gmt":"2024-09-20T06:48:06","slug":"proteger-heritage-celibataire-2","status":"publish","type":"page","link":"https:\/\/www.unibricks.be\/fr\/proteger-heritage-celibataire-2\/","title":{"rendered":"Comment prot\u00e9ger mon h\u00e9ritage en tant que c\u00e9libataire ?"},"content":{"rendered":"\t\t<div data-elementor-type=\"wp-page\" data-elementor-id=\"9397\" class=\"elementor elementor-9397 elementor-8972\" data-elementor-post-type=\"page\">\n\t\t\t\t\t\t<section class=\"elementor-section elementor-top-section elementor-element elementor-element-ffe0381 elementor-section-boxed elementor-section-height-default elementor-section-height-default\" data-id=\"ffe0381\" data-element_type=\"section\" data-settings=\"{&quot;background_background&quot;:&quot;classic&quot;}\">\n\t\t\t\t\t\t<div class=\"elementor-container elementor-column-gap-default\">\n\t\t\t\t\t<div class=\"elementor-column elementor-col-50 elementor-top-column elementor-element elementor-element-2047485\" data-id=\"2047485\" data-element_type=\"column\">\n\t\t\t<div class=\"elementor-widget-wrap elementor-element-populated\">\n\t\t\t\t\t\t<div class=\"elementor-element elementor-element-ed24fbf elementor-widget elementor-widget-heading\" data-id=\"ed24fbf\" data-element_type=\"widget\" data-widget_type=\"heading.default\">\n\t\t\t\t<div class=\"elementor-widget-container\">\n\t\t\t\t\t<h1 class=\"elementor-heading-title elementor-size-default\">Comment prot\u00e9ger mon h\u00e9ritage en tant que c\u00e9libataire ?<\/h1>\t\t\t\t<\/div>\n\t\t\t\t<\/div>\n\t\t\t\t<div class=\"elementor-element elementor-element-5e6c9c0 elementor-widget elementor-widget-text-editor\" data-id=\"5e6c9c0\" data-element_type=\"widget\" data-widget_type=\"text-editor.default\">\n\t\t\t\t<div class=\"elementor-widget-container\">\n\t\t\t\t\t\t\t\t\t<p><span style=\"font-weight: 400;\"><strong>En tant que c\u00e9libataire<\/strong>, vous souhaitez probablement que votre h\u00e9ritage se passe bien. <strong>Mais comment en \u00eatre s\u00fbr ?<\/strong> Une bonne planification de l&#8217;h\u00e9ritage peut vous aider \u00e0 prot\u00e9ger vos biens et \u00e0 vous assurer qu&#8217;ils reviennent aux bonnes personnes. Chez <strong>Unibricks<\/strong>, nous vous aiderons \u00e0 \u00e9laborer un plan qui r\u00e9pondra parfaitement \u00e0 vos souhaits et \u00e0 vos besoins.<\/span><\/p><p><span style=\"font-weight: 400;\">Demandez une analyse gratuite de votre situation et d\u00e9couvrez comment prot\u00e9ger votre h\u00e9ritage.<\/span><\/p>\t\t\t\t\t\t\t\t<\/div>\n\t\t\t\t<\/div>\n\t\t\t\t<div class=\"elementor-element elementor-element-a8fab91 elementor-widget elementor-widget-text-editor\" data-id=\"a8fab91\" data-element_type=\"widget\" data-widget_type=\"text-editor.default\">\n\t\t\t\t<div class=\"elementor-widget-container\">\n\t\t\t\t\t\t\t\t\t<p><span style=\"color: #ffffff; font-family: Aptos, sans-serif; font-size: 14.6667px; caret-color: #000000; font-weight: var( --e-global-typography-text-font-weight );\"><span style=\"font-weight: 400;\">Cette annonce est purement informative. Aucun droit ne peut \u00eatre tir\u00e9 de cette annonce. Seules les conditions du contrat sign\u00e9 s&#8217;appliquent.<\/span><\/span><\/p>\t\t\t\t\t\t\t\t<\/div>\n\t\t\t\t<\/div>\n\t\t\t\t\t<\/div>\n\t\t<\/div>\n\t\t\t\t<div class=\"elementor-column elementor-col-50 elementor-top-column elementor-element elementor-element-ed12cf4\" data-id=\"ed12cf4\" data-element_type=\"column\" data-settings=\"{&quot;background_background&quot;:&quot;classic&quot;}\">\n\t\t\t<div class=\"elementor-widget-wrap elementor-element-populated\">\n\t\t\t\t\t\t<div class=\"elementor-element elementor-element-558711f elementor-widget elementor-widget-html\" data-id=\"558711f\" data-element_type=\"widget\" data-widget_type=\"html.default\">\n\t\t\t\t<div class=\"elementor-widget-container\">\n\t\t\t\t\t<script charset=\"utf-8\" type=\"text\/javascript\" src=\"\/\/js.hsforms.net\/forms\/embed\/v2.js\"><\/script>\n<script>\n  hbspt.forms.create({\n    region: \"na1\",\n    portalId: \"2640791\",\n    formId: \"6f8cb3ef-28b7-4f2b-8374-d143676e9e88\"\n  });\n<\/script>\n\t\t\t\t<\/div>\n\t\t\t\t<\/div>\n\t\t\t\t\t<\/div>\n\t\t<\/div>\n\t\t\t\t\t<\/div>\n\t\t<\/section>\n\t\t\t\t<\/div>\n\t\t","protected":false},"excerpt":{"rendered":"<p>Comment prot\u00e9ger mon h\u00e9ritage en tant que c\u00e9libataire ? En tant que c\u00e9libataire, vous souhaitez probablement&#8230;<\/p>\n","protected":false},"author":13,"featured_media":9476,"parent":0,"menu_order":0,"comment_status":"closed","ping_status":"closed","template":"elementor_header_footer","meta":{"_acf_changed":false,"content-type":"","inline_featured_image":false,"footnotes":""},"tags":[],"class_list":["post-9397","page","type-page","status-publish","has-post-thumbnail","hentry"],"acf":[],"yoast_head":"<!-- This site is optimized with the Yoast SEO Premium plugin v24.3 (Yoast SEO v27.0) - https:\/\/yoast.com\/product\/yoast-seo-premium-wordpress\/ -->\n<title>Comment prot\u00e9ger mon h\u00e9ritage en tant que c\u00e9libataire ? - Unibricks<\/title>\n<meta name=\"description\" content=\"Assurez-vous que votre h\u00e9ritage est bien prot\u00e9g\u00e9 en tant que c\u00e9libataire. Unibricks vous aide.\" \/>\n<meta name=\"robots\" content=\"index, follow, max-snippet:-1, max-image-preview:large, max-video-preview:-1\" \/>\n<link rel=\"canonical\" href=\"https:\/\/www.unibricks.be\/fr\/proteger-heritage-celibataire-2\/\" \/>\n<meta property=\"og:locale\" content=\"fr_FR\" \/>\n<meta property=\"og:type\" content=\"article\" \/>\n<meta property=\"og:title\" content=\"Comment prot\u00e9ger mon h\u00e9ritage en tant que c\u00e9libataire ?\" \/>\n<meta property=\"og:description\" content=\"Assurez-vous que votre h\u00e9ritage est bien prot\u00e9g\u00e9 en tant que c\u00e9libataire. Unibricks vous aide.\" \/>\n<meta property=\"og:url\" content=\"https:\/\/www.unibricks.be\/fr\/proteger-heritage-celibataire-2\/\" \/>\n<meta property=\"og:site_name\" content=\"Unibricks\" \/>\n<meta property=\"article:modified_time\" content=\"2024-09-20T06:48:06+00:00\" \/>\n<meta property=\"og:image\" content=\"https:\/\/www.unibricks.be\/wp-content\/uploads\/2024\/09\/pexels-olly-3831559.jpg\" \/>\n\t<meta property=\"og:image:width\" content=\"640\" \/>\n\t<meta property=\"og:image:height\" content=\"425\" \/>\n\t<meta property=\"og:image:type\" content=\"image\/jpeg\" \/>\n<meta name=\"twitter:card\" content=\"summary_large_image\" \/>\n<meta name=\"twitter:label1\" content=\"Dur\u00e9e de lecture estim\u00e9e\" \/>\n\t<meta name=\"twitter:data1\" content=\"1 minute\" \/>\n<script type=\"application\/ld+json\" class=\"yoast-schema-graph\">{\"@context\":\"https:\/\/schema.org\",\"@graph\":[{\"@type\":\"WebPage\",\"@id\":\"https:\/\/www.unibricks.be\/fr\/proteger-heritage-celibataire-2\/\",\"url\":\"https:\/\/www.unibricks.be\/fr\/proteger-heritage-celibataire-2\/\",\"name\":\"Comment prot\u00e9ger mon h\u00e9ritage en tant que c\u00e9libataire ? - Unibricks\",\"isPartOf\":{\"@id\":\"https:\/\/www.unibricks.be\/fr\/#website\"},\"primaryImageOfPage\":{\"@id\":\"https:\/\/www.unibricks.be\/fr\/proteger-heritage-celibataire-2\/#primaryimage\"},\"image\":{\"@id\":\"https:\/\/www.unibricks.be\/fr\/proteger-heritage-celibataire-2\/#primaryimage\"},\"thumbnailUrl\":\"https:\/\/www.unibricks.be\/wp-content\/uploads\/2024\/09\/pexels-olly-3831559-e1732098604482.jpg\",\"datePublished\":\"2024-09-16T10:45:13+00:00\",\"dateModified\":\"2024-09-20T06:48:06+00:00\",\"description\":\"Assurez-vous que votre h\u00e9ritage est bien prot\u00e9g\u00e9 en tant que c\u00e9libataire. Unibricks vous aide.\",\"breadcrumb\":{\"@id\":\"https:\/\/www.unibricks.be\/fr\/proteger-heritage-celibataire-2\/#breadcrumb\"},\"inLanguage\":\"fr-FR\",\"potentialAction\":[{\"@type\":\"ReadAction\",\"target\":[\"https:\/\/www.unibricks.be\/fr\/proteger-heritage-celibataire-2\/\"]}]},{\"@type\":\"ImageObject\",\"inLanguage\":\"fr-FR\",\"@id\":\"https:\/\/www.unibricks.be\/fr\/proteger-heritage-celibataire-2\/#primaryimage\",\"url\":\"https:\/\/www.unibricks.be\/wp-content\/uploads\/2024\/09\/pexels-olly-3831559-e1732098604482.jpg\",\"contentUrl\":\"https:\/\/www.unibricks.be\/wp-content\/uploads\/2024\/09\/pexels-olly-3831559-e1732098604482.jpg\",\"width\":327,\"height\":401},{\"@type\":\"BreadcrumbList\",\"@id\":\"https:\/\/www.unibricks.be\/fr\/proteger-heritage-celibataire-2\/#breadcrumb\",\"itemListElement\":[{\"@type\":\"ListItem\",\"position\":1,\"name\":\"Home\",\"item\":\"https:\/\/www.unibricks.be\/fr\/\"},{\"@type\":\"ListItem\",\"position\":2,\"name\":\"Comment prot\u00e9ger mon h\u00e9ritage en tant que c\u00e9libataire ?\"}]},{\"@type\":\"WebSite\",\"@id\":\"https:\/\/www.unibricks.be\/fr\/#website\",\"url\":\"https:\/\/www.unibricks.be\/fr\/\",\"name\":\"Unibricks\",\"description\":\"\",\"publisher\":{\"@id\":\"https:\/\/www.unibricks.be\/fr\/#organization\"},\"potentialAction\":[{\"@type\":\"SearchAction\",\"target\":{\"@type\":\"EntryPoint\",\"urlTemplate\":\"https:\/\/www.unibricks.be\/fr\/?s={search_term_string}\"},\"query-input\":{\"@type\":\"PropertyValueSpecification\",\"valueRequired\":true,\"valueName\":\"search_term_string\"}}],\"inLanguage\":\"fr-FR\"},{\"@type\":\"Organization\",\"@id\":\"https:\/\/www.unibricks.be\/fr\/#organization\",\"name\":\"Unibricks\",\"url\":\"https:\/\/www.unibricks.be\/fr\/\",\"logo\":{\"@type\":\"ImageObject\",\"inLanguage\":\"fr-FR\",\"@id\":\"https:\/\/www.unibricks.be\/fr\/#\/schema\/logo\/image\/\",\"url\":\"https:\/\/www.unibricks.be\/wp-content\/uploads\/2021\/06\/logo.png\",\"contentUrl\":\"https:\/\/www.unibricks.be\/wp-content\/uploads\/2021\/06\/logo.png\",\"width\":303,\"height\":48,\"caption\":\"Unibricks\"},\"image\":{\"@id\":\"https:\/\/www.unibricks.be\/fr\/#\/schema\/logo\/image\/\"}}]}<\/script>\n<!-- \/ Yoast SEO Premium plugin. -->","yoast_head_json":{"title":"Comment prot\u00e9ger mon h\u00e9ritage en tant que c\u00e9libataire ? - Unibricks","description":"Assurez-vous que votre h\u00e9ritage est bien prot\u00e9g\u00e9 en tant que c\u00e9libataire. Unibricks vous aide.","robots":{"index":"index","follow":"follow","max-snippet":"max-snippet:-1","max-image-preview":"max-image-preview:large","max-video-preview":"max-video-preview:-1"},"canonical":"https:\/\/www.unibricks.be\/fr\/proteger-heritage-celibataire-2\/","og_locale":"fr_FR","og_type":"article","og_title":"Comment prot\u00e9ger mon h\u00e9ritage en tant que c\u00e9libataire ?","og_description":"Assurez-vous que votre h\u00e9ritage est bien prot\u00e9g\u00e9 en tant que c\u00e9libataire. Unibricks vous aide.","og_url":"https:\/\/www.unibricks.be\/fr\/proteger-heritage-celibataire-2\/","og_site_name":"Unibricks","article_modified_time":"2024-09-20T06:48:06+00:00","og_image":[{"width":640,"height":425,"url":"https:\/\/www.unibricks.be\/wp-content\/uploads\/2024\/09\/pexels-olly-3831559.jpg","type":"image\/jpeg"}],"twitter_card":"summary_large_image","twitter_misc":{"Dur\u00e9e de lecture estim\u00e9e":"1 minute"},"schema":{"@context":"https:\/\/schema.org","@graph":[{"@type":"WebPage","@id":"https:\/\/www.unibricks.be\/fr\/proteger-heritage-celibataire-2\/","url":"https:\/\/www.unibricks.be\/fr\/proteger-heritage-celibataire-2\/","name":"Comment prot\u00e9ger mon h\u00e9ritage en tant que c\u00e9libataire ? - Unibricks","isPartOf":{"@id":"https:\/\/www.unibricks.be\/fr\/#website"},"primaryImageOfPage":{"@id":"https:\/\/www.unibricks.be\/fr\/proteger-heritage-celibataire-2\/#primaryimage"},"image":{"@id":"https:\/\/www.unibricks.be\/fr\/proteger-heritage-celibataire-2\/#primaryimage"},"thumbnailUrl":"https:\/\/www.unibricks.be\/wp-content\/uploads\/2024\/09\/pexels-olly-3831559-e1732098604482.jpg","datePublished":"2024-09-16T10:45:13+00:00","dateModified":"2024-09-20T06:48:06+00:00","description":"Assurez-vous que votre h\u00e9ritage est bien prot\u00e9g\u00e9 en tant que c\u00e9libataire. Unibricks vous aide.","breadcrumb":{"@id":"https:\/\/www.unibricks.be\/fr\/proteger-heritage-celibataire-2\/#breadcrumb"},"inLanguage":"fr-FR","potentialAction":[{"@type":"ReadAction","target":["https:\/\/www.unibricks.be\/fr\/proteger-heritage-celibataire-2\/"]}]},{"@type":"ImageObject","inLanguage":"fr-FR","@id":"https:\/\/www.unibricks.be\/fr\/proteger-heritage-celibataire-2\/#primaryimage","url":"https:\/\/www.unibricks.be\/wp-content\/uploads\/2024\/09\/pexels-olly-3831559-e1732098604482.jpg","contentUrl":"https:\/\/www.unibricks.be\/wp-content\/uploads\/2024\/09\/pexels-olly-3831559-e1732098604482.jpg","width":327,"height":401},{"@type":"BreadcrumbList","@id":"https:\/\/www.unibricks.be\/fr\/proteger-heritage-celibataire-2\/#breadcrumb","itemListElement":[{"@type":"ListItem","position":1,"name":"Home","item":"https:\/\/www.unibricks.be\/fr\/"},{"@type":"ListItem","position":2,"name":"Comment prot\u00e9ger mon h\u00e9ritage en tant que c\u00e9libataire ?"}]},{"@type":"WebSite","@id":"https:\/\/www.unibricks.be\/fr\/#website","url":"https:\/\/www.unibricks.be\/fr\/","name":"Unibricks","description":"","publisher":{"@id":"https:\/\/www.unibricks.be\/fr\/#organization"},"potentialAction":[{"@type":"SearchAction","target":{"@type":"EntryPoint","urlTemplate":"https:\/\/www.unibricks.be\/fr\/?s={search_term_string}"},"query-input":{"@type":"PropertyValueSpecification","valueRequired":true,"valueName":"search_term_string"}}],"inLanguage":"fr-FR"},{"@type":"Organization","@id":"https:\/\/www.unibricks.be\/fr\/#organization","name":"Unibricks","url":"https:\/\/www.unibricks.be\/fr\/","logo":{"@type":"ImageObject","inLanguage":"fr-FR","@id":"https:\/\/www.unibricks.be\/fr\/#\/schema\/logo\/image\/","url":"https:\/\/www.unibricks.be\/wp-content\/uploads\/2021\/06\/logo.png","contentUrl":"https:\/\/www.unibricks.be\/wp-content\/uploads\/2021\/06\/logo.png","width":303,"height":48,"caption":"Unibricks"},"image":{"@id":"https:\/\/www.unibricks.be\/fr\/#\/schema\/logo\/image\/"}}]}},"_links":{"self":[{"href":"https:\/\/www.unibricks.be\/fr\/wp-json\/wp\/v2\/pages\/9397","targetHints":{"allow":["GET"]}}],"collection":[{"href":"https:\/\/www.unibricks.be\/fr\/wp-json\/wp\/v2\/pages"}],"about":[{"href":"https:\/\/www.unibricks.be\/fr\/wp-json\/wp\/v2\/types\/page"}],"author":[{"embeddable":true,"href":"https:\/\/www.unibricks.be\/fr\/wp-json\/wp\/v2\/users\/13"}],"replies":[{"embeddable":true,"href":"https:\/\/www.unibricks.be\/fr\/wp-json\/wp\/v2\/comments?post=9397"}],"version-history":[{"count":9,"href":"https:\/\/www.unibricks.be\/fr\/wp-json\/wp\/v2\/pages\/9397\/revisions"}],"predecessor-version":[{"id":9426,"href":"https:\/\/www.unibricks.be\/fr\/wp-json\/wp\/v2\/pages\/9397\/revisions\/9426"}],"wp:featuredmedia":[{"embeddable":true,"href":"https:\/\/www.unibricks.be\/fr\/wp-json\/wp\/v2\/media\/9476"}],"wp:attachment":[{"href":"https:\/\/www.unibricks.be\/fr\/wp-json\/wp\/v2\/media?parent=9397"}],"wp:term":[{"taxonomy":"post_tag","embeddable":true,"href":"https:\/\/www.unibricks.be\/fr\/wp-json\/wp\/v2\/tags?post=9397"}],"curies":[{"name":"wp","href":"https:\/\/api.w.org\/{rel}","templated":true}]}}