{"id":9328,"date":"2024-09-16T11:16:36","date_gmt":"2024-09-16T09:16:36","guid":{"rendered":"https:\/\/www.unibricks.be\/?page_id=9328"},"modified":"2024-09-20T08:46:14","modified_gmt":"2024-09-20T06:46:14","slug":"importance-planification-succession-cohabitation","status":"publish","type":"page","link":"https:\/\/www.unibricks.be\/fr\/importance-planification-succession-cohabitation\/","title":{"rendered":"Qu&#8217;est-ce que la planification de la succession et pourquoi est-elle essentielle ?"},"content":{"rendered":"\t\t<div data-elementor-type=\"wp-page\" data-elementor-id=\"9328\" class=\"elementor elementor-9328 elementor-8979\" data-elementor-post-type=\"page\">\n\t\t\t\t\t\t<section class=\"elementor-section elementor-top-section elementor-element elementor-element-ffe0381 elementor-section-boxed elementor-section-height-default elementor-section-height-default\" data-id=\"ffe0381\" data-element_type=\"section\" data-settings=\"{&quot;background_background&quot;:&quot;classic&quot;}\">\n\t\t\t\t\t\t<div class=\"elementor-container elementor-column-gap-default\">\n\t\t\t\t\t<div class=\"elementor-column elementor-col-50 elementor-top-column elementor-element elementor-element-2047485\" data-id=\"2047485\" data-element_type=\"column\">\n\t\t\t<div class=\"elementor-widget-wrap elementor-element-populated\">\n\t\t\t\t\t\t<div class=\"elementor-element elementor-element-ed24fbf elementor-widget elementor-widget-heading\" data-id=\"ed24fbf\" data-element_type=\"widget\" data-widget_type=\"heading.default\">\n\t\t\t\t<div class=\"elementor-widget-container\">\n\t\t\t\t\t<h1 class=\"elementor-heading-title elementor-size-default\">Qu'est-ce que la planification de la succession et pourquoi est-elle essentielle ?\n<\/h1>\t\t\t\t<\/div>\n\t\t\t\t<\/div>\n\t\t\t\t<div class=\"elementor-element elementor-element-5e6c9c0 elementor-widget elementor-widget-text-editor\" data-id=\"5e6c9c0\" data-element_type=\"widget\" data-widget_type=\"text-editor.default\">\n\t\t\t\t<div class=\"elementor-widget-container\">\n\t\t\t\t\t\t\t\t\t<p><span style=\"font-weight: 400;\">Si vous <strong>vivez ensemble de facto ou l\u00e9galement<\/strong>, la planification de l&#8217;h\u00e9ritage peut \u00eatre plus compliqu\u00e9e que vous ne le pensez. Saviez-vous que les droits de votre partenaire \u00e0 votre d\u00e9c\u00e8s peuvent varier consid\u00e9rablement en fonction de votre forme de cohabitation ? En l&#8217;absence d&#8217;une planification bien pens\u00e9e, votre partenaire peut ne pas \u00eatre enti\u00e8rement prot\u00e9g\u00e9. Chez <strong>Unibricks<\/strong>, nous vous aidons \u00e0 prendre les bonnes mesures pour que vos biens soient distribu\u00e9s de mani\u00e8re \u00e9quitable et correcte.<\/span><\/p><p><span style=\"font-weight: 400;\"><strong>Faites analyser gratuitement votre situation<\/strong> par un expert en planification de la succession et <strong>assurez-vous que votre partenaire est correctement prot\u00e9g\u00e9. <\/strong><\/span><\/p>\t\t\t\t\t\t\t\t<\/div>\n\t\t\t\t<\/div>\n\t\t\t\t<div class=\"elementor-element elementor-element-a8fab91 elementor-widget elementor-widget-text-editor\" data-id=\"a8fab91\" data-element_type=\"widget\" data-widget_type=\"text-editor.default\">\n\t\t\t\t<div class=\"elementor-widget-container\">\n\t\t\t\t\t\t\t\t\t<p><span style=\"color: #ffffff; font-family: Aptos, sans-serif; font-size: 14.6667px; caret-color: #000000; font-weight: var( --e-global-typography-text-font-weight );\">C<span style=\"font-weight: 400;\">ette annonce est purement informative. Aucun droit ne peut \u00eatre tir\u00e9 de cette annonce. Seules les conditions du contrat sign\u00e9 s&#8217;appliquent.<\/span><\/span><\/p>\t\t\t\t\t\t\t\t<\/div>\n\t\t\t\t<\/div>\n\t\t\t\t\t<\/div>\n\t\t<\/div>\n\t\t\t\t<div class=\"elementor-column elementor-col-50 elementor-top-column elementor-element elementor-element-ed12cf4\" data-id=\"ed12cf4\" data-element_type=\"column\" data-settings=\"{&quot;background_background&quot;:&quot;classic&quot;}\">\n\t\t\t<div class=\"elementor-widget-wrap elementor-element-populated\">\n\t\t\t\t\t\t<div class=\"elementor-element elementor-element-558711f elementor-widget elementor-widget-html\" data-id=\"558711f\" data-element_type=\"widget\" data-widget_type=\"html.default\">\n\t\t\t\t<div class=\"elementor-widget-container\">\n\t\t\t\t\t<script charset=\"utf-8\" type=\"text\/javascript\" src=\"\/\/js.hsforms.net\/forms\/embed\/v2.js\"><\/script>\n<script>\n  hbspt.forms.create({\n    region: \"na1\",\n    portalId: \"2640791\",\n    formId: \"6f8cb3ef-28b7-4f2b-8374-d143676e9e88\"\n  });\n<\/script>\n\t\t\t\t<\/div>\n\t\t\t\t<\/div>\n\t\t\t\t\t<\/div>\n\t\t<\/div>\n\t\t\t\t\t<\/div>\n\t\t<\/section>\n\t\t\t\t<\/div>\n\t\t","protected":false},"excerpt":{"rendered":"<p>Qu&#8217;est-ce que la planification de la succession et pourquoi est-elle essentielle ? Si vous vivez ensemble&#8230;<\/p>\n","protected":false},"author":13,"featured_media":9473,"parent":0,"menu_order":0,"comment_status":"closed","ping_status":"closed","template":"elementor_header_footer","meta":{"_acf_changed":false,"content-type":"","inline_featured_image":false,"footnotes":""},"tags":[],"class_list":["post-9328","page","type-page","status-publish","has-post-thumbnail","hentry"],"acf":[],"yoast_head":"<!-- This site is optimized with the Yoast SEO Premium plugin v24.3 (Yoast SEO v27.0) - https:\/\/yoast.com\/product\/yoast-seo-premium-wordpress\/ -->\n<title>Pourquoi la Planification de la Succession est Essentielle -Unibricks<\/title>\n<meta name=\"description\" content=\"La planification de la succession est cruciale, surtout pour les couples en union de fait ou l\u00e9gale.\" \/>\n<meta name=\"robots\" content=\"noindex, nofollow\" \/>\n<meta property=\"og:locale\" content=\"fr_FR\" \/>\n<meta property=\"og:type\" content=\"article\" \/>\n<meta property=\"og:title\" content=\"Qu&#039;est-ce que la planification de la succession et pourquoi est-elle essentielle ?\" \/>\n<meta property=\"og:description\" content=\"La planification de la succession est cruciale, surtout pour les couples en union de fait ou l\u00e9gale.\" \/>\n<meta property=\"og:url\" content=\"https:\/\/www.unibricks.be\/fr\/importance-planification-succession-cohabitation\/\" \/>\n<meta property=\"og:site_name\" content=\"Unibricks\" \/>\n<meta property=\"article:modified_time\" content=\"2024-09-20T06:46:14+00:00\" \/>\n<meta property=\"og:image\" content=\"https:\/\/www.unibricks.be\/wp-content\/uploads\/2024\/09\/pexels-pixabay-34761.jpg\" \/>\n\t<meta property=\"og:image:width\" content=\"640\" \/>\n\t<meta property=\"og:image:height\" content=\"424\" \/>\n\t<meta property=\"og:image:type\" content=\"image\/jpeg\" \/>\n<meta name=\"twitter:card\" content=\"summary_large_image\" \/>\n<meta name=\"twitter:label1\" content=\"Dur\u00e9e de lecture estim\u00e9e\" \/>\n\t<meta name=\"twitter:data1\" content=\"1 minute\" \/>\n<script type=\"application\/ld+json\" class=\"yoast-schema-graph\">{\"@context\":\"https:\/\/schema.org\",\"@graph\":[{\"@type\":\"WebPage\",\"@id\":\"https:\/\/www.unibricks.be\/fr\/importance-planification-succession-cohabitation\/\",\"url\":\"https:\/\/www.unibricks.be\/fr\/importance-planification-succession-cohabitation\/\",\"name\":\"Pourquoi la Planification de la Succession est Essentielle -Unibricks\",\"isPartOf\":{\"@id\":\"https:\/\/www.unibricks.be\/fr\/#website\"},\"primaryImageOfPage\":{\"@id\":\"https:\/\/www.unibricks.be\/fr\/importance-planification-succession-cohabitation\/#primaryimage\"},\"image\":{\"@id\":\"https:\/\/www.unibricks.be\/fr\/importance-planification-succession-cohabitation\/#primaryimage\"},\"thumbnailUrl\":\"https:\/\/www.unibricks.be\/wp-content\/uploads\/2024\/09\/pexels-pixabay-34761.jpg\",\"datePublished\":\"2024-09-16T09:16:36+00:00\",\"dateModified\":\"2024-09-20T06:46:14+00:00\",\"description\":\"La planification de la succession est cruciale, surtout pour les couples en union de fait ou l\u00e9gale.\",\"breadcrumb\":{\"@id\":\"https:\/\/www.unibricks.be\/fr\/importance-planification-succession-cohabitation\/#breadcrumb\"},\"inLanguage\":\"fr-FR\",\"potentialAction\":[{\"@type\":\"ReadAction\",\"target\":[\"https:\/\/www.unibricks.be\/fr\/importance-planification-succession-cohabitation\/\"]}]},{\"@type\":\"ImageObject\",\"inLanguage\":\"fr-FR\",\"@id\":\"https:\/\/www.unibricks.be\/fr\/importance-planification-succession-cohabitation\/#primaryimage\",\"url\":\"https:\/\/www.unibricks.be\/wp-content\/uploads\/2024\/09\/pexels-pixabay-34761.jpg\",\"contentUrl\":\"https:\/\/www.unibricks.be\/wp-content\/uploads\/2024\/09\/pexels-pixabay-34761.jpg\",\"width\":640,\"height\":424},{\"@type\":\"BreadcrumbList\",\"@id\":\"https:\/\/www.unibricks.be\/fr\/importance-planification-succession-cohabitation\/#breadcrumb\",\"itemListElement\":[{\"@type\":\"ListItem\",\"position\":1,\"name\":\"Home\",\"item\":\"https:\/\/www.unibricks.be\/fr\/\"},{\"@type\":\"ListItem\",\"position\":2,\"name\":\"Qu&#8217;est-ce que la planification de la succession et pourquoi est-elle essentielle ?\"}]},{\"@type\":\"WebSite\",\"@id\":\"https:\/\/www.unibricks.be\/fr\/#website\",\"url\":\"https:\/\/www.unibricks.be\/fr\/\",\"name\":\"Unibricks\",\"description\":\"\",\"publisher\":{\"@id\":\"https:\/\/www.unibricks.be\/fr\/#organization\"},\"potentialAction\":[{\"@type\":\"SearchAction\",\"target\":{\"@type\":\"EntryPoint\",\"urlTemplate\":\"https:\/\/www.unibricks.be\/fr\/?s={search_term_string}\"},\"query-input\":{\"@type\":\"PropertyValueSpecification\",\"valueRequired\":true,\"valueName\":\"search_term_string\"}}],\"inLanguage\":\"fr-FR\"},{\"@type\":\"Organization\",\"@id\":\"https:\/\/www.unibricks.be\/fr\/#organization\",\"name\":\"Unibricks\",\"url\":\"https:\/\/www.unibricks.be\/fr\/\",\"logo\":{\"@type\":\"ImageObject\",\"inLanguage\":\"fr-FR\",\"@id\":\"https:\/\/www.unibricks.be\/fr\/#\/schema\/logo\/image\/\",\"url\":\"https:\/\/www.unibricks.be\/wp-content\/uploads\/2021\/06\/logo.png\",\"contentUrl\":\"https:\/\/www.unibricks.be\/wp-content\/uploads\/2021\/06\/logo.png\",\"width\":303,\"height\":48,\"caption\":\"Unibricks\"},\"image\":{\"@id\":\"https:\/\/www.unibricks.be\/fr\/#\/schema\/logo\/image\/\"}}]}<\/script>\n<!-- \/ Yoast SEO Premium plugin. -->","yoast_head_json":{"title":"Pourquoi la Planification de la Succession est Essentielle -Unibricks","description":"La planification de la succession est cruciale, surtout pour les couples en union de fait ou l\u00e9gale.","robots":{"index":"noindex","follow":"nofollow"},"og_locale":"fr_FR","og_type":"article","og_title":"Qu'est-ce que la planification de la succession et pourquoi est-elle essentielle ?","og_description":"La planification de la succession est cruciale, surtout pour les couples en union de fait ou l\u00e9gale.","og_url":"https:\/\/www.unibricks.be\/fr\/importance-planification-succession-cohabitation\/","og_site_name":"Unibricks","article_modified_time":"2024-09-20T06:46:14+00:00","og_image":[{"width":640,"height":424,"url":"https:\/\/www.unibricks.be\/wp-content\/uploads\/2024\/09\/pexels-pixabay-34761.jpg","type":"image\/jpeg"}],"twitter_card":"summary_large_image","twitter_misc":{"Dur\u00e9e de lecture estim\u00e9e":"1 minute"},"schema":{"@context":"https:\/\/schema.org","@graph":[{"@type":"WebPage","@id":"https:\/\/www.unibricks.be\/fr\/importance-planification-succession-cohabitation\/","url":"https:\/\/www.unibricks.be\/fr\/importance-planification-succession-cohabitation\/","name":"Pourquoi la Planification de la Succession est Essentielle -Unibricks","isPartOf":{"@id":"https:\/\/www.unibricks.be\/fr\/#website"},"primaryImageOfPage":{"@id":"https:\/\/www.unibricks.be\/fr\/importance-planification-succession-cohabitation\/#primaryimage"},"image":{"@id":"https:\/\/www.unibricks.be\/fr\/importance-planification-succession-cohabitation\/#primaryimage"},"thumbnailUrl":"https:\/\/www.unibricks.be\/wp-content\/uploads\/2024\/09\/pexels-pixabay-34761.jpg","datePublished":"2024-09-16T09:16:36+00:00","dateModified":"2024-09-20T06:46:14+00:00","description":"La planification de la succession est cruciale, surtout pour les couples en union de fait ou l\u00e9gale.","breadcrumb":{"@id":"https:\/\/www.unibricks.be\/fr\/importance-planification-succession-cohabitation\/#breadcrumb"},"inLanguage":"fr-FR","potentialAction":[{"@type":"ReadAction","target":["https:\/\/www.unibricks.be\/fr\/importance-planification-succession-cohabitation\/"]}]},{"@type":"ImageObject","inLanguage":"fr-FR","@id":"https:\/\/www.unibricks.be\/fr\/importance-planification-succession-cohabitation\/#primaryimage","url":"https:\/\/www.unibricks.be\/wp-content\/uploads\/2024\/09\/pexels-pixabay-34761.jpg","contentUrl":"https:\/\/www.unibricks.be\/wp-content\/uploads\/2024\/09\/pexels-pixabay-34761.jpg","width":640,"height":424},{"@type":"BreadcrumbList","@id":"https:\/\/www.unibricks.be\/fr\/importance-planification-succession-cohabitation\/#breadcrumb","itemListElement":[{"@type":"ListItem","position":1,"name":"Home","item":"https:\/\/www.unibricks.be\/fr\/"},{"@type":"ListItem","position":2,"name":"Qu&#8217;est-ce que la planification de la succession et pourquoi est-elle essentielle ?"}]},{"@type":"WebSite","@id":"https:\/\/www.unibricks.be\/fr\/#website","url":"https:\/\/www.unibricks.be\/fr\/","name":"Unibricks","description":"","publisher":{"@id":"https:\/\/www.unibricks.be\/fr\/#organization"},"potentialAction":[{"@type":"SearchAction","target":{"@type":"EntryPoint","urlTemplate":"https:\/\/www.unibricks.be\/fr\/?s={search_term_string}"},"query-input":{"@type":"PropertyValueSpecification","valueRequired":true,"valueName":"search_term_string"}}],"inLanguage":"fr-FR"},{"@type":"Organization","@id":"https:\/\/www.unibricks.be\/fr\/#organization","name":"Unibricks","url":"https:\/\/www.unibricks.be\/fr\/","logo":{"@type":"ImageObject","inLanguage":"fr-FR","@id":"https:\/\/www.unibricks.be\/fr\/#\/schema\/logo\/image\/","url":"https:\/\/www.unibricks.be\/wp-content\/uploads\/2021\/06\/logo.png","contentUrl":"https:\/\/www.unibricks.be\/wp-content\/uploads\/2021\/06\/logo.png","width":303,"height":48,"caption":"Unibricks"},"image":{"@id":"https:\/\/www.unibricks.be\/fr\/#\/schema\/logo\/image\/"}}]}},"_links":{"self":[{"href":"https:\/\/www.unibricks.be\/fr\/wp-json\/wp\/v2\/pages\/9328","targetHints":{"allow":["GET"]}}],"collection":[{"href":"https:\/\/www.unibricks.be\/fr\/wp-json\/wp\/v2\/pages"}],"about":[{"href":"https:\/\/www.unibricks.be\/fr\/wp-json\/wp\/v2\/types\/page"}],"author":[{"embeddable":true,"href":"https:\/\/www.unibricks.be\/fr\/wp-json\/wp\/v2\/users\/13"}],"replies":[{"embeddable":true,"href":"https:\/\/www.unibricks.be\/fr\/wp-json\/wp\/v2\/comments?post=9328"}],"version-history":[{"count":9,"href":"https:\/\/www.unibricks.be\/fr\/wp-json\/wp\/v2\/pages\/9328\/revisions"}],"predecessor-version":[{"id":9450,"href":"https:\/\/www.unibricks.be\/fr\/wp-json\/wp\/v2\/pages\/9328\/revisions\/9450"}],"wp:featuredmedia":[{"embeddable":true,"href":"https:\/\/www.unibricks.be\/fr\/wp-json\/wp\/v2\/media\/9473"}],"wp:attachment":[{"href":"https:\/\/www.unibricks.be\/fr\/wp-json\/wp\/v2\/media?parent=9328"}],"wp:term":[{"taxonomy":"post_tag","embeddable":true,"href":"https:\/\/www.unibricks.be\/fr\/wp-json\/wp\/v2\/tags?post=9328"}],"curies":[{"name":"wp","href":"https:\/\/api.w.org\/{rel}","templated":true}]}}