{"id":9152,"date":"2024-08-30T14:28:48","date_gmt":"2024-08-30T12:28:48","guid":{"rendered":"https:\/\/www.unibricks.be\/?page_id=9152"},"modified":"2024-09-17T13:14:57","modified_gmt":"2024-09-17T11:14:57","slug":"limmobilier-est-il-une-bonne-alternative-au-bon-detat","status":"publish","type":"page","link":"https:\/\/www.unibricks.be\/fr\/limmobilier-est-il-une-bonne-alternative-au-bon-detat\/","title":{"rendered":"L&#8217;immobilier est-il une bonne alternative au bon d&#8217;\u00e9tat?"},"content":{"rendered":"\t\t<div data-elementor-type=\"wp-page\" data-elementor-id=\"9152\" class=\"elementor elementor-9152 elementor-8689\" data-elementor-post-type=\"page\">\n\t\t\t\t\t\t<section class=\"elementor-section elementor-top-section elementor-element elementor-element-ffe0381 elementor-section-boxed elementor-section-height-default elementor-section-height-default\" data-id=\"ffe0381\" data-element_type=\"section\" data-settings=\"{&quot;background_background&quot;:&quot;classic&quot;}\">\n\t\t\t\t\t\t<div class=\"elementor-container elementor-column-gap-default\">\n\t\t\t\t\t<div class=\"elementor-column elementor-col-50 elementor-top-column elementor-element elementor-element-2047485\" data-id=\"2047485\" data-element_type=\"column\">\n\t\t\t<div class=\"elementor-widget-wrap elementor-element-populated\">\n\t\t\t\t\t\t<div class=\"elementor-element elementor-element-ed24fbf elementor-widget elementor-widget-heading\" data-id=\"ed24fbf\" data-element_type=\"widget\" data-widget_type=\"heading.default\">\n\t\t\t\t<div class=\"elementor-widget-container\">\n\t\t\t\t\t<h1 class=\"elementor-heading-title elementor-size-default\">L'immobilier est-il une bonne alternative au bon d'\u00e9tat?<\/h1>\t\t\t\t<\/div>\n\t\t\t\t<\/div>\n\t\t\t\t<div class=\"elementor-element elementor-element-5e6c9c0 elementor-widget elementor-widget-text-editor\" data-id=\"5e6c9c0\" data-element_type=\"widget\" data-widget_type=\"text-editor.default\">\n\t\t\t\t<div class=\"elementor-widget-container\">\n\t\t\t\t\t\t\t\t\t<div class=\"p-rich_text_section\">Le 1er octobre, nous lan\u00e7ons un projet immobilier sp\u00e9cialement con\u00e7u pour les investisseurs en bon d\u2019\u00c9tat. Les similitudes sont les suivantes :<\/div>\n<ul class=\"p-rich_text_list p-rich_text_list__bullet\" data-stringify-type=\"unordered-list\" data-indent=\"0\" data-border=\"0\">\n<li data-stringify-indent=\"0\" data-stringify-border=\"0\">Un rendement locatif attendu dans le m\u00eame ordre de grandeur que celui de l\u2019obligation d\u2019\u00c9tat.<\/li>\n<li data-stringify-indent=\"0\" data-stringify-border=\"0\">Une garantie de location de 20 ans (bien plus de s\u00e9curit\u00e9 que le bon d\u2019\u00c9tat !).<\/li>\n<\/ul>\n<div class=\"p-rich_text_section\">Inscrivez-vous avant le 20 septembre et b\u00e9n\u00e9ficiez d\u2019avantages exclusifs :<\/div>\n<ul class=\"p-rich_text_list p-rich_text_list__bullet\" data-stringify-type=\"unordered-list\" data-indent=\"0\" data-border=\"0\">\n<li data-stringify-indent=\"0\" data-stringify-border=\"0\">1 500 \u20ac de r\u00e9duction sur votre investissement pour les 15 premiers inscrits<\/li>\n<li data-stringify-indent=\"0\" data-stringify-border=\"0\">Expertise en gestion de patrimoine et planification de la retraite : consultation gratuite de 2 heures<\/li>\n<li data-stringify-indent=\"0\" data-stringify-border=\"0\">Notre expert en immobilier prendra contact avec vous pour vous pr\u00e9senter l\u2019alternative immobili\u00e8re au bon d\u2019\u00c9tat.<\/li>\n<\/ul>\t\t\t\t\t\t\t\t<\/div>\n\t\t\t\t<\/div>\n\t\t\t\t<div class=\"elementor-element elementor-element-27cf6f6 elementor-countdown--label-block elementor-widget elementor-widget-countdown\" data-id=\"27cf6f6\" data-element_type=\"widget\" data-widget_type=\"countdown.default\">\n\t\t\t\t<div class=\"elementor-widget-container\">\n\t\t\t\t\t\t\t<div class=\"elementor-countdown-wrapper\" data-date=\"1727733540\">\n\t\t\t<div class=\"elementor-countdown-item\"><span class=\"elementor-countdown-digits elementor-countdown-days\"><\/span> <span class=\"elementor-countdown-label\">Jours<\/span><\/div><div class=\"elementor-countdown-item\"><span class=\"elementor-countdown-digits elementor-countdown-hours\"><\/span> <span class=\"elementor-countdown-label\">Heures<\/span><\/div><div class=\"elementor-countdown-item\"><span class=\"elementor-countdown-digits elementor-countdown-minutes\"><\/span> <span class=\"elementor-countdown-label\">Minutes<\/span><\/div><div class=\"elementor-countdown-item\"><span class=\"elementor-countdown-digits elementor-countdown-seconds\"><\/span> <span class=\"elementor-countdown-label\">Secondes<\/span><\/div>\t\t<\/div>\n\t\t\t\t\t\t<\/div>\n\t\t\t\t<\/div>\n\t\t\t\t<div class=\"elementor-element elementor-element-a8fab91 elementor-widget elementor-widget-text-editor\" data-id=\"a8fab91\" data-element_type=\"widget\" data-widget_type=\"text-editor.default\">\n\t\t\t\t<div class=\"elementor-widget-container\">\n\t\t\t\t\t\t\t\t\t<p><span style=\"color: #ffffff; font-family: Aptos, sans-serif; font-size: 14.6667px; caret-color: #000000; font-weight: var( --e-global-typography-text-font-weight );\">Cette annonce est purement informative. Aucun droit ne peut \u00eatre tir\u00e9 de cette annonce. Seules les conditions du contrat sign\u00e9 s&#8217;appliquent.<\/span><\/p>\t\t\t\t\t\t\t\t<\/div>\n\t\t\t\t<\/div>\n\t\t\t\t\t<\/div>\n\t\t<\/div>\n\t\t\t\t<div class=\"elementor-column elementor-col-50 elementor-top-column elementor-element elementor-element-ed12cf4\" data-id=\"ed12cf4\" data-element_type=\"column\" data-settings=\"{&quot;background_background&quot;:&quot;classic&quot;}\">\n\t\t\t<div class=\"elementor-widget-wrap elementor-element-populated\">\n\t\t\t\t\t\t<div class=\"elementor-element elementor-element-558711f elementor-widget elementor-widget-html\" data-id=\"558711f\" data-element_type=\"widget\" data-widget_type=\"html.default\">\n\t\t\t\t<div class=\"elementor-widget-container\">\n\t\t\t\t\t<script charset=\"utf-8\" type=\"text\/javascript\" src=\"\/\/js.hsforms.net\/forms\/embed\/v2.js\"><\/script>\n<script>\n  hbspt.forms.create({\n    region: \"na1\",\n    portalId: \"2640791\",\n    formId: \"6f8cb3ef-28b7-4f2b-8374-d143676e9e88\"\n  });\n<\/script>\n\t\t\t\t<\/div>\n\t\t\t\t<\/div>\n\t\t\t\t\t<\/div>\n\t\t<\/div>\n\t\t\t\t\t<\/div>\n\t\t<\/section>\n\t\t\t\t<section class=\"elementor-section elementor-top-section elementor-element elementor-element-ecaa7f4 elementor-section-boxed elementor-section-height-default elementor-section-height-default\" data-id=\"ecaa7f4\" data-element_type=\"section\">\n\t\t\t\t\t\t<div class=\"elementor-container elementor-column-gap-default\">\n\t\t\t\t\t<div class=\"elementor-column elementor-col-100 elementor-top-column elementor-element elementor-element-edb8335\" data-id=\"edb8335\" data-element_type=\"column\">\n\t\t\t<div class=\"elementor-widget-wrap\">\n\t\t\t\t\t\t\t<\/div>\n\t\t<\/div>\n\t\t\t\t\t<\/div>\n\t\t<\/section>\n\t\t\t\t<\/div>\n\t\t","protected":false},"excerpt":{"rendered":"<p>L&#8217;immobilier est-il une bonne alternative au bon d&#8217;\u00e9tat? Le 1er octobre, nous lan\u00e7ons un projet immobilier&#8230;<\/p>\n","protected":false},"author":13,"featured_media":0,"parent":0,"menu_order":0,"comment_status":"closed","ping_status":"closed","template":"elementor_header_footer","meta":{"_acf_changed":false,"content-type":"","inline_featured_image":false,"footnotes":""},"tags":[],"class_list":["post-9152","page","type-page","status-publish","hentry"],"acf":[],"yoast_head":"<!-- This site is optimized with the Yoast SEO Premium plugin v24.3 (Yoast SEO v27.0) - https:\/\/yoast.com\/product\/yoast-seo-premium-wordpress\/ -->\n<title>L&#039;immobilier est-il une bonne alternative au bon d&#039;\u00e9tat? - Unibricks<\/title>\n<meta name=\"description\" content=\"Investissez dans notre projet immobilier s\u00e9curis\u00e9 avec un rendement comp\u00e9titif et 20 ans de garantie locative.\" \/>\n<meta name=\"robots\" content=\"noindex, nofollow\" \/>\n<meta property=\"og:locale\" content=\"fr_FR\" \/>\n<meta property=\"og:type\" content=\"article\" \/>\n<meta property=\"og:title\" content=\"L&#039;immobilier est-il une bonne alternative au bon d&#039;\u00e9tat?\" \/>\n<meta property=\"og:description\" content=\"Investissez dans notre projet immobilier s\u00e9curis\u00e9 avec un rendement comp\u00e9titif et 20 ans de garantie locative.\" \/>\n<meta property=\"og:url\" content=\"https:\/\/www.unibricks.be\/fr\/limmobilier-est-il-une-bonne-alternative-au-bon-detat\/\" \/>\n<meta property=\"og:site_name\" content=\"Unibricks\" \/>\n<meta property=\"article:modified_time\" content=\"2024-09-17T11:14:57+00:00\" \/>\n<meta name=\"twitter:card\" content=\"summary_large_image\" \/>\n<meta name=\"twitter:label1\" content=\"Dur\u00e9e de lecture estim\u00e9e\" \/>\n\t<meta name=\"twitter:data1\" content=\"1 minute\" \/>\n<script type=\"application\/ld+json\" class=\"yoast-schema-graph\">{\"@context\":\"https:\/\/schema.org\",\"@graph\":[{\"@type\":\"WebPage\",\"@id\":\"https:\/\/www.unibricks.be\/fr\/limmobilier-est-il-une-bonne-alternative-au-bon-detat\/\",\"url\":\"https:\/\/www.unibricks.be\/fr\/limmobilier-est-il-une-bonne-alternative-au-bon-detat\/\",\"name\":\"L'immobilier est-il une bonne alternative au bon d'\u00e9tat? - Unibricks\",\"isPartOf\":{\"@id\":\"https:\/\/www.unibricks.be\/fr\/#website\"},\"datePublished\":\"2024-08-30T12:28:48+00:00\",\"dateModified\":\"2024-09-17T11:14:57+00:00\",\"description\":\"Investissez dans notre projet immobilier s\u00e9curis\u00e9 avec un rendement comp\u00e9titif et 20 ans de garantie locative.\",\"breadcrumb\":{\"@id\":\"https:\/\/www.unibricks.be\/fr\/limmobilier-est-il-une-bonne-alternative-au-bon-detat\/#breadcrumb\"},\"inLanguage\":\"fr-FR\",\"potentialAction\":[{\"@type\":\"ReadAction\",\"target\":[\"https:\/\/www.unibricks.be\/fr\/limmobilier-est-il-une-bonne-alternative-au-bon-detat\/\"]}]},{\"@type\":\"BreadcrumbList\",\"@id\":\"https:\/\/www.unibricks.be\/fr\/limmobilier-est-il-une-bonne-alternative-au-bon-detat\/#breadcrumb\",\"itemListElement\":[{\"@type\":\"ListItem\",\"position\":1,\"name\":\"Home\",\"item\":\"https:\/\/www.unibricks.be\/fr\/\"},{\"@type\":\"ListItem\",\"position\":2,\"name\":\"L&#8217;immobilier est-il une bonne alternative au bon d&#8217;\u00e9tat?\"}]},{\"@type\":\"WebSite\",\"@id\":\"https:\/\/www.unibricks.be\/fr\/#website\",\"url\":\"https:\/\/www.unibricks.be\/fr\/\",\"name\":\"Unibricks\",\"description\":\"\",\"publisher\":{\"@id\":\"https:\/\/www.unibricks.be\/fr\/#organization\"},\"potentialAction\":[{\"@type\":\"SearchAction\",\"target\":{\"@type\":\"EntryPoint\",\"urlTemplate\":\"https:\/\/www.unibricks.be\/fr\/?s={search_term_string}\"},\"query-input\":{\"@type\":\"PropertyValueSpecification\",\"valueRequired\":true,\"valueName\":\"search_term_string\"}}],\"inLanguage\":\"fr-FR\"},{\"@type\":\"Organization\",\"@id\":\"https:\/\/www.unibricks.be\/fr\/#organization\",\"name\":\"Unibricks\",\"url\":\"https:\/\/www.unibricks.be\/fr\/\",\"logo\":{\"@type\":\"ImageObject\",\"inLanguage\":\"fr-FR\",\"@id\":\"https:\/\/www.unibricks.be\/fr\/#\/schema\/logo\/image\/\",\"url\":\"https:\/\/www.unibricks.be\/wp-content\/uploads\/2021\/06\/logo.png\",\"contentUrl\":\"https:\/\/www.unibricks.be\/wp-content\/uploads\/2021\/06\/logo.png\",\"width\":303,\"height\":48,\"caption\":\"Unibricks\"},\"image\":{\"@id\":\"https:\/\/www.unibricks.be\/fr\/#\/schema\/logo\/image\/\"}}]}<\/script>\n<!-- \/ Yoast SEO Premium plugin. -->","yoast_head_json":{"title":"L'immobilier est-il une bonne alternative au bon d'\u00e9tat? - Unibricks","description":"Investissez dans notre projet immobilier s\u00e9curis\u00e9 avec un rendement comp\u00e9titif et 20 ans de garantie locative.","robots":{"index":"noindex","follow":"nofollow"},"og_locale":"fr_FR","og_type":"article","og_title":"L'immobilier est-il une bonne alternative au bon d'\u00e9tat?","og_description":"Investissez dans notre projet immobilier s\u00e9curis\u00e9 avec un rendement comp\u00e9titif et 20 ans de garantie locative.","og_url":"https:\/\/www.unibricks.be\/fr\/limmobilier-est-il-une-bonne-alternative-au-bon-detat\/","og_site_name":"Unibricks","article_modified_time":"2024-09-17T11:14:57+00:00","twitter_card":"summary_large_image","twitter_misc":{"Dur\u00e9e de lecture estim\u00e9e":"1 minute"},"schema":{"@context":"https:\/\/schema.org","@graph":[{"@type":"WebPage","@id":"https:\/\/www.unibricks.be\/fr\/limmobilier-est-il-une-bonne-alternative-au-bon-detat\/","url":"https:\/\/www.unibricks.be\/fr\/limmobilier-est-il-une-bonne-alternative-au-bon-detat\/","name":"L'immobilier est-il une bonne alternative au bon d'\u00e9tat? - Unibricks","isPartOf":{"@id":"https:\/\/www.unibricks.be\/fr\/#website"},"datePublished":"2024-08-30T12:28:48+00:00","dateModified":"2024-09-17T11:14:57+00:00","description":"Investissez dans notre projet immobilier s\u00e9curis\u00e9 avec un rendement comp\u00e9titif et 20 ans de garantie locative.","breadcrumb":{"@id":"https:\/\/www.unibricks.be\/fr\/limmobilier-est-il-une-bonne-alternative-au-bon-detat\/#breadcrumb"},"inLanguage":"fr-FR","potentialAction":[{"@type":"ReadAction","target":["https:\/\/www.unibricks.be\/fr\/limmobilier-est-il-une-bonne-alternative-au-bon-detat\/"]}]},{"@type":"BreadcrumbList","@id":"https:\/\/www.unibricks.be\/fr\/limmobilier-est-il-une-bonne-alternative-au-bon-detat\/#breadcrumb","itemListElement":[{"@type":"ListItem","position":1,"name":"Home","item":"https:\/\/www.unibricks.be\/fr\/"},{"@type":"ListItem","position":2,"name":"L&#8217;immobilier est-il une bonne alternative au bon d&#8217;\u00e9tat?"}]},{"@type":"WebSite","@id":"https:\/\/www.unibricks.be\/fr\/#website","url":"https:\/\/www.unibricks.be\/fr\/","name":"Unibricks","description":"","publisher":{"@id":"https:\/\/www.unibricks.be\/fr\/#organization"},"potentialAction":[{"@type":"SearchAction","target":{"@type":"EntryPoint","urlTemplate":"https:\/\/www.unibricks.be\/fr\/?s={search_term_string}"},"query-input":{"@type":"PropertyValueSpecification","valueRequired":true,"valueName":"search_term_string"}}],"inLanguage":"fr-FR"},{"@type":"Organization","@id":"https:\/\/www.unibricks.be\/fr\/#organization","name":"Unibricks","url":"https:\/\/www.unibricks.be\/fr\/","logo":{"@type":"ImageObject","inLanguage":"fr-FR","@id":"https:\/\/www.unibricks.be\/fr\/#\/schema\/logo\/image\/","url":"https:\/\/www.unibricks.be\/wp-content\/uploads\/2021\/06\/logo.png","contentUrl":"https:\/\/www.unibricks.be\/wp-content\/uploads\/2021\/06\/logo.png","width":303,"height":48,"caption":"Unibricks"},"image":{"@id":"https:\/\/www.unibricks.be\/fr\/#\/schema\/logo\/image\/"}}]}},"_links":{"self":[{"href":"https:\/\/www.unibricks.be\/fr\/wp-json\/wp\/v2\/pages\/9152","targetHints":{"allow":["GET"]}}],"collection":[{"href":"https:\/\/www.unibricks.be\/fr\/wp-json\/wp\/v2\/pages"}],"about":[{"href":"https:\/\/www.unibricks.be\/fr\/wp-json\/wp\/v2\/types\/page"}],"author":[{"embeddable":true,"href":"https:\/\/www.unibricks.be\/fr\/wp-json\/wp\/v2\/users\/13"}],"replies":[{"embeddable":true,"href":"https:\/\/www.unibricks.be\/fr\/wp-json\/wp\/v2\/comments?post=9152"}],"version-history":[{"count":36,"href":"https:\/\/www.unibricks.be\/fr\/wp-json\/wp\/v2\/pages\/9152\/revisions"}],"predecessor-version":[{"id":9461,"href":"https:\/\/www.unibricks.be\/fr\/wp-json\/wp\/v2\/pages\/9152\/revisions\/9461"}],"wp:attachment":[{"href":"https:\/\/www.unibricks.be\/fr\/wp-json\/wp\/v2\/media?parent=9152"}],"wp:term":[{"taxonomy":"post_tag","embeddable":true,"href":"https:\/\/www.unibricks.be\/fr\/wp-json\/wp\/v2\/tags?post=9152"}],"curies":[{"name":"wp","href":"https:\/\/api.w.org\/{rel}","templated":true}]}}