{"id":540,"date":"2018-09-19T13:56:11","date_gmt":"2018-09-19T11:56:11","guid":{"rendered":"https:\/\/www.unibricks.be\/cookie-policy\/"},"modified":"2021-08-10T12:35:44","modified_gmt":"2021-08-10T10:35:44","slug":"cookie-policy","status":"publish","type":"page","link":"https:\/\/www.unibricks.be\/fr\/cookie-policy\/","title":{"rendered":"Cookie Policy"},"content":{"rendered":"<p><em>Derni\u00e8re modification le 10\/08\/2021<\/em><\/p>\n<h2>1.\u00a0\u00a0\u00a0\u00a0 Bienvenue<\/h2>\n<p id=\"tw-target-text\" class=\"tw-data-text tw-text-large XcVN5d tw-ta\" dir=\"ltr\" data-placeholder=\"Vertaling\"><span class=\"Y2IQFc\" lang=\"fr\">Nous sommes Unibricks, une soci\u00e9t\u00e9 \u00e0 responsabilit\u00e9 limit\u00e9e, dont le si\u00e8ge social est sis Marsveldplein, 5 20, 1050, Ixelles, avec le num\u00e9ro d&#8217;entreprise 0506.816.288.<\/span><\/p>\n<p>Cette politique en mati\u00e8re de cookies explique quelles informations nous pouvons recueillir par le biais de notre site web sur la base de cookies et comment nous les utilisons pour am\u00e9liorer nos services.<\/p>\n<p>En utilisant notre site web, vous acceptez que nous utilisions des cookies.<\/p>\n<h2>2.\u00a0\u00a0\u00a0\u00a0 Cookies<\/h2>\n<p>Un \u00ab\u00a0cookie\u00a0\u00bb est un petit fichier de donn\u00e9es qui est temporairement plac\u00e9 sur votre ordinateur ou votre appareil mobile par une page internet lorsque vous visitez un site web. Un cookie nous permet d\u2019identifier le dispositif que vous utilisez pour visiter notre site web, sans nous donner acc\u00e8s \u00e0 vos propres informations personnelles.<\/p>\n<p>Les cookies peuvent \u00eatre facilement supprim\u00e9s via les param\u00e8tres de votre navigateur. Vous pouvez \u00e9galement configurer votre navigateur pour qu\u2019il rejette les cookies \u00e0 tout moment. Toutefois, cela peut entraver l\u2019utilisation de notre site web ou rendre impossible l\u2019acc\u00e8s \u00e0 certaines fonctionnalit\u00e9s.<\/p>\n<h2>Types de cookies<\/h2>\n<h3>2.1. Fonctionnel<\/h3>\n<p>Ces cookies techniques peuvent \u00eatre utilis\u00e9s pour assurer le bon fonctionnement de notre site web. Ils ont l\u2019avantage de ne pas avoir \u00e0 saisir ou \u00e0 charger les m\u00eames informations ou param\u00e8tres chaque fois que vous visitez notre site web :<\/p>\n<ul>\n<li><strong>Crisp<\/strong>\u00a0<strong>chat<\/strong>.\u00a0Ce cookie expire apr\u00e8s une p\u00e9riode de 1 an.\u00a0<u>(<a href=\"https:\/\/crisp.chat\/en\/privacy\/\">https:\/\/crisp.chat\/en\/privacy\/<\/a>)<\/u><\/li>\n<li><strong>Cloudflare<\/strong>.\u00a0Ce cookie expire apr\u00e8s une p\u00e9riode de 1 an.\u00a0<u>(<a href=\"https:\/\/www.cloudflare.com\/privacypolicy\/\">https:\/\/www.cloudflare.com\/privacypolicy\/<\/a>)<\/u><\/li>\n<li><strong>Twitter<\/strong>.\u00a0Ce cookie expire apr\u00e8s la session.\u00a0(<a href=\"https:\/\/twitter.com\/en\/privacy\">https:\/\/twitter.com\/en\/privacy<\/a>)<\/li>\n<li><strong>Hotjar<\/strong>. tracking (<a href=\"https:\/\/www.hotjar.com\/privacy\">https:\/\/www.hotjar.com\/privacy<\/a>),<\/li>\n<\/ul>\n<h3>2.2.\u00a0 Analytique<\/h3>\n<p>Ces cookies nous permettent d\u2019effectuer une analyse g\u00e9n\u00e9rale de l\u2019utilisation de notre site web. Nous obtenons ainsi un aper\u00e7u de la mani\u00e8re dont nos pages internet sont visit\u00e9es, \u00e0 quelle fr\u00e9quence et pendant combien de temps, gr\u00e2ce \u00e0 des statistiques anonymes. Cela nous permet d\u2019am\u00e9liorer et d\u2019optimiser notre site web sur la base de ces informations :<\/p>\n<ul>\n<li><strong>Google<\/strong>\u00a0<strong>analytics<\/strong>.\u00a0Ce cookie expire apr\u00e8s la session. (<a href=\"https:\/\/policies.google.com\/privacy\">https:\/\/policies.google.com\/privacy<\/a>)<\/li>\n<li><strong>Bing<\/strong>. (<a href=\"https:\/\/privacy.microsoft.com\/nl-nl\/privacystatement\">https:\/\/privacy.microsoft.com\/nl-nl\/privacystatement<\/a>)<\/li>\n<li><strong>Youtube<\/strong>. Ce cookie expire apr\u00e8s la session.\u00a0<u>(<a href=\"https:\/\/policies.google.com\/privacy\">https:\/\/policies.google.com\/privacy<\/a>)<\/u><\/li>\n<\/ul>\n<h3>2.3.\u00a0 Marketing<\/h3>\n<p>Ces cookies nous permettent d\u2019afficher des publicit\u00e9s aux parties int\u00e9ress\u00e9es \u00e0 des fins de marketing :<\/p>\n<ul>\n<li><strong>Facebook<\/strong>. Ce cookie expire apr\u00e8s une p\u00e9riode de 3 mois. (<a href=\"https:\/\/www.facebook.com\/policy.php\">https:\/\/www.facebook.com\/policy.php<\/a>)<\/li>\n<li><strong>Linkedin<\/strong>.\u00a0<u>(<a href=\"https:\/\/www.linkedin.com\/legal\/privacy-policy\">https:\/\/www.linkedin.com\/legal\/privacy-policy<\/a>)<\/u><\/li>\n<li><strong>Google<\/strong>\u00a0<strong>analytics<\/strong>\u00a0Ce cookie expire apr\u00e8s la session.\u00a0<u>(<a href=\"https:\/\/policies.google.com\/privacy\">https:\/\/policies.google.com\/privacy<\/a>)<\/u><\/li>\n<li><strong>Userengage<\/strong>. Ce cookie expire apr\u00e8s la session. (<a href=\"https:\/\/userengage.com\/nl\/privacy-policy\/\">https:\/\/userengage.com\/nl\/privacy-policy\/<\/a>)<\/li>\n<li><strong>Bing<\/strong>. (<a href=\"https:\/\/privacy.microsoft.com\/nl-nl\/privacystatement\">https:\/\/privacy.microsoft.com\/nl-nl\/privacystatement<\/a>)<\/li>\n<\/ul>\n<h3>2.4. Les m\u00e9dias sociaux<\/h3>\n<p>Ces cookies nous permettent d\u2019int\u00e9grer les applications des sites de m\u00e9dias sociaux dans notre site web. Les sites de m\u00e9dias sociaux peuvent collecter des donn\u00e9es de cette mani\u00e8re :<\/p>\n<ul>\n<li><strong>Facebook<\/strong>. Ce cookie expire apr\u00e8s une p\u00e9riode de 3 mois. (<a href=\"https:\/\/www.facebook.com\/policy.php\">https:\/\/www.facebook.com\/policy.php<\/a>)<\/li>\n<li><strong>Twitter<\/strong>.\u00a0Ce cookie expire apr\u00e8s la session.\u00a0(<a href=\"https:\/\/twitter.com\/en\/privacy\">https:\/\/twitter.com\/en\/privacy<\/a>)<\/li>\n<li><strong>Linkedin<\/strong>. (<a href=\"https:\/\/www.linkedin.com\/legal\/privacy-policy\">https:\/\/www.linkedin.com\/legal\/privacy-policy<\/a>)<\/li>\n<\/ul>\n","protected":false},"excerpt":{"rendered":"<p>Derni\u00e8re modification le 10\/08\/2021 1.\u00a0\u00a0\u00a0\u00a0 Bienvenue Nous sommes Unibricks, une soci\u00e9t\u00e9 \u00e0 responsabilit\u00e9 limit\u00e9e, dont le&#8230;<\/p>\n","protected":false},"author":1,"featured_media":0,"parent":0,"menu_order":0,"comment_status":"closed","ping_status":"closed","template":"","meta":{"_acf_changed":false,"content-type":"","inline_featured_image":false,"footnotes":""},"tags":[],"class_list":["post-540","page","type-page","status-publish","hentry"],"acf":[],"yoast_head":"<!-- This site is optimized with the Yoast SEO Premium plugin v24.3 (Yoast SEO v27.0) - https:\/\/yoast.com\/product\/yoast-seo-premium-wordpress\/ -->\n<title>Cookie Policy - Unibricks<\/title>\n<meta name=\"robots\" content=\"index, follow, max-snippet:-1, max-image-preview:large, max-video-preview:-1\" \/>\n<link rel=\"canonical\" href=\"https:\/\/www.unibricks.be\/fr\/cookie-policy\/\" \/>\n<meta property=\"og:locale\" content=\"fr_FR\" \/>\n<meta property=\"og:type\" content=\"article\" \/>\n<meta property=\"og:title\" content=\"Cookie Policy\" \/>\n<meta property=\"og:description\" content=\"Derni\u00e8re modification le 10\/08\/2021 1.\u00a0\u00a0\u00a0\u00a0 Bienvenue Nous sommes Unibricks, une soci\u00e9t\u00e9 \u00e0 responsabilit\u00e9 limit\u00e9e, dont le...\" \/>\n<meta property=\"og:url\" content=\"https:\/\/www.unibricks.be\/fr\/cookie-policy\/\" \/>\n<meta property=\"og:site_name\" content=\"Unibricks\" \/>\n<meta property=\"article:modified_time\" content=\"2021-08-10T10:35:44+00:00\" \/>\n<meta name=\"twitter:card\" content=\"summary_large_image\" \/>\n<meta name=\"twitter:label1\" content=\"Dur\u00e9e de lecture estim\u00e9e\" \/>\n\t<meta name=\"twitter:data1\" content=\"2 minutes\" \/>\n<script type=\"application\/ld+json\" class=\"yoast-schema-graph\">{\"@context\":\"https:\/\/schema.org\",\"@graph\":[{\"@type\":\"WebPage\",\"@id\":\"https:\/\/www.unibricks.be\/fr\/cookie-policy\/\",\"url\":\"https:\/\/www.unibricks.be\/fr\/cookie-policy\/\",\"name\":\"Cookie Policy - Unibricks\",\"isPartOf\":{\"@id\":\"https:\/\/www.unibricks.be\/fr\/#website\"},\"datePublished\":\"2018-09-19T11:56:11+00:00\",\"dateModified\":\"2021-08-10T10:35:44+00:00\",\"breadcrumb\":{\"@id\":\"https:\/\/www.unibricks.be\/fr\/cookie-policy\/#breadcrumb\"},\"inLanguage\":\"fr-FR\",\"potentialAction\":[{\"@type\":\"ReadAction\",\"target\":[\"https:\/\/www.unibricks.be\/fr\/cookie-policy\/\"]}]},{\"@type\":\"BreadcrumbList\",\"@id\":\"https:\/\/www.unibricks.be\/fr\/cookie-policy\/#breadcrumb\",\"itemListElement\":[{\"@type\":\"ListItem\",\"position\":1,\"name\":\"Home\",\"item\":\"https:\/\/www.unibricks.be\/fr\/\"},{\"@type\":\"ListItem\",\"position\":2,\"name\":\"Cookie Policy\"}]},{\"@type\":\"WebSite\",\"@id\":\"https:\/\/www.unibricks.be\/fr\/#website\",\"url\":\"https:\/\/www.unibricks.be\/fr\/\",\"name\":\"Unibricks\",\"description\":\"\",\"publisher\":{\"@id\":\"https:\/\/www.unibricks.be\/fr\/#organization\"},\"potentialAction\":[{\"@type\":\"SearchAction\",\"target\":{\"@type\":\"EntryPoint\",\"urlTemplate\":\"https:\/\/www.unibricks.be\/fr\/?s={search_term_string}\"},\"query-input\":{\"@type\":\"PropertyValueSpecification\",\"valueRequired\":true,\"valueName\":\"search_term_string\"}}],\"inLanguage\":\"fr-FR\"},{\"@type\":\"Organization\",\"@id\":\"https:\/\/www.unibricks.be\/fr\/#organization\",\"name\":\"Unibricks\",\"url\":\"https:\/\/www.unibricks.be\/fr\/\",\"logo\":{\"@type\":\"ImageObject\",\"inLanguage\":\"fr-FR\",\"@id\":\"https:\/\/www.unibricks.be\/fr\/#\/schema\/logo\/image\/\",\"url\":\"https:\/\/www.unibricks.be\/wp-content\/uploads\/2021\/06\/logo.png\",\"contentUrl\":\"https:\/\/www.unibricks.be\/wp-content\/uploads\/2021\/06\/logo.png\",\"width\":303,\"height\":48,\"caption\":\"Unibricks\"},\"image\":{\"@id\":\"https:\/\/www.unibricks.be\/fr\/#\/schema\/logo\/image\/\"}}]}<\/script>\n<!-- \/ Yoast SEO Premium plugin. -->","yoast_head_json":{"title":"Cookie Policy - Unibricks","robots":{"index":"index","follow":"follow","max-snippet":"max-snippet:-1","max-image-preview":"max-image-preview:large","max-video-preview":"max-video-preview:-1"},"canonical":"https:\/\/www.unibricks.be\/fr\/cookie-policy\/","og_locale":"fr_FR","og_type":"article","og_title":"Cookie Policy","og_description":"Derni\u00e8re modification le 10\/08\/2021 1.\u00a0\u00a0\u00a0\u00a0 Bienvenue Nous sommes Unibricks, une soci\u00e9t\u00e9 \u00e0 responsabilit\u00e9 limit\u00e9e, dont le...","og_url":"https:\/\/www.unibricks.be\/fr\/cookie-policy\/","og_site_name":"Unibricks","article_modified_time":"2021-08-10T10:35:44+00:00","twitter_card":"summary_large_image","twitter_misc":{"Dur\u00e9e de lecture estim\u00e9e":"2 minutes"},"schema":{"@context":"https:\/\/schema.org","@graph":[{"@type":"WebPage","@id":"https:\/\/www.unibricks.be\/fr\/cookie-policy\/","url":"https:\/\/www.unibricks.be\/fr\/cookie-policy\/","name":"Cookie Policy - Unibricks","isPartOf":{"@id":"https:\/\/www.unibricks.be\/fr\/#website"},"datePublished":"2018-09-19T11:56:11+00:00","dateModified":"2021-08-10T10:35:44+00:00","breadcrumb":{"@id":"https:\/\/www.unibricks.be\/fr\/cookie-policy\/#breadcrumb"},"inLanguage":"fr-FR","potentialAction":[{"@type":"ReadAction","target":["https:\/\/www.unibricks.be\/fr\/cookie-policy\/"]}]},{"@type":"BreadcrumbList","@id":"https:\/\/www.unibricks.be\/fr\/cookie-policy\/#breadcrumb","itemListElement":[{"@type":"ListItem","position":1,"name":"Home","item":"https:\/\/www.unibricks.be\/fr\/"},{"@type":"ListItem","position":2,"name":"Cookie Policy"}]},{"@type":"WebSite","@id":"https:\/\/www.unibricks.be\/fr\/#website","url":"https:\/\/www.unibricks.be\/fr\/","name":"Unibricks","description":"","publisher":{"@id":"https:\/\/www.unibricks.be\/fr\/#organization"},"potentialAction":[{"@type":"SearchAction","target":{"@type":"EntryPoint","urlTemplate":"https:\/\/www.unibricks.be\/fr\/?s={search_term_string}"},"query-input":{"@type":"PropertyValueSpecification","valueRequired":true,"valueName":"search_term_string"}}],"inLanguage":"fr-FR"},{"@type":"Organization","@id":"https:\/\/www.unibricks.be\/fr\/#organization","name":"Unibricks","url":"https:\/\/www.unibricks.be\/fr\/","logo":{"@type":"ImageObject","inLanguage":"fr-FR","@id":"https:\/\/www.unibricks.be\/fr\/#\/schema\/logo\/image\/","url":"https:\/\/www.unibricks.be\/wp-content\/uploads\/2021\/06\/logo.png","contentUrl":"https:\/\/www.unibricks.be\/wp-content\/uploads\/2021\/06\/logo.png","width":303,"height":48,"caption":"Unibricks"},"image":{"@id":"https:\/\/www.unibricks.be\/fr\/#\/schema\/logo\/image\/"}}]}},"_links":{"self":[{"href":"https:\/\/www.unibricks.be\/fr\/wp-json\/wp\/v2\/pages\/540","targetHints":{"allow":["GET"]}}],"collection":[{"href":"https:\/\/www.unibricks.be\/fr\/wp-json\/wp\/v2\/pages"}],"about":[{"href":"https:\/\/www.unibricks.be\/fr\/wp-json\/wp\/v2\/types\/page"}],"author":[{"embeddable":true,"href":"https:\/\/www.unibricks.be\/fr\/wp-json\/wp\/v2\/users\/1"}],"replies":[{"embeddable":true,"href":"https:\/\/www.unibricks.be\/fr\/wp-json\/wp\/v2\/comments?post=540"}],"version-history":[{"count":0,"href":"https:\/\/www.unibricks.be\/fr\/wp-json\/wp\/v2\/pages\/540\/revisions"}],"wp:attachment":[{"href":"https:\/\/www.unibricks.be\/fr\/wp-json\/wp\/v2\/media?parent=540"}],"wp:term":[{"taxonomy":"post_tag","embeddable":true,"href":"https:\/\/www.unibricks.be\/fr\/wp-json\/wp\/v2\/tags?post=540"}],"curies":[{"name":"wp","href":"https:\/\/api.w.org\/{rel}","templated":true}]}}