{"id":536,"date":"2021-05-27T08:42:30","date_gmt":"2021-05-27T06:42:30","guid":{"rendered":"https:\/\/www.unibricks.be\/over-ons\/"},"modified":"2025-08-14T15:41:45","modified_gmt":"2025-08-14T13:41:45","slug":"a-propos-de-nous","status":"publish","type":"page","link":"https:\/\/www.unibricks.be\/fr\/a-propos-de-nous\/","title":{"rendered":"\u00c0 propos de nous"},"content":{"rendered":"","protected":false},"excerpt":{"rendered":"","protected":false},"author":1,"featured_media":4331,"parent":0,"menu_order":0,"comment_status":"closed","ping_status":"closed","template":"templates\/about-page.php","meta":{"_acf_changed":false,"content-type":"","inline_featured_image":false,"footnotes":""},"tags":[],"class_list":["post-536","page","type-page","status-publish","has-post-thumbnail","hentry"],"acf":[],"yoast_head":"<!-- This site is optimized with the Yoast SEO Premium plugin v24.3 (Yoast SEO v27.0) - https:\/\/yoast.com\/product\/yoast-seo-premium-wordpress\/ -->\n<title>\u00c0 propos de nous - Unibricks: \u00c0 propos de Unibricks<\/title>\n<meta name=\"description\" content=\"Rendre l&#039;immobilier d&#039;investissement accessible \u00e0 un plus grand public. Parce que tout le monde a le droit d&#039;avoir un avenir s\u00fbr.\" \/>\n<meta name=\"robots\" content=\"index, follow, max-snippet:-1, max-image-preview:large, max-video-preview:-1\" \/>\n<link rel=\"canonical\" href=\"https:\/\/www.unibricks.be\/fr\/a-propos-de-nous\/\" \/>\n<meta property=\"og:locale\" content=\"fr_FR\" \/>\n<meta property=\"og:type\" content=\"article\" \/>\n<meta property=\"og:title\" content=\"\u00c0 propos de nous\" \/>\n<meta property=\"og:description\" content=\"Rendre l&#039;immobilier d&#039;investissement accessible \u00e0 un plus grand public. Parce que tout le monde a le droit d&#039;avoir un avenir s\u00fbr.\" \/>\n<meta property=\"og:url\" content=\"https:\/\/www.unibricks.be\/fr\/a-propos-de-nous\/\" \/>\n<meta property=\"og:site_name\" content=\"Unibricks\" \/>\n<meta property=\"article:modified_time\" content=\"2025-08-14T13:41:45+00:00\" \/>\n<meta property=\"og:image\" content=\"https:\/\/www.unibricks.be\/wp-content\/uploads\/2022\/09\/Unibricks-Team-scaled-e1674550771605.jpg\" \/>\n\t<meta property=\"og:image:width\" content=\"2560\" \/>\n\t<meta property=\"og:image:height\" content=\"684\" \/>\n\t<meta property=\"og:image:type\" content=\"image\/jpeg\" \/>\n<meta name=\"twitter:card\" content=\"summary_large_image\" \/>\n<meta name=\"twitter:label1\" content=\"Dur\u00e9e de lecture estim\u00e9e\" \/>\n\t<meta name=\"twitter:data1\" content=\"6 minutes\" \/>\n<script type=\"application\/ld+json\" class=\"yoast-schema-graph\">{\"@context\":\"https:\/\/schema.org\",\"@graph\":[{\"@type\":\"WebPage\",\"@id\":\"https:\/\/www.unibricks.be\/fr\/a-propos-de-nous\/\",\"url\":\"https:\/\/www.unibricks.be\/fr\/a-propos-de-nous\/\",\"name\":\"\u00c0 propos de nous - Unibricks: \u00c0 propos de Unibricks\",\"isPartOf\":{\"@id\":\"https:\/\/www.unibricks.be\/fr\/#website\"},\"primaryImageOfPage\":{\"@id\":\"https:\/\/www.unibricks.be\/fr\/a-propos-de-nous\/#primaryimage\"},\"image\":{\"@id\":\"https:\/\/www.unibricks.be\/fr\/a-propos-de-nous\/#primaryimage\"},\"thumbnailUrl\":\"https:\/\/www.unibricks.be\/wp-content\/uploads\/2022\/09\/Unibricks-Team-scaled-e1674550771605.jpg\",\"datePublished\":\"2021-05-27T06:42:30+00:00\",\"dateModified\":\"2025-08-14T13:41:45+00:00\",\"description\":\"Rendre l'immobilier d'investissement accessible \u00e0 un plus grand public. Parce que tout le monde a le droit d'avoir un avenir s\u00fbr.\",\"breadcrumb\":{\"@id\":\"https:\/\/www.unibricks.be\/fr\/a-propos-de-nous\/#breadcrumb\"},\"inLanguage\":\"fr-FR\",\"potentialAction\":[{\"@type\":\"ReadAction\",\"target\":[\"https:\/\/www.unibricks.be\/fr\/a-propos-de-nous\/\"]}]},{\"@type\":\"ImageObject\",\"inLanguage\":\"fr-FR\",\"@id\":\"https:\/\/www.unibricks.be\/fr\/a-propos-de-nous\/#primaryimage\",\"url\":\"https:\/\/www.unibricks.be\/wp-content\/uploads\/2022\/09\/Unibricks-Team-scaled-e1674550771605.jpg\",\"contentUrl\":\"https:\/\/www.unibricks.be\/wp-content\/uploads\/2022\/09\/Unibricks-Team-scaled-e1674550771605.jpg\",\"width\":2560,\"height\":684},{\"@type\":\"BreadcrumbList\",\"@id\":\"https:\/\/www.unibricks.be\/fr\/a-propos-de-nous\/#breadcrumb\",\"itemListElement\":[{\"@type\":\"ListItem\",\"position\":1,\"name\":\"Home\",\"item\":\"https:\/\/www.unibricks.be\/fr\/\"},{\"@type\":\"ListItem\",\"position\":2,\"name\":\"\u00c0 propos de nous\"}]},{\"@type\":\"WebSite\",\"@id\":\"https:\/\/www.unibricks.be\/fr\/#website\",\"url\":\"https:\/\/www.unibricks.be\/fr\/\",\"name\":\"Unibricks\",\"description\":\"\",\"publisher\":{\"@id\":\"https:\/\/www.unibricks.be\/fr\/#organization\"},\"potentialAction\":[{\"@type\":\"SearchAction\",\"target\":{\"@type\":\"EntryPoint\",\"urlTemplate\":\"https:\/\/www.unibricks.be\/fr\/?s={search_term_string}\"},\"query-input\":{\"@type\":\"PropertyValueSpecification\",\"valueRequired\":true,\"valueName\":\"search_term_string\"}}],\"inLanguage\":\"fr-FR\"},{\"@type\":\"Organization\",\"@id\":\"https:\/\/www.unibricks.be\/fr\/#organization\",\"name\":\"Unibricks\",\"url\":\"https:\/\/www.unibricks.be\/fr\/\",\"logo\":{\"@type\":\"ImageObject\",\"inLanguage\":\"fr-FR\",\"@id\":\"https:\/\/www.unibricks.be\/fr\/#\/schema\/logo\/image\/\",\"url\":\"https:\/\/www.unibricks.be\/wp-content\/uploads\/2021\/06\/logo.png\",\"contentUrl\":\"https:\/\/www.unibricks.be\/wp-content\/uploads\/2021\/06\/logo.png\",\"width\":303,\"height\":48,\"caption\":\"Unibricks\"},\"image\":{\"@id\":\"https:\/\/www.unibricks.be\/fr\/#\/schema\/logo\/image\/\"}}]}<\/script>\n<!-- \/ Yoast SEO Premium plugin. -->","yoast_head_json":{"title":"\u00c0 propos de nous - Unibricks: \u00c0 propos de Unibricks","description":"Rendre l'immobilier d'investissement accessible \u00e0 un plus grand public. Parce que tout le monde a le droit d'avoir un avenir s\u00fbr.","robots":{"index":"index","follow":"follow","max-snippet":"max-snippet:-1","max-image-preview":"max-image-preview:large","max-video-preview":"max-video-preview:-1"},"canonical":"https:\/\/www.unibricks.be\/fr\/a-propos-de-nous\/","og_locale":"fr_FR","og_type":"article","og_title":"\u00c0 propos de nous","og_description":"Rendre l'immobilier d'investissement accessible \u00e0 un plus grand public. Parce que tout le monde a le droit d'avoir un avenir s\u00fbr.","og_url":"https:\/\/www.unibricks.be\/fr\/a-propos-de-nous\/","og_site_name":"Unibricks","article_modified_time":"2025-08-14T13:41:45+00:00","og_image":[{"width":2560,"height":684,"url":"https:\/\/www.unibricks.be\/wp-content\/uploads\/2022\/09\/Unibricks-Team-scaled-e1674550771605.jpg","type":"image\/jpeg"}],"twitter_card":"summary_large_image","twitter_misc":{"Dur\u00e9e de lecture estim\u00e9e":"6 minutes"},"schema":{"@context":"https:\/\/schema.org","@graph":[{"@type":"WebPage","@id":"https:\/\/www.unibricks.be\/fr\/a-propos-de-nous\/","url":"https:\/\/www.unibricks.be\/fr\/a-propos-de-nous\/","name":"\u00c0 propos de nous - Unibricks: \u00c0 propos de Unibricks","isPartOf":{"@id":"https:\/\/www.unibricks.be\/fr\/#website"},"primaryImageOfPage":{"@id":"https:\/\/www.unibricks.be\/fr\/a-propos-de-nous\/#primaryimage"},"image":{"@id":"https:\/\/www.unibricks.be\/fr\/a-propos-de-nous\/#primaryimage"},"thumbnailUrl":"https:\/\/www.unibricks.be\/wp-content\/uploads\/2022\/09\/Unibricks-Team-scaled-e1674550771605.jpg","datePublished":"2021-05-27T06:42:30+00:00","dateModified":"2025-08-14T13:41:45+00:00","description":"Rendre l'immobilier d'investissement accessible \u00e0 un plus grand public. Parce que tout le monde a le droit d'avoir un avenir s\u00fbr.","breadcrumb":{"@id":"https:\/\/www.unibricks.be\/fr\/a-propos-de-nous\/#breadcrumb"},"inLanguage":"fr-FR","potentialAction":[{"@type":"ReadAction","target":["https:\/\/www.unibricks.be\/fr\/a-propos-de-nous\/"]}]},{"@type":"ImageObject","inLanguage":"fr-FR","@id":"https:\/\/www.unibricks.be\/fr\/a-propos-de-nous\/#primaryimage","url":"https:\/\/www.unibricks.be\/wp-content\/uploads\/2022\/09\/Unibricks-Team-scaled-e1674550771605.jpg","contentUrl":"https:\/\/www.unibricks.be\/wp-content\/uploads\/2022\/09\/Unibricks-Team-scaled-e1674550771605.jpg","width":2560,"height":684},{"@type":"BreadcrumbList","@id":"https:\/\/www.unibricks.be\/fr\/a-propos-de-nous\/#breadcrumb","itemListElement":[{"@type":"ListItem","position":1,"name":"Home","item":"https:\/\/www.unibricks.be\/fr\/"},{"@type":"ListItem","position":2,"name":"\u00c0 propos de nous"}]},{"@type":"WebSite","@id":"https:\/\/www.unibricks.be\/fr\/#website","url":"https:\/\/www.unibricks.be\/fr\/","name":"Unibricks","description":"","publisher":{"@id":"https:\/\/www.unibricks.be\/fr\/#organization"},"potentialAction":[{"@type":"SearchAction","target":{"@type":"EntryPoint","urlTemplate":"https:\/\/www.unibricks.be\/fr\/?s={search_term_string}"},"query-input":{"@type":"PropertyValueSpecification","valueRequired":true,"valueName":"search_term_string"}}],"inLanguage":"fr-FR"},{"@type":"Organization","@id":"https:\/\/www.unibricks.be\/fr\/#organization","name":"Unibricks","url":"https:\/\/www.unibricks.be\/fr\/","logo":{"@type":"ImageObject","inLanguage":"fr-FR","@id":"https:\/\/www.unibricks.be\/fr\/#\/schema\/logo\/image\/","url":"https:\/\/www.unibricks.be\/wp-content\/uploads\/2021\/06\/logo.png","contentUrl":"https:\/\/www.unibricks.be\/wp-content\/uploads\/2021\/06\/logo.png","width":303,"height":48,"caption":"Unibricks"},"image":{"@id":"https:\/\/www.unibricks.be\/fr\/#\/schema\/logo\/image\/"}}]}},"_links":{"self":[{"href":"https:\/\/www.unibricks.be\/fr\/wp-json\/wp\/v2\/pages\/536","targetHints":{"allow":["GET"]}}],"collection":[{"href":"https:\/\/www.unibricks.be\/fr\/wp-json\/wp\/v2\/pages"}],"about":[{"href":"https:\/\/www.unibricks.be\/fr\/wp-json\/wp\/v2\/types\/page"}],"author":[{"embeddable":true,"href":"https:\/\/www.unibricks.be\/fr\/wp-json\/wp\/v2\/users\/1"}],"replies":[{"embeddable":true,"href":"https:\/\/www.unibricks.be\/fr\/wp-json\/wp\/v2\/comments?post=536"}],"version-history":[{"count":17,"href":"https:\/\/www.unibricks.be\/fr\/wp-json\/wp\/v2\/pages\/536\/revisions"}],"predecessor-version":[{"id":11418,"href":"https:\/\/www.unibricks.be\/fr\/wp-json\/wp\/v2\/pages\/536\/revisions\/11418"}],"wp:featuredmedia":[{"embeddable":true,"href":"https:\/\/www.unibricks.be\/fr\/wp-json\/wp\/v2\/media\/4331"}],"wp:attachment":[{"href":"https:\/\/www.unibricks.be\/fr\/wp-json\/wp\/v2\/media?parent=536"}],"wp:term":[{"taxonomy":"post_tag","embeddable":true,"href":"https:\/\/www.unibricks.be\/fr\/wp-json\/wp\/v2\/tags?post=536"}],"curies":[{"name":"wp","href":"https:\/\/api.w.org\/{rel}","templated":true}]}}