{"id":1940,"date":"2021-08-10T11:15:43","date_gmt":"2021-08-10T09:15:43","guid":{"rendered":"https:\/\/www.unibricks.be\/?page_id=1940"},"modified":"2026-03-24T16:02:31","modified_gmt":"2026-03-24T14:02:31","slug":"immobilier-social","status":"publish","type":"page","link":"https:\/\/www.unibricks.be\/fr\/immobilier-social\/","title":{"rendered":"Immobilier social"},"content":{"rendered":"<h2><b>Revenus garanti<\/b><\/h2>\n<p><span style=\"font-weight: 400;\">Quand on pense \u00e0 investir, on ne pense pas forc\u00e9ment \u00e0 r\u00e9soudre un probl\u00e8me social. Pourtant, c&#8217;est exactement ce que vous faites lorsque vous investissez dans l&#8217;immobilier social. Depuis des ann\u00e9es, la Belgique conna\u00eet une p\u00e9nurie alarmante de logements abordables. Ce besoin a donn\u00e9 lieu \u00e0 un partenariat entre Unibricks et une agence bruxelloise de logement social (SVK). Le r\u00e9sultat est une situation gagnant-gagnant pour toutes les parties concern\u00e9es. En tant qu&#8217;investisseur, vous louez \u00e0 la SVK, ce qui signifie qu&#8217;elle s&#8217;occupe du contact avec les locataires, de l&#8217;administration et des risques. Votre revenu mensuel suppl\u00e9mentaire est donc garanti. Et cela pendant 25 ans !<\/span><\/p>\n<p><span style=\"font-weight: 400;\">Si vous aimez savoir o\u00f9 vous en \u00eates et si la s\u00e9curit\u00e9 est importante pour vous, l&#8217;immobilier social est fait pour vous !<\/span><\/p>\n","protected":false},"excerpt":{"rendered":"<p>Revenus garanti Quand on pense \u00e0 investir, on ne pense pas forc\u00e9ment \u00e0 r\u00e9soudre un probl\u00e8me&#8230;<\/p>\n","protected":false},"author":1,"featured_media":0,"parent":0,"menu_order":0,"comment_status":"closed","ping_status":"closed","template":"","meta":{"_acf_changed":false,"content-type":"","inline_featured_image":false,"footnotes":""},"tags":[],"class_list":["post-1940","page","type-page","status-publish","hentry"],"acf":[],"yoast_head":"<!-- This site is optimized with the Yoast SEO Premium plugin v24.3 (Yoast SEO v27.0) - https:\/\/yoast.com\/product\/yoast-seo-premium-wordpress\/ -->\n<title>Immobilier social avec revenus garantis - Unibricks<\/title>\n<meta name=\"description\" content=\"Si vous aimez savoir o\u00f9 vous en \u00eates et si la s\u00e9curit\u00e9 est importante pour vous, l&#039;immobilier social est fait pour vous!\" \/>\n<meta name=\"robots\" content=\"index, follow, max-snippet:-1, max-image-preview:large, max-video-preview:-1\" \/>\n<link rel=\"canonical\" href=\"https:\/\/www.unibricks.be\/fr\/immobilier-social\/\" \/>\n<meta property=\"og:locale\" content=\"fr_FR\" \/>\n<meta property=\"og:type\" content=\"article\" \/>\n<meta property=\"og:title\" content=\"Immobilier social\" \/>\n<meta property=\"og:description\" content=\"Si vous aimez savoir o\u00f9 vous en \u00eates et si la s\u00e9curit\u00e9 est importante pour vous, l&#039;immobilier social est fait pour vous!\" \/>\n<meta property=\"og:url\" content=\"https:\/\/www.unibricks.be\/fr\/immobilier-social\/\" \/>\n<meta property=\"og:site_name\" content=\"Unibricks\" \/>\n<meta property=\"article:modified_time\" content=\"2026-03-24T14:02:31+00:00\" \/>\n<meta name=\"twitter:card\" content=\"summary_large_image\" \/>\n<meta name=\"twitter:label1\" content=\"Dur\u00e9e de lecture estim\u00e9e\" \/>\n\t<meta name=\"twitter:data1\" content=\"1 minute\" \/>\n<script type=\"application\/ld+json\" class=\"yoast-schema-graph\">{\"@context\":\"https:\/\/schema.org\",\"@graph\":[{\"@type\":\"WebPage\",\"@id\":\"https:\/\/www.unibricks.be\/fr\/immobilier-social\/\",\"url\":\"https:\/\/www.unibricks.be\/fr\/immobilier-social\/\",\"name\":\"Immobilier social avec revenus garantis - Unibricks\",\"isPartOf\":{\"@id\":\"https:\/\/www.unibricks.be\/fr\/#website\"},\"datePublished\":\"2021-08-10T09:15:43+00:00\",\"dateModified\":\"2026-03-24T14:02:31+00:00\",\"description\":\"Si vous aimez savoir o\u00f9 vous en \u00eates et si la s\u00e9curit\u00e9 est importante pour vous, l'immobilier social est fait pour vous!\",\"breadcrumb\":{\"@id\":\"https:\/\/www.unibricks.be\/fr\/immobilier-social\/#breadcrumb\"},\"inLanguage\":\"fr-FR\",\"potentialAction\":[{\"@type\":\"ReadAction\",\"target\":[\"https:\/\/www.unibricks.be\/fr\/immobilier-social\/\"]}]},{\"@type\":\"BreadcrumbList\",\"@id\":\"https:\/\/www.unibricks.be\/fr\/immobilier-social\/#breadcrumb\",\"itemListElement\":[{\"@type\":\"ListItem\",\"position\":1,\"name\":\"Home\",\"item\":\"https:\/\/www.unibricks.be\/fr\/\"},{\"@type\":\"ListItem\",\"position\":2,\"name\":\"Immobilier social\"}]},{\"@type\":\"WebSite\",\"@id\":\"https:\/\/www.unibricks.be\/fr\/#website\",\"url\":\"https:\/\/www.unibricks.be\/fr\/\",\"name\":\"Unibricks\",\"description\":\"\",\"publisher\":{\"@id\":\"https:\/\/www.unibricks.be\/fr\/#organization\"},\"potentialAction\":[{\"@type\":\"SearchAction\",\"target\":{\"@type\":\"EntryPoint\",\"urlTemplate\":\"https:\/\/www.unibricks.be\/fr\/?s={search_term_string}\"},\"query-input\":{\"@type\":\"PropertyValueSpecification\",\"valueRequired\":true,\"valueName\":\"search_term_string\"}}],\"inLanguage\":\"fr-FR\"},{\"@type\":\"Organization\",\"@id\":\"https:\/\/www.unibricks.be\/fr\/#organization\",\"name\":\"Unibricks\",\"url\":\"https:\/\/www.unibricks.be\/fr\/\",\"logo\":{\"@type\":\"ImageObject\",\"inLanguage\":\"fr-FR\",\"@id\":\"https:\/\/www.unibricks.be\/fr\/#\/schema\/logo\/image\/\",\"url\":\"https:\/\/www.unibricks.be\/wp-content\/uploads\/2021\/06\/logo.png\",\"contentUrl\":\"https:\/\/www.unibricks.be\/wp-content\/uploads\/2021\/06\/logo.png\",\"width\":303,\"height\":48,\"caption\":\"Unibricks\"},\"image\":{\"@id\":\"https:\/\/www.unibricks.be\/fr\/#\/schema\/logo\/image\/\"}}]}<\/script>\n<!-- \/ Yoast SEO Premium plugin. -->","yoast_head_json":{"title":"Immobilier social avec revenus garantis - Unibricks","description":"Si vous aimez savoir o\u00f9 vous en \u00eates et si la s\u00e9curit\u00e9 est importante pour vous, l'immobilier social est fait pour vous!","robots":{"index":"index","follow":"follow","max-snippet":"max-snippet:-1","max-image-preview":"max-image-preview:large","max-video-preview":"max-video-preview:-1"},"canonical":"https:\/\/www.unibricks.be\/fr\/immobilier-social\/","og_locale":"fr_FR","og_type":"article","og_title":"Immobilier social","og_description":"Si vous aimez savoir o\u00f9 vous en \u00eates et si la s\u00e9curit\u00e9 est importante pour vous, l'immobilier social est fait pour vous!","og_url":"https:\/\/www.unibricks.be\/fr\/immobilier-social\/","og_site_name":"Unibricks","article_modified_time":"2026-03-24T14:02:31+00:00","twitter_card":"summary_large_image","twitter_misc":{"Dur\u00e9e de lecture estim\u00e9e":"1 minute"},"schema":{"@context":"https:\/\/schema.org","@graph":[{"@type":"WebPage","@id":"https:\/\/www.unibricks.be\/fr\/immobilier-social\/","url":"https:\/\/www.unibricks.be\/fr\/immobilier-social\/","name":"Immobilier social avec revenus garantis - Unibricks","isPartOf":{"@id":"https:\/\/www.unibricks.be\/fr\/#website"},"datePublished":"2021-08-10T09:15:43+00:00","dateModified":"2026-03-24T14:02:31+00:00","description":"Si vous aimez savoir o\u00f9 vous en \u00eates et si la s\u00e9curit\u00e9 est importante pour vous, l'immobilier social est fait pour vous!","breadcrumb":{"@id":"https:\/\/www.unibricks.be\/fr\/immobilier-social\/#breadcrumb"},"inLanguage":"fr-FR","potentialAction":[{"@type":"ReadAction","target":["https:\/\/www.unibricks.be\/fr\/immobilier-social\/"]}]},{"@type":"BreadcrumbList","@id":"https:\/\/www.unibricks.be\/fr\/immobilier-social\/#breadcrumb","itemListElement":[{"@type":"ListItem","position":1,"name":"Home","item":"https:\/\/www.unibricks.be\/fr\/"},{"@type":"ListItem","position":2,"name":"Immobilier social"}]},{"@type":"WebSite","@id":"https:\/\/www.unibricks.be\/fr\/#website","url":"https:\/\/www.unibricks.be\/fr\/","name":"Unibricks","description":"","publisher":{"@id":"https:\/\/www.unibricks.be\/fr\/#organization"},"potentialAction":[{"@type":"SearchAction","target":{"@type":"EntryPoint","urlTemplate":"https:\/\/www.unibricks.be\/fr\/?s={search_term_string}"},"query-input":{"@type":"PropertyValueSpecification","valueRequired":true,"valueName":"search_term_string"}}],"inLanguage":"fr-FR"},{"@type":"Organization","@id":"https:\/\/www.unibricks.be\/fr\/#organization","name":"Unibricks","url":"https:\/\/www.unibricks.be\/fr\/","logo":{"@type":"ImageObject","inLanguage":"fr-FR","@id":"https:\/\/www.unibricks.be\/fr\/#\/schema\/logo\/image\/","url":"https:\/\/www.unibricks.be\/wp-content\/uploads\/2021\/06\/logo.png","contentUrl":"https:\/\/www.unibricks.be\/wp-content\/uploads\/2021\/06\/logo.png","width":303,"height":48,"caption":"Unibricks"},"image":{"@id":"https:\/\/www.unibricks.be\/fr\/#\/schema\/logo\/image\/"}}]}},"_links":{"self":[{"href":"https:\/\/www.unibricks.be\/fr\/wp-json\/wp\/v2\/pages\/1940","targetHints":{"allow":["GET"]}}],"collection":[{"href":"https:\/\/www.unibricks.be\/fr\/wp-json\/wp\/v2\/pages"}],"about":[{"href":"https:\/\/www.unibricks.be\/fr\/wp-json\/wp\/v2\/types\/page"}],"author":[{"embeddable":true,"href":"https:\/\/www.unibricks.be\/fr\/wp-json\/wp\/v2\/users\/1"}],"replies":[{"embeddable":true,"href":"https:\/\/www.unibricks.be\/fr\/wp-json\/wp\/v2\/comments?post=1940"}],"version-history":[{"count":1,"href":"https:\/\/www.unibricks.be\/fr\/wp-json\/wp\/v2\/pages\/1940\/revisions"}],"predecessor-version":[{"id":13530,"href":"https:\/\/www.unibricks.be\/fr\/wp-json\/wp\/v2\/pages\/1940\/revisions\/13530"}],"wp:attachment":[{"href":"https:\/\/www.unibricks.be\/fr\/wp-json\/wp\/v2\/media?parent=1940"}],"wp:term":[{"taxonomy":"post_tag","embeddable":true,"href":"https:\/\/www.unibricks.be\/fr\/wp-json\/wp\/v2\/tags?post=1940"}],"curies":[{"name":"wp","href":"https:\/\/api.w.org\/{rel}","templated":true}]}}