{"id":1938,"date":"2021-08-10T11:14:23","date_gmt":"2021-08-10T09:14:23","guid":{"rendered":"https:\/\/www.unibricks.be\/?page_id=1938"},"modified":"2021-08-10T13:58:23","modified_gmt":"2021-08-10T11:58:23","slug":"limmobilier-etudiant","status":"publish","type":"page","link":"https:\/\/www.unibricks.be\/fr\/limmobilier-etudiant\/","title":{"rendered":"Immobilier \u00e9tudiant"},"content":{"rendered":"<h2><b>Investissez dans l&#8217;avenir<\/b><\/h2>\n<p><span style=\"font-weight: 400;\">Il n&#8217;est pas n\u00e9cessaire d&#8217;avoir une formation \u00e9conomique pour savoir que lorsque la demande est sup\u00e9rieure \u00e0 l&#8217;offre, le fournisseur est gagnant. Il en va de m\u00eame pour l&#8217;immobilier (\u00e9tudiant). Ann\u00e9e apr\u00e8s ann\u00e9e, le nombre d&#8217;\u00e9tudiants en Belgique continue d&#8217;augmenter, mais l&#8217;offre de logements ne cro\u00eet pas assez vite. D&#8217;ici \u00e0 2030, la Belgique aura besoin de 95 000 chambres suppl\u00e9mentaires, principalement pour accueillir l&#8217;important afflux d&#8217;\u00e9tudiants \u00e9trangers.<\/span><\/p>\n<p><span style=\"font-weight: 400;\">La gestion de l&#8217;immobilier \u00e9tudiant peut \u00eatre assez laborieuse, en raison de la forte rotation des r\u00e9sidents. Les \u00e9tudiants arrivent et repartent \u00e0 un rythme rapide, ce qui vous oblige \u00e0 vous occuper r\u00e9guli\u00e8rement des t\u00e2ches d&#8217;entretien et de la paperasserie. \u00c0 moins d&#8217;opter pour le service de location, qui comprend \u00e0 la fois la recherche r\u00e9currente de locataires et le suivi.<\/span><\/p>\n","protected":false},"excerpt":{"rendered":"<p>Investissez dans l&#8217;avenir Il n&#8217;est pas n\u00e9cessaire d&#8217;avoir une formation \u00e9conomique pour savoir que lorsque la&#8230;<\/p>\n","protected":false},"author":1,"featured_media":0,"parent":0,"menu_order":0,"comment_status":"closed","ping_status":"closed","template":"","meta":{"_acf_changed":false,"content-type":"","inline_featured_image":false,"footnotes":""},"tags":[],"class_list":["post-1938","page","type-page","status-publish","hentry"],"acf":[],"yoast_head":"<!-- This site is optimized with the Yoast SEO Premium plugin v24.3 (Yoast SEO v27.0) - https:\/\/yoast.com\/product\/yoast-seo-premium-wordpress\/ -->\n<title>Immobilier \u00e9tudiant - Investissez dans l&#039;avenir - Unibricks<\/title>\n<meta name=\"description\" content=\"Le nombre d&#039;\u00e9tudiants en Belgique continue d&#039;augmenter, mais l&#039;offre de logements ne cro\u00eet pas assez vite. Pourquoi investissez dans l&#039;avenir?\" \/>\n<meta name=\"robots\" content=\"index, follow, max-snippet:-1, max-image-preview:large, max-video-preview:-1\" \/>\n<link rel=\"canonical\" href=\"https:\/\/www.unibricks.be\/fr\/limmobilier-etudiant\/\" \/>\n<meta property=\"og:locale\" content=\"fr_FR\" \/>\n<meta property=\"og:type\" content=\"article\" \/>\n<meta property=\"og:title\" content=\"Immobilier \u00e9tudiant\" \/>\n<meta property=\"og:description\" content=\"Le nombre d&#039;\u00e9tudiants en Belgique continue d&#039;augmenter, mais l&#039;offre de logements ne cro\u00eet pas assez vite. Pourquoi investissez dans l&#039;avenir?\" \/>\n<meta property=\"og:url\" content=\"https:\/\/www.unibricks.be\/fr\/limmobilier-etudiant\/\" \/>\n<meta property=\"og:site_name\" content=\"Unibricks\" \/>\n<meta property=\"article:modified_time\" content=\"2021-08-10T11:58:23+00:00\" \/>\n<meta name=\"twitter:card\" content=\"summary_large_image\" \/>\n<meta name=\"twitter:label1\" content=\"Dur\u00e9e de lecture estim\u00e9e\" \/>\n\t<meta name=\"twitter:data1\" content=\"1 minute\" \/>\n<script type=\"application\/ld+json\" class=\"yoast-schema-graph\">{\"@context\":\"https:\/\/schema.org\",\"@graph\":[{\"@type\":\"WebPage\",\"@id\":\"https:\/\/www.unibricks.be\/fr\/limmobilier-etudiant\/\",\"url\":\"https:\/\/www.unibricks.be\/fr\/limmobilier-etudiant\/\",\"name\":\"Immobilier \u00e9tudiant - Investissez dans l'avenir - Unibricks\",\"isPartOf\":{\"@id\":\"https:\/\/www.unibricks.be\/fr\/#website\"},\"datePublished\":\"2021-08-10T09:14:23+00:00\",\"dateModified\":\"2021-08-10T11:58:23+00:00\",\"description\":\"Le nombre d'\u00e9tudiants en Belgique continue d'augmenter, mais l'offre de logements ne cro\u00eet pas assez vite. Pourquoi investissez dans l'avenir?\",\"breadcrumb\":{\"@id\":\"https:\/\/www.unibricks.be\/fr\/limmobilier-etudiant\/#breadcrumb\"},\"inLanguage\":\"fr-FR\",\"potentialAction\":[{\"@type\":\"ReadAction\",\"target\":[\"https:\/\/www.unibricks.be\/fr\/limmobilier-etudiant\/\"]}]},{\"@type\":\"BreadcrumbList\",\"@id\":\"https:\/\/www.unibricks.be\/fr\/limmobilier-etudiant\/#breadcrumb\",\"itemListElement\":[{\"@type\":\"ListItem\",\"position\":1,\"name\":\"Home\",\"item\":\"https:\/\/www.unibricks.be\/fr\/\"},{\"@type\":\"ListItem\",\"position\":2,\"name\":\"Immobilier \u00e9tudiant\"}]},{\"@type\":\"WebSite\",\"@id\":\"https:\/\/www.unibricks.be\/fr\/#website\",\"url\":\"https:\/\/www.unibricks.be\/fr\/\",\"name\":\"Unibricks\",\"description\":\"\",\"publisher\":{\"@id\":\"https:\/\/www.unibricks.be\/fr\/#organization\"},\"potentialAction\":[{\"@type\":\"SearchAction\",\"target\":{\"@type\":\"EntryPoint\",\"urlTemplate\":\"https:\/\/www.unibricks.be\/fr\/?s={search_term_string}\"},\"query-input\":{\"@type\":\"PropertyValueSpecification\",\"valueRequired\":true,\"valueName\":\"search_term_string\"}}],\"inLanguage\":\"fr-FR\"},{\"@type\":\"Organization\",\"@id\":\"https:\/\/www.unibricks.be\/fr\/#organization\",\"name\":\"Unibricks\",\"url\":\"https:\/\/www.unibricks.be\/fr\/\",\"logo\":{\"@type\":\"ImageObject\",\"inLanguage\":\"fr-FR\",\"@id\":\"https:\/\/www.unibricks.be\/fr\/#\/schema\/logo\/image\/\",\"url\":\"https:\/\/www.unibricks.be\/wp-content\/uploads\/2021\/06\/logo.png\",\"contentUrl\":\"https:\/\/www.unibricks.be\/wp-content\/uploads\/2021\/06\/logo.png\",\"width\":303,\"height\":48,\"caption\":\"Unibricks\"},\"image\":{\"@id\":\"https:\/\/www.unibricks.be\/fr\/#\/schema\/logo\/image\/\"}}]}<\/script>\n<!-- \/ Yoast SEO Premium plugin. -->","yoast_head_json":{"title":"Immobilier \u00e9tudiant - Investissez dans l'avenir - Unibricks","description":"Le nombre d'\u00e9tudiants en Belgique continue d'augmenter, mais l'offre de logements ne cro\u00eet pas assez vite. Pourquoi investissez dans l'avenir?","robots":{"index":"index","follow":"follow","max-snippet":"max-snippet:-1","max-image-preview":"max-image-preview:large","max-video-preview":"max-video-preview:-1"},"canonical":"https:\/\/www.unibricks.be\/fr\/limmobilier-etudiant\/","og_locale":"fr_FR","og_type":"article","og_title":"Immobilier \u00e9tudiant","og_description":"Le nombre d'\u00e9tudiants en Belgique continue d'augmenter, mais l'offre de logements ne cro\u00eet pas assez vite. Pourquoi investissez dans l'avenir?","og_url":"https:\/\/www.unibricks.be\/fr\/limmobilier-etudiant\/","og_site_name":"Unibricks","article_modified_time":"2021-08-10T11:58:23+00:00","twitter_card":"summary_large_image","twitter_misc":{"Dur\u00e9e de lecture estim\u00e9e":"1 minute"},"schema":{"@context":"https:\/\/schema.org","@graph":[{"@type":"WebPage","@id":"https:\/\/www.unibricks.be\/fr\/limmobilier-etudiant\/","url":"https:\/\/www.unibricks.be\/fr\/limmobilier-etudiant\/","name":"Immobilier \u00e9tudiant - Investissez dans l'avenir - Unibricks","isPartOf":{"@id":"https:\/\/www.unibricks.be\/fr\/#website"},"datePublished":"2021-08-10T09:14:23+00:00","dateModified":"2021-08-10T11:58:23+00:00","description":"Le nombre d'\u00e9tudiants en Belgique continue d'augmenter, mais l'offre de logements ne cro\u00eet pas assez vite. Pourquoi investissez dans l'avenir?","breadcrumb":{"@id":"https:\/\/www.unibricks.be\/fr\/limmobilier-etudiant\/#breadcrumb"},"inLanguage":"fr-FR","potentialAction":[{"@type":"ReadAction","target":["https:\/\/www.unibricks.be\/fr\/limmobilier-etudiant\/"]}]},{"@type":"BreadcrumbList","@id":"https:\/\/www.unibricks.be\/fr\/limmobilier-etudiant\/#breadcrumb","itemListElement":[{"@type":"ListItem","position":1,"name":"Home","item":"https:\/\/www.unibricks.be\/fr\/"},{"@type":"ListItem","position":2,"name":"Immobilier \u00e9tudiant"}]},{"@type":"WebSite","@id":"https:\/\/www.unibricks.be\/fr\/#website","url":"https:\/\/www.unibricks.be\/fr\/","name":"Unibricks","description":"","publisher":{"@id":"https:\/\/www.unibricks.be\/fr\/#organization"},"potentialAction":[{"@type":"SearchAction","target":{"@type":"EntryPoint","urlTemplate":"https:\/\/www.unibricks.be\/fr\/?s={search_term_string}"},"query-input":{"@type":"PropertyValueSpecification","valueRequired":true,"valueName":"search_term_string"}}],"inLanguage":"fr-FR"},{"@type":"Organization","@id":"https:\/\/www.unibricks.be\/fr\/#organization","name":"Unibricks","url":"https:\/\/www.unibricks.be\/fr\/","logo":{"@type":"ImageObject","inLanguage":"fr-FR","@id":"https:\/\/www.unibricks.be\/fr\/#\/schema\/logo\/image\/","url":"https:\/\/www.unibricks.be\/wp-content\/uploads\/2021\/06\/logo.png","contentUrl":"https:\/\/www.unibricks.be\/wp-content\/uploads\/2021\/06\/logo.png","width":303,"height":48,"caption":"Unibricks"},"image":{"@id":"https:\/\/www.unibricks.be\/fr\/#\/schema\/logo\/image\/"}}]}},"_links":{"self":[{"href":"https:\/\/www.unibricks.be\/fr\/wp-json\/wp\/v2\/pages\/1938","targetHints":{"allow":["GET"]}}],"collection":[{"href":"https:\/\/www.unibricks.be\/fr\/wp-json\/wp\/v2\/pages"}],"about":[{"href":"https:\/\/www.unibricks.be\/fr\/wp-json\/wp\/v2\/types\/page"}],"author":[{"embeddable":true,"href":"https:\/\/www.unibricks.be\/fr\/wp-json\/wp\/v2\/users\/1"}],"replies":[{"embeddable":true,"href":"https:\/\/www.unibricks.be\/fr\/wp-json\/wp\/v2\/comments?post=1938"}],"version-history":[{"count":0,"href":"https:\/\/www.unibricks.be\/fr\/wp-json\/wp\/v2\/pages\/1938\/revisions"}],"wp:attachment":[{"href":"https:\/\/www.unibricks.be\/fr\/wp-json\/wp\/v2\/media?parent=1938"}],"wp:term":[{"taxonomy":"post_tag","embeddable":true,"href":"https:\/\/www.unibricks.be\/fr\/wp-json\/wp\/v2\/tags?post=1938"}],"curies":[{"name":"wp","href":"https:\/\/api.w.org\/{rel}","templated":true}]}}