{"id":12078,"date":"2025-10-17T10:38:48","date_gmt":"2025-10-17T08:38:48","guid":{"rendered":"https:\/\/www.unibricks.be\/rendement-dune-chambre-dhotel-guide-complet-pour-investir-dans-lhotellerie\/"},"modified":"2025-10-17T13:17:32","modified_gmt":"2025-10-17T11:17:32","slug":"immobilier-a-vendre-ardennes","status":"publish","type":"page","link":"https:\/\/www.unibricks.be\/fr\/immobilier-a-vendre-ardennes\/","title":{"rendered":"Immobilier \u00e0 vendre dans les ardennes"},"content":{"rendered":"","protected":false},"excerpt":{"rendered":"","protected":false},"author":17,"featured_media":0,"parent":0,"menu_order":0,"comment_status":"closed","ping_status":"closed","template":"","meta":{"_acf_changed":false,"content-type":"","inline_featured_image":false,"footnotes":""},"tags":[158],"class_list":["post-12078","page","type-page","status-publish","hentry","tag-lp-2025-fr"],"acf":[],"yoast_head":"<!-- This site is optimized with the Yoast SEO Premium plugin v24.3 (Yoast SEO v27.0) - https:\/\/yoast.com\/product\/yoast-seo-premium-wordpress\/ -->\n<title>Immobilier dans les Ardennes- Unibricks<\/title>\n<meta name=\"description\" content=\"D\u00e9couvrez les meilleures opportunit\u00e9s immobili\u00e8res dans les Ardennes : chalets, g\u00eetes, maisons de vacances et r\u00e9sidences secondaires \u00e0 vendre. Investissez dans une r\u00e9gion naturelle et rentable avec Unibricks.\" \/>\n<meta name=\"robots\" content=\"index, follow, max-snippet:-1, max-image-preview:large, max-video-preview:-1\" \/>\n<link rel=\"canonical\" href=\"https:\/\/www.unibricks.be\/fr\/immobilier-a-vendre-ardennes\/\" \/>\n<meta property=\"og:locale\" content=\"fr_FR\" \/>\n<meta property=\"og:type\" content=\"article\" \/>\n<meta property=\"og:title\" content=\"Immobilier \u00e0 vendre dans les ardennes\" \/>\n<meta property=\"og:description\" content=\"D\u00e9couvrez les meilleures opportunit\u00e9s immobili\u00e8res dans les Ardennes : chalets, g\u00eetes, maisons de vacances et r\u00e9sidences secondaires \u00e0 vendre. Investissez dans une r\u00e9gion naturelle et rentable avec Unibricks.\" \/>\n<meta property=\"og:url\" content=\"https:\/\/www.unibricks.be\/fr\/immobilier-a-vendre-ardennes\/\" \/>\n<meta property=\"og:site_name\" content=\"Unibricks\" \/>\n<meta property=\"article:modified_time\" content=\"2025-10-17T11:17:32+00:00\" \/>\n<meta name=\"twitter:card\" content=\"summary_large_image\" \/>\n<meta name=\"twitter:label1\" content=\"Dur\u00e9e de lecture estim\u00e9e\" \/>\n\t<meta name=\"twitter:data1\" content=\"8 minutes\" \/>\n<script type=\"application\/ld+json\" class=\"yoast-schema-graph\">{\"@context\":\"https:\/\/schema.org\",\"@graph\":[{\"@type\":\"WebPage\",\"@id\":\"https:\/\/www.unibricks.be\/fr\/immobilier-a-vendre-ardennes\/\",\"url\":\"https:\/\/www.unibricks.be\/fr\/immobilier-a-vendre-ardennes\/\",\"name\":\"Immobilier dans les Ardennes- Unibricks\",\"isPartOf\":{\"@id\":\"https:\/\/www.unibricks.be\/fr\/#website\"},\"datePublished\":\"2025-10-17T08:38:48+00:00\",\"dateModified\":\"2025-10-17T11:17:32+00:00\",\"description\":\"D\u00e9couvrez les meilleures opportunit\u00e9s immobili\u00e8res dans les Ardennes : chalets, g\u00eetes, maisons de vacances et r\u00e9sidences secondaires \u00e0 vendre. Investissez dans une r\u00e9gion naturelle et rentable avec Unibricks.\",\"breadcrumb\":{\"@id\":\"https:\/\/www.unibricks.be\/fr\/immobilier-a-vendre-ardennes\/#breadcrumb\"},\"inLanguage\":\"fr-FR\",\"potentialAction\":[{\"@type\":\"ReadAction\",\"target\":[\"https:\/\/www.unibricks.be\/fr\/immobilier-a-vendre-ardennes\/\"]}]},{\"@type\":\"BreadcrumbList\",\"@id\":\"https:\/\/www.unibricks.be\/fr\/immobilier-a-vendre-ardennes\/#breadcrumb\",\"itemListElement\":[{\"@type\":\"ListItem\",\"position\":1,\"name\":\"Home\",\"item\":\"https:\/\/www.unibricks.be\/fr\/\"},{\"@type\":\"ListItem\",\"position\":2,\"name\":\"Immobilier \u00e0 vendre dans les ardennes\"}]},{\"@type\":\"WebSite\",\"@id\":\"https:\/\/www.unibricks.be\/fr\/#website\",\"url\":\"https:\/\/www.unibricks.be\/fr\/\",\"name\":\"Unibricks\",\"description\":\"\",\"publisher\":{\"@id\":\"https:\/\/www.unibricks.be\/fr\/#organization\"},\"potentialAction\":[{\"@type\":\"SearchAction\",\"target\":{\"@type\":\"EntryPoint\",\"urlTemplate\":\"https:\/\/www.unibricks.be\/fr\/?s={search_term_string}\"},\"query-input\":{\"@type\":\"PropertyValueSpecification\",\"valueRequired\":true,\"valueName\":\"search_term_string\"}}],\"inLanguage\":\"fr-FR\"},{\"@type\":\"Organization\",\"@id\":\"https:\/\/www.unibricks.be\/fr\/#organization\",\"name\":\"Unibricks\",\"url\":\"https:\/\/www.unibricks.be\/fr\/\",\"logo\":{\"@type\":\"ImageObject\",\"inLanguage\":\"fr-FR\",\"@id\":\"https:\/\/www.unibricks.be\/fr\/#\/schema\/logo\/image\/\",\"url\":\"https:\/\/www.unibricks.be\/wp-content\/uploads\/2021\/06\/logo.png\",\"contentUrl\":\"https:\/\/www.unibricks.be\/wp-content\/uploads\/2021\/06\/logo.png\",\"width\":303,\"height\":48,\"caption\":\"Unibricks\"},\"image\":{\"@id\":\"https:\/\/www.unibricks.be\/fr\/#\/schema\/logo\/image\/\"}}]}<\/script>\n<!-- \/ Yoast SEO Premium plugin. -->","yoast_head_json":{"title":"Immobilier dans les Ardennes- Unibricks","description":"D\u00e9couvrez les meilleures opportunit\u00e9s immobili\u00e8res dans les Ardennes : chalets, g\u00eetes, maisons de vacances et r\u00e9sidences secondaires \u00e0 vendre. Investissez dans une r\u00e9gion naturelle et rentable avec Unibricks.","robots":{"index":"index","follow":"follow","max-snippet":"max-snippet:-1","max-image-preview":"max-image-preview:large","max-video-preview":"max-video-preview:-1"},"canonical":"https:\/\/www.unibricks.be\/fr\/immobilier-a-vendre-ardennes\/","og_locale":"fr_FR","og_type":"article","og_title":"Immobilier \u00e0 vendre dans les ardennes","og_description":"D\u00e9couvrez les meilleures opportunit\u00e9s immobili\u00e8res dans les Ardennes : chalets, g\u00eetes, maisons de vacances et r\u00e9sidences secondaires \u00e0 vendre. Investissez dans une r\u00e9gion naturelle et rentable avec Unibricks.","og_url":"https:\/\/www.unibricks.be\/fr\/immobilier-a-vendre-ardennes\/","og_site_name":"Unibricks","article_modified_time":"2025-10-17T11:17:32+00:00","twitter_card":"summary_large_image","twitter_misc":{"Dur\u00e9e de lecture estim\u00e9e":"8 minutes"},"schema":{"@context":"https:\/\/schema.org","@graph":[{"@type":"WebPage","@id":"https:\/\/www.unibricks.be\/fr\/immobilier-a-vendre-ardennes\/","url":"https:\/\/www.unibricks.be\/fr\/immobilier-a-vendre-ardennes\/","name":"Immobilier dans les Ardennes- Unibricks","isPartOf":{"@id":"https:\/\/www.unibricks.be\/fr\/#website"},"datePublished":"2025-10-17T08:38:48+00:00","dateModified":"2025-10-17T11:17:32+00:00","description":"D\u00e9couvrez les meilleures opportunit\u00e9s immobili\u00e8res dans les Ardennes : chalets, g\u00eetes, maisons de vacances et r\u00e9sidences secondaires \u00e0 vendre. Investissez dans une r\u00e9gion naturelle et rentable avec Unibricks.","breadcrumb":{"@id":"https:\/\/www.unibricks.be\/fr\/immobilier-a-vendre-ardennes\/#breadcrumb"},"inLanguage":"fr-FR","potentialAction":[{"@type":"ReadAction","target":["https:\/\/www.unibricks.be\/fr\/immobilier-a-vendre-ardennes\/"]}]},{"@type":"BreadcrumbList","@id":"https:\/\/www.unibricks.be\/fr\/immobilier-a-vendre-ardennes\/#breadcrumb","itemListElement":[{"@type":"ListItem","position":1,"name":"Home","item":"https:\/\/www.unibricks.be\/fr\/"},{"@type":"ListItem","position":2,"name":"Immobilier \u00e0 vendre dans les ardennes"}]},{"@type":"WebSite","@id":"https:\/\/www.unibricks.be\/fr\/#website","url":"https:\/\/www.unibricks.be\/fr\/","name":"Unibricks","description":"","publisher":{"@id":"https:\/\/www.unibricks.be\/fr\/#organization"},"potentialAction":[{"@type":"SearchAction","target":{"@type":"EntryPoint","urlTemplate":"https:\/\/www.unibricks.be\/fr\/?s={search_term_string}"},"query-input":{"@type":"PropertyValueSpecification","valueRequired":true,"valueName":"search_term_string"}}],"inLanguage":"fr-FR"},{"@type":"Organization","@id":"https:\/\/www.unibricks.be\/fr\/#organization","name":"Unibricks","url":"https:\/\/www.unibricks.be\/fr\/","logo":{"@type":"ImageObject","inLanguage":"fr-FR","@id":"https:\/\/www.unibricks.be\/fr\/#\/schema\/logo\/image\/","url":"https:\/\/www.unibricks.be\/wp-content\/uploads\/2021\/06\/logo.png","contentUrl":"https:\/\/www.unibricks.be\/wp-content\/uploads\/2021\/06\/logo.png","width":303,"height":48,"caption":"Unibricks"},"image":{"@id":"https:\/\/www.unibricks.be\/fr\/#\/schema\/logo\/image\/"}}]}},"_links":{"self":[{"href":"https:\/\/www.unibricks.be\/fr\/wp-json\/wp\/v2\/pages\/12078","targetHints":{"allow":["GET"]}}],"collection":[{"href":"https:\/\/www.unibricks.be\/fr\/wp-json\/wp\/v2\/pages"}],"about":[{"href":"https:\/\/www.unibricks.be\/fr\/wp-json\/wp\/v2\/types\/page"}],"author":[{"embeddable":true,"href":"https:\/\/www.unibricks.be\/fr\/wp-json\/wp\/v2\/users\/17"}],"replies":[{"embeddable":true,"href":"https:\/\/www.unibricks.be\/fr\/wp-json\/wp\/v2\/comments?post=12078"}],"version-history":[{"count":35,"href":"https:\/\/www.unibricks.be\/fr\/wp-json\/wp\/v2\/pages\/12078\/revisions"}],"predecessor-version":[{"id":12132,"href":"https:\/\/www.unibricks.be\/fr\/wp-json\/wp\/v2\/pages\/12078\/revisions\/12132"}],"wp:attachment":[{"href":"https:\/\/www.unibricks.be\/fr\/wp-json\/wp\/v2\/media?parent=12078"}],"wp:term":[{"taxonomy":"post_tag","embeddable":true,"href":"https:\/\/www.unibricks.be\/fr\/wp-json\/wp\/v2\/tags?post=12078"}],"curies":[{"name":"wp","href":"https:\/\/api.w.org\/{rel}","templated":true}]}}