{"id":11945,"date":"2025-09-26T01:03:42","date_gmt":"2025-09-25T23:03:42","guid":{"rendered":"https:\/\/www.unibricks.be\/investir-dans-un-kot-pres-de-la-vub-guide-complet-pour-les-investisseurs\/"},"modified":"2026-04-02T12:18:38","modified_gmt":"2026-04-02T10:18:38","slug":"kots-pres-de-ulb","status":"publish","type":"page","link":"https:\/\/www.unibricks.be\/fr\/kots-pres-de-ulb\/","title":{"rendered":"Investir dans un kot pr\u00e8s de l\u2019ULB"},"content":{"rendered":"","protected":false},"excerpt":{"rendered":"","protected":false},"author":1,"featured_media":0,"parent":0,"menu_order":0,"comment_status":"closed","ping_status":"closed","template":"","meta":{"_acf_changed":false,"content-type":"","inline_featured_image":false,"footnotes":""},"tags":[158],"class_list":["post-11945","page","type-page","status-publish","hentry","tag-lp-2025-fr"],"acf":[],"yoast_head":"<!-- This site is optimized with the Yoast SEO Premium plugin v24.3 (Yoast SEO v27.0) - https:\/\/yoast.com\/product\/yoast-seo-premium-wordpress\/ -->\n<title>Acheter un kot pr\u00e8s de l&#039;ULB \u00e0 Bruxelles : guide complet - Unibricks<\/title>\n<meta name=\"description\" content=\"Investir dans un kot ou studio pr\u00e8s de l&#039;ULB : rendement 5 \u00e0 7 %, vacance quasi nulle et demande \u00e9tudiante garantie. Ixelles, Etterbeek, Saint-Gilles \u2014 les meilleures opportunit\u00e9s avec Unibricks.\" \/>\n<meta name=\"robots\" content=\"index, follow, max-snippet:-1, max-image-preview:large, max-video-preview:-1\" \/>\n<link rel=\"canonical\" href=\"https:\/\/www.unibricks.be\/fr\/kots-pres-de-ulb\/\" \/>\n<meta property=\"og:locale\" content=\"fr_FR\" \/>\n<meta property=\"og:type\" content=\"article\" \/>\n<meta property=\"og:title\" content=\"Investir dans un kot pr\u00e8s de l\u2019ULB\" \/>\n<meta property=\"og:description\" content=\"Investir dans un kot ou studio pr\u00e8s de l&#039;ULB : rendement 5 \u00e0 7 %, vacance quasi nulle et demande \u00e9tudiante garantie. Ixelles, Etterbeek, Saint-Gilles \u2014 les meilleures opportunit\u00e9s avec Unibricks.\" \/>\n<meta property=\"og:url\" content=\"https:\/\/www.unibricks.be\/fr\/kots-pres-de-ulb\/\" \/>\n<meta property=\"og:site_name\" content=\"Unibricks\" \/>\n<meta property=\"article:modified_time\" content=\"2026-04-02T10:18:38+00:00\" \/>\n<meta name=\"twitter:card\" content=\"summary_large_image\" \/>\n<meta name=\"twitter:label1\" content=\"Dur\u00e9e de lecture estim\u00e9e\" \/>\n\t<meta name=\"twitter:data1\" content=\"4 minutes\" \/>\n<script type=\"application\/ld+json\" class=\"yoast-schema-graph\">{\"@context\":\"https:\/\/schema.org\",\"@graph\":[{\"@type\":\"WebPage\",\"@id\":\"https:\/\/www.unibricks.be\/fr\/kots-pres-de-ulb\/\",\"url\":\"https:\/\/www.unibricks.be\/fr\/kots-pres-de-ulb\/\",\"name\":\"Acheter un kot pr\u00e8s de l'ULB \u00e0 Bruxelles : guide complet - Unibricks\",\"isPartOf\":{\"@id\":\"https:\/\/www.unibricks.be\/fr\/#website\"},\"datePublished\":\"2025-09-25T23:03:42+00:00\",\"dateModified\":\"2026-04-02T10:18:38+00:00\",\"description\":\"Investir dans un kot ou studio pr\u00e8s de l'ULB : rendement 5 \u00e0 7 %, vacance quasi nulle et demande \u00e9tudiante garantie. Ixelles, Etterbeek, Saint-Gilles \u2014 les meilleures opportunit\u00e9s avec Unibricks.\",\"breadcrumb\":{\"@id\":\"https:\/\/www.unibricks.be\/fr\/kots-pres-de-ulb\/#breadcrumb\"},\"inLanguage\":\"fr-FR\",\"potentialAction\":[{\"@type\":\"ReadAction\",\"target\":[\"https:\/\/www.unibricks.be\/fr\/kots-pres-de-ulb\/\"]}]},{\"@type\":\"BreadcrumbList\",\"@id\":\"https:\/\/www.unibricks.be\/fr\/kots-pres-de-ulb\/#breadcrumb\",\"itemListElement\":[{\"@type\":\"ListItem\",\"position\":1,\"name\":\"Home\",\"item\":\"https:\/\/www.unibricks.be\/fr\/\"},{\"@type\":\"ListItem\",\"position\":2,\"name\":\"Investir dans un kot pr\u00e8s de l\u2019ULB\"}]},{\"@type\":\"WebSite\",\"@id\":\"https:\/\/www.unibricks.be\/fr\/#website\",\"url\":\"https:\/\/www.unibricks.be\/fr\/\",\"name\":\"Unibricks\",\"description\":\"\",\"publisher\":{\"@id\":\"https:\/\/www.unibricks.be\/fr\/#organization\"},\"potentialAction\":[{\"@type\":\"SearchAction\",\"target\":{\"@type\":\"EntryPoint\",\"urlTemplate\":\"https:\/\/www.unibricks.be\/fr\/?s={search_term_string}\"},\"query-input\":{\"@type\":\"PropertyValueSpecification\",\"valueRequired\":true,\"valueName\":\"search_term_string\"}}],\"inLanguage\":\"fr-FR\"},{\"@type\":\"Organization\",\"@id\":\"https:\/\/www.unibricks.be\/fr\/#organization\",\"name\":\"Unibricks\",\"url\":\"https:\/\/www.unibricks.be\/fr\/\",\"logo\":{\"@type\":\"ImageObject\",\"inLanguage\":\"fr-FR\",\"@id\":\"https:\/\/www.unibricks.be\/fr\/#\/schema\/logo\/image\/\",\"url\":\"https:\/\/www.unibricks.be\/wp-content\/uploads\/2021\/06\/logo.png\",\"contentUrl\":\"https:\/\/www.unibricks.be\/wp-content\/uploads\/2021\/06\/logo.png\",\"width\":303,\"height\":48,\"caption\":\"Unibricks\"},\"image\":{\"@id\":\"https:\/\/www.unibricks.be\/fr\/#\/schema\/logo\/image\/\"}}]}<\/script>\n<!-- \/ Yoast SEO Premium plugin. -->","yoast_head_json":{"title":"Acheter un kot pr\u00e8s de l'ULB \u00e0 Bruxelles : guide complet - Unibricks","description":"Investir dans un kot ou studio pr\u00e8s de l'ULB : rendement 5 \u00e0 7 %, vacance quasi nulle et demande \u00e9tudiante garantie. Ixelles, Etterbeek, Saint-Gilles \u2014 les meilleures opportunit\u00e9s avec Unibricks.","robots":{"index":"index","follow":"follow","max-snippet":"max-snippet:-1","max-image-preview":"max-image-preview:large","max-video-preview":"max-video-preview:-1"},"canonical":"https:\/\/www.unibricks.be\/fr\/kots-pres-de-ulb\/","og_locale":"fr_FR","og_type":"article","og_title":"Investir dans un kot pr\u00e8s de l\u2019ULB","og_description":"Investir dans un kot ou studio pr\u00e8s de l'ULB : rendement 5 \u00e0 7 %, vacance quasi nulle et demande \u00e9tudiante garantie. Ixelles, Etterbeek, Saint-Gilles \u2014 les meilleures opportunit\u00e9s avec Unibricks.","og_url":"https:\/\/www.unibricks.be\/fr\/kots-pres-de-ulb\/","og_site_name":"Unibricks","article_modified_time":"2026-04-02T10:18:38+00:00","twitter_card":"summary_large_image","twitter_misc":{"Dur\u00e9e de lecture estim\u00e9e":"4 minutes"},"schema":{"@context":"https:\/\/schema.org","@graph":[{"@type":"WebPage","@id":"https:\/\/www.unibricks.be\/fr\/kots-pres-de-ulb\/","url":"https:\/\/www.unibricks.be\/fr\/kots-pres-de-ulb\/","name":"Acheter un kot pr\u00e8s de l'ULB \u00e0 Bruxelles : guide complet - Unibricks","isPartOf":{"@id":"https:\/\/www.unibricks.be\/fr\/#website"},"datePublished":"2025-09-25T23:03:42+00:00","dateModified":"2026-04-02T10:18:38+00:00","description":"Investir dans un kot ou studio pr\u00e8s de l'ULB : rendement 5 \u00e0 7 %, vacance quasi nulle et demande \u00e9tudiante garantie. Ixelles, Etterbeek, Saint-Gilles \u2014 les meilleures opportunit\u00e9s avec Unibricks.","breadcrumb":{"@id":"https:\/\/www.unibricks.be\/fr\/kots-pres-de-ulb\/#breadcrumb"},"inLanguage":"fr-FR","potentialAction":[{"@type":"ReadAction","target":["https:\/\/www.unibricks.be\/fr\/kots-pres-de-ulb\/"]}]},{"@type":"BreadcrumbList","@id":"https:\/\/www.unibricks.be\/fr\/kots-pres-de-ulb\/#breadcrumb","itemListElement":[{"@type":"ListItem","position":1,"name":"Home","item":"https:\/\/www.unibricks.be\/fr\/"},{"@type":"ListItem","position":2,"name":"Investir dans un kot pr\u00e8s de l\u2019ULB"}]},{"@type":"WebSite","@id":"https:\/\/www.unibricks.be\/fr\/#website","url":"https:\/\/www.unibricks.be\/fr\/","name":"Unibricks","description":"","publisher":{"@id":"https:\/\/www.unibricks.be\/fr\/#organization"},"potentialAction":[{"@type":"SearchAction","target":{"@type":"EntryPoint","urlTemplate":"https:\/\/www.unibricks.be\/fr\/?s={search_term_string}"},"query-input":{"@type":"PropertyValueSpecification","valueRequired":true,"valueName":"search_term_string"}}],"inLanguage":"fr-FR"},{"@type":"Organization","@id":"https:\/\/www.unibricks.be\/fr\/#organization","name":"Unibricks","url":"https:\/\/www.unibricks.be\/fr\/","logo":{"@type":"ImageObject","inLanguage":"fr-FR","@id":"https:\/\/www.unibricks.be\/fr\/#\/schema\/logo\/image\/","url":"https:\/\/www.unibricks.be\/wp-content\/uploads\/2021\/06\/logo.png","contentUrl":"https:\/\/www.unibricks.be\/wp-content\/uploads\/2021\/06\/logo.png","width":303,"height":48,"caption":"Unibricks"},"image":{"@id":"https:\/\/www.unibricks.be\/fr\/#\/schema\/logo\/image\/"}}]}},"_links":{"self":[{"href":"https:\/\/www.unibricks.be\/fr\/wp-json\/wp\/v2\/pages\/11945","targetHints":{"allow":["GET"]}}],"collection":[{"href":"https:\/\/www.unibricks.be\/fr\/wp-json\/wp\/v2\/pages"}],"about":[{"href":"https:\/\/www.unibricks.be\/fr\/wp-json\/wp\/v2\/types\/page"}],"author":[{"embeddable":true,"href":"https:\/\/www.unibricks.be\/fr\/wp-json\/wp\/v2\/users\/1"}],"replies":[{"embeddable":true,"href":"https:\/\/www.unibricks.be\/fr\/wp-json\/wp\/v2\/comments?post=11945"}],"version-history":[{"count":5,"href":"https:\/\/www.unibricks.be\/fr\/wp-json\/wp\/v2\/pages\/11945\/revisions"}],"predecessor-version":[{"id":13692,"href":"https:\/\/www.unibricks.be\/fr\/wp-json\/wp\/v2\/pages\/11945\/revisions\/13692"}],"wp:attachment":[{"href":"https:\/\/www.unibricks.be\/fr\/wp-json\/wp\/v2\/media?parent=11945"}],"wp:term":[{"taxonomy":"post_tag","embeddable":true,"href":"https:\/\/www.unibricks.be\/fr\/wp-json\/wp\/v2\/tags?post=11945"}],"curies":[{"name":"wp","href":"https:\/\/api.w.org\/{rel}","templated":true}]}}