{"id":11912,"date":"2025-09-25T22:26:46","date_gmt":"2025-09-25T20:26:46","guid":{"rendered":"https:\/\/www.unibricks.be\/le-guide-complet-pour-investir-dans-des-kots-et-chambres-detudiants\/"},"modified":"2025-10-01T19:55:10","modified_gmt":"2025-10-01T17:55:10","slug":"achat-vente-kots-chambres-etudiants","status":"publish","type":"page","link":"https:\/\/www.unibricks.be\/fr\/achat-vente-kots-chambres-etudiants\/","title":{"rendered":"Achat et vente de kots d\u2019\u00e9tudiants et chambres \u2013 Guide pour investisseurs"},"content":{"rendered":"","protected":false},"excerpt":{"rendered":"","protected":false},"author":1,"featured_media":0,"parent":0,"menu_order":0,"comment_status":"closed","ping_status":"closed","template":"","meta":{"_acf_changed":false,"content-type":"","inline_featured_image":false,"footnotes":""},"tags":[158],"class_list":["post-11912","page","type-page","status-publish","hentry","tag-lp-2025-fr"],"acf":[],"yoast_head":"<!-- This site is optimized with the Yoast SEO Premium plugin v24.3 (Yoast SEO v27.0) - https:\/\/yoast.com\/product\/yoast-seo-premium-wordpress\/ -->\n<title>Achat et vente de kots d\u2019\u00e9tudiants - Investissement locatif \u00e9tudiant - Unibricks<\/title>\n<meta name=\"description\" content=\"Trouvez des kots et logements \u00e9tudiants \u00e0 vendre. Achat et vente de biens locatifs rentables dans les villes universitaires. Opportunit\u00e9s pour investisseurs.\" \/>\n<meta name=\"robots\" content=\"index, follow, max-snippet:-1, max-image-preview:large, max-video-preview:-1\" \/>\n<link rel=\"canonical\" href=\"https:\/\/www.unibricks.be\/fr\/achat-vente-kots-chambres-etudiants\/\" \/>\n<meta property=\"og:locale\" content=\"fr_FR\" \/>\n<meta property=\"og:type\" content=\"article\" \/>\n<meta property=\"og:title\" content=\"Achat et vente de kots d\u2019\u00e9tudiants et chambres \u2013 Guide pour investisseurs\" \/>\n<meta property=\"og:description\" content=\"Trouvez des kots et logements \u00e9tudiants \u00e0 vendre. Achat et vente de biens locatifs rentables dans les villes universitaires. Opportunit\u00e9s pour investisseurs.\" \/>\n<meta property=\"og:url\" content=\"https:\/\/www.unibricks.be\/fr\/achat-vente-kots-chambres-etudiants\/\" \/>\n<meta property=\"og:site_name\" content=\"Unibricks\" \/>\n<meta property=\"article:modified_time\" content=\"2025-10-01T17:55:10+00:00\" \/>\n<meta name=\"twitter:card\" content=\"summary_large_image\" \/>\n<meta name=\"twitter:label1\" content=\"Dur\u00e9e de lecture estim\u00e9e\" \/>\n\t<meta name=\"twitter:data1\" content=\"5 minutes\" \/>\n<script type=\"application\/ld+json\" class=\"yoast-schema-graph\">{\"@context\":\"https:\/\/schema.org\",\"@graph\":[{\"@type\":\"WebPage\",\"@id\":\"https:\/\/www.unibricks.be\/fr\/achat-vente-kots-chambres-etudiants\/\",\"url\":\"https:\/\/www.unibricks.be\/fr\/achat-vente-kots-chambres-etudiants\/\",\"name\":\"Achat et vente de kots d\u2019\u00e9tudiants - Investissement locatif \u00e9tudiant - Unibricks\",\"isPartOf\":{\"@id\":\"https:\/\/www.unibricks.be\/fr\/#website\"},\"datePublished\":\"2025-09-25T20:26:46+00:00\",\"dateModified\":\"2025-10-01T17:55:10+00:00\",\"description\":\"Trouvez des kots et logements \u00e9tudiants \u00e0 vendre. Achat et vente de biens locatifs rentables dans les villes universitaires. Opportunit\u00e9s pour investisseurs.\",\"breadcrumb\":{\"@id\":\"https:\/\/www.unibricks.be\/fr\/achat-vente-kots-chambres-etudiants\/#breadcrumb\"},\"inLanguage\":\"fr-FR\",\"potentialAction\":[{\"@type\":\"ReadAction\",\"target\":[\"https:\/\/www.unibricks.be\/fr\/achat-vente-kots-chambres-etudiants\/\"]}]},{\"@type\":\"BreadcrumbList\",\"@id\":\"https:\/\/www.unibricks.be\/fr\/achat-vente-kots-chambres-etudiants\/#breadcrumb\",\"itemListElement\":[{\"@type\":\"ListItem\",\"position\":1,\"name\":\"Home\",\"item\":\"https:\/\/www.unibricks.be\/fr\/\"},{\"@type\":\"ListItem\",\"position\":2,\"name\":\"Achat et vente de kots d\u2019\u00e9tudiants et chambres \u2013 Guide pour investisseurs\"}]},{\"@type\":\"WebSite\",\"@id\":\"https:\/\/www.unibricks.be\/fr\/#website\",\"url\":\"https:\/\/www.unibricks.be\/fr\/\",\"name\":\"Unibricks\",\"description\":\"\",\"publisher\":{\"@id\":\"https:\/\/www.unibricks.be\/fr\/#organization\"},\"potentialAction\":[{\"@type\":\"SearchAction\",\"target\":{\"@type\":\"EntryPoint\",\"urlTemplate\":\"https:\/\/www.unibricks.be\/fr\/?s={search_term_string}\"},\"query-input\":{\"@type\":\"PropertyValueSpecification\",\"valueRequired\":true,\"valueName\":\"search_term_string\"}}],\"inLanguage\":\"fr-FR\"},{\"@type\":\"Organization\",\"@id\":\"https:\/\/www.unibricks.be\/fr\/#organization\",\"name\":\"Unibricks\",\"url\":\"https:\/\/www.unibricks.be\/fr\/\",\"logo\":{\"@type\":\"ImageObject\",\"inLanguage\":\"fr-FR\",\"@id\":\"https:\/\/www.unibricks.be\/fr\/#\/schema\/logo\/image\/\",\"url\":\"https:\/\/www.unibricks.be\/wp-content\/uploads\/2021\/06\/logo.png\",\"contentUrl\":\"https:\/\/www.unibricks.be\/wp-content\/uploads\/2021\/06\/logo.png\",\"width\":303,\"height\":48,\"caption\":\"Unibricks\"},\"image\":{\"@id\":\"https:\/\/www.unibricks.be\/fr\/#\/schema\/logo\/image\/\"}}]}<\/script>\n<!-- \/ Yoast SEO Premium plugin. -->","yoast_head_json":{"title":"Achat et vente de kots d\u2019\u00e9tudiants - Investissement locatif \u00e9tudiant - Unibricks","description":"Trouvez des kots et logements \u00e9tudiants \u00e0 vendre. Achat et vente de biens locatifs rentables dans les villes universitaires. Opportunit\u00e9s pour investisseurs.","robots":{"index":"index","follow":"follow","max-snippet":"max-snippet:-1","max-image-preview":"max-image-preview:large","max-video-preview":"max-video-preview:-1"},"canonical":"https:\/\/www.unibricks.be\/fr\/achat-vente-kots-chambres-etudiants\/","og_locale":"fr_FR","og_type":"article","og_title":"Achat et vente de kots d\u2019\u00e9tudiants et chambres \u2013 Guide pour investisseurs","og_description":"Trouvez des kots et logements \u00e9tudiants \u00e0 vendre. Achat et vente de biens locatifs rentables dans les villes universitaires. Opportunit\u00e9s pour investisseurs.","og_url":"https:\/\/www.unibricks.be\/fr\/achat-vente-kots-chambres-etudiants\/","og_site_name":"Unibricks","article_modified_time":"2025-10-01T17:55:10+00:00","twitter_card":"summary_large_image","twitter_misc":{"Dur\u00e9e de lecture estim\u00e9e":"5 minutes"},"schema":{"@context":"https:\/\/schema.org","@graph":[{"@type":"WebPage","@id":"https:\/\/www.unibricks.be\/fr\/achat-vente-kots-chambres-etudiants\/","url":"https:\/\/www.unibricks.be\/fr\/achat-vente-kots-chambres-etudiants\/","name":"Achat et vente de kots d\u2019\u00e9tudiants - Investissement locatif \u00e9tudiant - Unibricks","isPartOf":{"@id":"https:\/\/www.unibricks.be\/fr\/#website"},"datePublished":"2025-09-25T20:26:46+00:00","dateModified":"2025-10-01T17:55:10+00:00","description":"Trouvez des kots et logements \u00e9tudiants \u00e0 vendre. Achat et vente de biens locatifs rentables dans les villes universitaires. Opportunit\u00e9s pour investisseurs.","breadcrumb":{"@id":"https:\/\/www.unibricks.be\/fr\/achat-vente-kots-chambres-etudiants\/#breadcrumb"},"inLanguage":"fr-FR","potentialAction":[{"@type":"ReadAction","target":["https:\/\/www.unibricks.be\/fr\/achat-vente-kots-chambres-etudiants\/"]}]},{"@type":"BreadcrumbList","@id":"https:\/\/www.unibricks.be\/fr\/achat-vente-kots-chambres-etudiants\/#breadcrumb","itemListElement":[{"@type":"ListItem","position":1,"name":"Home","item":"https:\/\/www.unibricks.be\/fr\/"},{"@type":"ListItem","position":2,"name":"Achat et vente de kots d\u2019\u00e9tudiants et chambres \u2013 Guide pour investisseurs"}]},{"@type":"WebSite","@id":"https:\/\/www.unibricks.be\/fr\/#website","url":"https:\/\/www.unibricks.be\/fr\/","name":"Unibricks","description":"","publisher":{"@id":"https:\/\/www.unibricks.be\/fr\/#organization"},"potentialAction":[{"@type":"SearchAction","target":{"@type":"EntryPoint","urlTemplate":"https:\/\/www.unibricks.be\/fr\/?s={search_term_string}"},"query-input":{"@type":"PropertyValueSpecification","valueRequired":true,"valueName":"search_term_string"}}],"inLanguage":"fr-FR"},{"@type":"Organization","@id":"https:\/\/www.unibricks.be\/fr\/#organization","name":"Unibricks","url":"https:\/\/www.unibricks.be\/fr\/","logo":{"@type":"ImageObject","inLanguage":"fr-FR","@id":"https:\/\/www.unibricks.be\/fr\/#\/schema\/logo\/image\/","url":"https:\/\/www.unibricks.be\/wp-content\/uploads\/2021\/06\/logo.png","contentUrl":"https:\/\/www.unibricks.be\/wp-content\/uploads\/2021\/06\/logo.png","width":303,"height":48,"caption":"Unibricks"},"image":{"@id":"https:\/\/www.unibricks.be\/fr\/#\/schema\/logo\/image\/"}}]}},"_links":{"self":[{"href":"https:\/\/www.unibricks.be\/fr\/wp-json\/wp\/v2\/pages\/11912","targetHints":{"allow":["GET"]}}],"collection":[{"href":"https:\/\/www.unibricks.be\/fr\/wp-json\/wp\/v2\/pages"}],"about":[{"href":"https:\/\/www.unibricks.be\/fr\/wp-json\/wp\/v2\/types\/page"}],"author":[{"embeddable":true,"href":"https:\/\/www.unibricks.be\/fr\/wp-json\/wp\/v2\/users\/1"}],"replies":[{"embeddable":true,"href":"https:\/\/www.unibricks.be\/fr\/wp-json\/wp\/v2\/comments?post=11912"}],"version-history":[{"count":4,"href":"https:\/\/www.unibricks.be\/fr\/wp-json\/wp\/v2\/pages\/11912\/revisions"}],"predecessor-version":[{"id":12005,"href":"https:\/\/www.unibricks.be\/fr\/wp-json\/wp\/v2\/pages\/11912\/revisions\/12005"}],"wp:attachment":[{"href":"https:\/\/www.unibricks.be\/fr\/wp-json\/wp\/v2\/media?parent=11912"}],"wp:term":[{"taxonomy":"post_tag","embeddable":true,"href":"https:\/\/www.unibricks.be\/fr\/wp-json\/wp\/v2\/tags?post=11912"}],"curies":[{"name":"wp","href":"https:\/\/api.w.org\/{rel}","templated":true}]}}