{"id":11765,"date":"2025-09-18T23:39:00","date_gmt":"2025-09-18T21:39:00","guid":{"rendered":"https:\/\/www.unibricks.be\/immobilier-a-coo-chalets-maisons-de-vacances-et-gites-a-vendre-au-pied-des-cascades\/"},"modified":"2025-10-01T18:26:49","modified_gmt":"2025-10-01T16:26:49","slug":"mirwart-libin-chalet-maison-vacances-gites-a-vendre","status":"publish","type":"page","link":"https:\/\/www.unibricks.be\/fr\/mirwart-libin-chalet-maison-vacances-gites-a-vendre\/","title":{"rendered":"Immobilier \u00e0 Libin et Mirwart : maisons de vacances, g\u00eetes et chalets \u00e0 vendre au c\u0153ur de la for\u00eat ardennaise"},"content":{"rendered":"","protected":false},"excerpt":{"rendered":"","protected":false},"author":1,"featured_media":0,"parent":0,"menu_order":0,"comment_status":"closed","ping_status":"closed","template":"","meta":{"_acf_changed":false,"content-type":"","inline_featured_image":false,"footnotes":""},"tags":[158],"class_list":["post-11765","page","type-page","status-publish","hentry","tag-lp-2025-fr"],"acf":[],"yoast_head":"<!-- This site is optimized with the Yoast SEO Premium plugin v24.3 (Yoast SEO v27.0) - https:\/\/yoast.com\/product\/yoast-seo-premium-wordpress\/ -->\n<title>Libin et Mirwart \u2013 Chalets, g\u00eetes et maisons de vacances \u00e0 vendre en pleine nature ardennaise - Unibricks<\/title>\n<meta name=\"description\" content=\"Trouvez un bien immobilier \u00e0 Coo : chalet, maison ou g\u00eete \u00e0 vendre au pied de la cascade et au c\u0153ur d\u2019une r\u00e9gion touristique tr\u00e8s pris\u00e9e des Ardennes belges.\" \/>\n<meta name=\"robots\" content=\"index, follow, max-snippet:-1, max-image-preview:large, max-video-preview:-1\" \/>\n<link rel=\"canonical\" href=\"https:\/\/www.unibricks.be\/fr\/mirwart-libin-chalet-maison-vacances-gites-a-vendre\/\" \/>\n<meta property=\"og:locale\" content=\"fr_FR\" \/>\n<meta property=\"og:type\" content=\"article\" \/>\n<meta property=\"og:title\" content=\"Immobilier \u00e0 Libin et Mirwart : maisons de vacances, g\u00eetes et chalets \u00e0 vendre au c\u0153ur de la for\u00eat ardennaise\" \/>\n<meta property=\"og:description\" content=\"Trouvez un bien immobilier \u00e0 Coo : chalet, maison ou g\u00eete \u00e0 vendre au pied de la cascade et au c\u0153ur d\u2019une r\u00e9gion touristique tr\u00e8s pris\u00e9e des Ardennes belges.\" \/>\n<meta property=\"og:url\" content=\"https:\/\/www.unibricks.be\/fr\/mirwart-libin-chalet-maison-vacances-gites-a-vendre\/\" \/>\n<meta property=\"og:site_name\" content=\"Unibricks\" \/>\n<meta property=\"article:modified_time\" content=\"2025-10-01T16:26:49+00:00\" \/>\n<meta name=\"twitter:card\" content=\"summary_large_image\" \/>\n<meta name=\"twitter:label1\" content=\"Dur\u00e9e de lecture estim\u00e9e\" \/>\n\t<meta name=\"twitter:data1\" content=\"4 minutes\" \/>\n<script type=\"application\/ld+json\" class=\"yoast-schema-graph\">{\"@context\":\"https:\/\/schema.org\",\"@graph\":[{\"@type\":\"WebPage\",\"@id\":\"https:\/\/www.unibricks.be\/fr\/mirwart-libin-chalet-maison-vacances-gites-a-vendre\/\",\"url\":\"https:\/\/www.unibricks.be\/fr\/mirwart-libin-chalet-maison-vacances-gites-a-vendre\/\",\"name\":\"Libin et Mirwart \u2013 Chalets, g\u00eetes et maisons de vacances \u00e0 vendre en pleine nature ardennaise - Unibricks\",\"isPartOf\":{\"@id\":\"https:\/\/www.unibricks.be\/fr\/#website\"},\"datePublished\":\"2025-09-18T21:39:00+00:00\",\"dateModified\":\"2025-10-01T16:26:49+00:00\",\"description\":\"Trouvez un bien immobilier \u00e0 Coo : chalet, maison ou g\u00eete \u00e0 vendre au pied de la cascade et au c\u0153ur d\u2019une r\u00e9gion touristique tr\u00e8s pris\u00e9e des Ardennes belges.\",\"breadcrumb\":{\"@id\":\"https:\/\/www.unibricks.be\/fr\/mirwart-libin-chalet-maison-vacances-gites-a-vendre\/#breadcrumb\"},\"inLanguage\":\"fr-FR\",\"potentialAction\":[{\"@type\":\"ReadAction\",\"target\":[\"https:\/\/www.unibricks.be\/fr\/mirwart-libin-chalet-maison-vacances-gites-a-vendre\/\"]}]},{\"@type\":\"BreadcrumbList\",\"@id\":\"https:\/\/www.unibricks.be\/fr\/mirwart-libin-chalet-maison-vacances-gites-a-vendre\/#breadcrumb\",\"itemListElement\":[{\"@type\":\"ListItem\",\"position\":1,\"name\":\"Home\",\"item\":\"https:\/\/www.unibricks.be\/fr\/\"},{\"@type\":\"ListItem\",\"position\":2,\"name\":\"Immobilier \u00e0 Libin et Mirwart : maisons de vacances, g\u00eetes et chalets \u00e0 vendre au c\u0153ur de la for\u00eat ardennaise\"}]},{\"@type\":\"WebSite\",\"@id\":\"https:\/\/www.unibricks.be\/fr\/#website\",\"url\":\"https:\/\/www.unibricks.be\/fr\/\",\"name\":\"Unibricks\",\"description\":\"\",\"publisher\":{\"@id\":\"https:\/\/www.unibricks.be\/fr\/#organization\"},\"potentialAction\":[{\"@type\":\"SearchAction\",\"target\":{\"@type\":\"EntryPoint\",\"urlTemplate\":\"https:\/\/www.unibricks.be\/fr\/?s={search_term_string}\"},\"query-input\":{\"@type\":\"PropertyValueSpecification\",\"valueRequired\":true,\"valueName\":\"search_term_string\"}}],\"inLanguage\":\"fr-FR\"},{\"@type\":\"Organization\",\"@id\":\"https:\/\/www.unibricks.be\/fr\/#organization\",\"name\":\"Unibricks\",\"url\":\"https:\/\/www.unibricks.be\/fr\/\",\"logo\":{\"@type\":\"ImageObject\",\"inLanguage\":\"fr-FR\",\"@id\":\"https:\/\/www.unibricks.be\/fr\/#\/schema\/logo\/image\/\",\"url\":\"https:\/\/www.unibricks.be\/wp-content\/uploads\/2021\/06\/logo.png\",\"contentUrl\":\"https:\/\/www.unibricks.be\/wp-content\/uploads\/2021\/06\/logo.png\",\"width\":303,\"height\":48,\"caption\":\"Unibricks\"},\"image\":{\"@id\":\"https:\/\/www.unibricks.be\/fr\/#\/schema\/logo\/image\/\"}}]}<\/script>\n<!-- \/ Yoast SEO Premium plugin. -->","yoast_head_json":{"title":"Libin et Mirwart \u2013 Chalets, g\u00eetes et maisons de vacances \u00e0 vendre en pleine nature ardennaise - Unibricks","description":"Trouvez un bien immobilier \u00e0 Coo : chalet, maison ou g\u00eete \u00e0 vendre au pied de la cascade et au c\u0153ur d\u2019une r\u00e9gion touristique tr\u00e8s pris\u00e9e des Ardennes belges.","robots":{"index":"index","follow":"follow","max-snippet":"max-snippet:-1","max-image-preview":"max-image-preview:large","max-video-preview":"max-video-preview:-1"},"canonical":"https:\/\/www.unibricks.be\/fr\/mirwart-libin-chalet-maison-vacances-gites-a-vendre\/","og_locale":"fr_FR","og_type":"article","og_title":"Immobilier \u00e0 Libin et Mirwart : maisons de vacances, g\u00eetes et chalets \u00e0 vendre au c\u0153ur de la for\u00eat ardennaise","og_description":"Trouvez un bien immobilier \u00e0 Coo : chalet, maison ou g\u00eete \u00e0 vendre au pied de la cascade et au c\u0153ur d\u2019une r\u00e9gion touristique tr\u00e8s pris\u00e9e des Ardennes belges.","og_url":"https:\/\/www.unibricks.be\/fr\/mirwart-libin-chalet-maison-vacances-gites-a-vendre\/","og_site_name":"Unibricks","article_modified_time":"2025-10-01T16:26:49+00:00","twitter_card":"summary_large_image","twitter_misc":{"Dur\u00e9e de lecture estim\u00e9e":"4 minutes"},"schema":{"@context":"https:\/\/schema.org","@graph":[{"@type":"WebPage","@id":"https:\/\/www.unibricks.be\/fr\/mirwart-libin-chalet-maison-vacances-gites-a-vendre\/","url":"https:\/\/www.unibricks.be\/fr\/mirwart-libin-chalet-maison-vacances-gites-a-vendre\/","name":"Libin et Mirwart \u2013 Chalets, g\u00eetes et maisons de vacances \u00e0 vendre en pleine nature ardennaise - Unibricks","isPartOf":{"@id":"https:\/\/www.unibricks.be\/fr\/#website"},"datePublished":"2025-09-18T21:39:00+00:00","dateModified":"2025-10-01T16:26:49+00:00","description":"Trouvez un bien immobilier \u00e0 Coo : chalet, maison ou g\u00eete \u00e0 vendre au pied de la cascade et au c\u0153ur d\u2019une r\u00e9gion touristique tr\u00e8s pris\u00e9e des Ardennes belges.","breadcrumb":{"@id":"https:\/\/www.unibricks.be\/fr\/mirwart-libin-chalet-maison-vacances-gites-a-vendre\/#breadcrumb"},"inLanguage":"fr-FR","potentialAction":[{"@type":"ReadAction","target":["https:\/\/www.unibricks.be\/fr\/mirwart-libin-chalet-maison-vacances-gites-a-vendre\/"]}]},{"@type":"BreadcrumbList","@id":"https:\/\/www.unibricks.be\/fr\/mirwart-libin-chalet-maison-vacances-gites-a-vendre\/#breadcrumb","itemListElement":[{"@type":"ListItem","position":1,"name":"Home","item":"https:\/\/www.unibricks.be\/fr\/"},{"@type":"ListItem","position":2,"name":"Immobilier \u00e0 Libin et Mirwart : maisons de vacances, g\u00eetes et chalets \u00e0 vendre au c\u0153ur de la for\u00eat ardennaise"}]},{"@type":"WebSite","@id":"https:\/\/www.unibricks.be\/fr\/#website","url":"https:\/\/www.unibricks.be\/fr\/","name":"Unibricks","description":"","publisher":{"@id":"https:\/\/www.unibricks.be\/fr\/#organization"},"potentialAction":[{"@type":"SearchAction","target":{"@type":"EntryPoint","urlTemplate":"https:\/\/www.unibricks.be\/fr\/?s={search_term_string}"},"query-input":{"@type":"PropertyValueSpecification","valueRequired":true,"valueName":"search_term_string"}}],"inLanguage":"fr-FR"},{"@type":"Organization","@id":"https:\/\/www.unibricks.be\/fr\/#organization","name":"Unibricks","url":"https:\/\/www.unibricks.be\/fr\/","logo":{"@type":"ImageObject","inLanguage":"fr-FR","@id":"https:\/\/www.unibricks.be\/fr\/#\/schema\/logo\/image\/","url":"https:\/\/www.unibricks.be\/wp-content\/uploads\/2021\/06\/logo.png","contentUrl":"https:\/\/www.unibricks.be\/wp-content\/uploads\/2021\/06\/logo.png","width":303,"height":48,"caption":"Unibricks"},"image":{"@id":"https:\/\/www.unibricks.be\/fr\/#\/schema\/logo\/image\/"}}]}},"_links":{"self":[{"href":"https:\/\/www.unibricks.be\/fr\/wp-json\/wp\/v2\/pages\/11765","targetHints":{"allow":["GET"]}}],"collection":[{"href":"https:\/\/www.unibricks.be\/fr\/wp-json\/wp\/v2\/pages"}],"about":[{"href":"https:\/\/www.unibricks.be\/fr\/wp-json\/wp\/v2\/types\/page"}],"author":[{"embeddable":true,"href":"https:\/\/www.unibricks.be\/fr\/wp-json\/wp\/v2\/users\/1"}],"replies":[{"embeddable":true,"href":"https:\/\/www.unibricks.be\/fr\/wp-json\/wp\/v2\/comments?post=11765"}],"version-history":[{"count":4,"href":"https:\/\/www.unibricks.be\/fr\/wp-json\/wp\/v2\/pages\/11765\/revisions"}],"predecessor-version":[{"id":11997,"href":"https:\/\/www.unibricks.be\/fr\/wp-json\/wp\/v2\/pages\/11765\/revisions\/11997"}],"wp:attachment":[{"href":"https:\/\/www.unibricks.be\/fr\/wp-json\/wp\/v2\/media?parent=11765"}],"wp:term":[{"taxonomy":"post_tag","embeddable":true,"href":"https:\/\/www.unibricks.be\/fr\/wp-json\/wp\/v2\/tags?post=11765"}],"curies":[{"name":"wp","href":"https:\/\/api.w.org\/{rel}","templated":true}]}}