{"id":11725,"date":"2025-09-18T19:41:02","date_gmt":"2025-09-18T17:41:02","guid":{"rendered":"https:\/\/www.unibricks.be\/immobilier-a-bouillon-maisons-de-vacances-gites-et-chalets-a-vendre-en-bord-de-semois\/"},"modified":"2025-10-02T08:03:23","modified_gmt":"2025-10-02T06:03:23","slug":"stavelot-chalet-maison-vacances-gites-a-vendre","status":"publish","type":"page","link":"https:\/\/www.unibricks.be\/fr\/stavelot-chalet-maison-vacances-gites-a-vendre\/","title":{"rendered":"Immobilier \u00e0 Stavelot : maisons de vacances, chalets et g\u00eetes \u00e0 vendre au c\u0153ur de l\u2019Ardenne belge"},"content":{"rendered":"","protected":false},"excerpt":{"rendered":"","protected":false},"author":1,"featured_media":0,"parent":0,"menu_order":0,"comment_status":"closed","ping_status":"closed","template":"","meta":{"_acf_changed":false,"content-type":"","inline_featured_image":false,"footnotes":""},"tags":[158],"class_list":["post-11725","page","type-page","status-publish","hentry","tag-lp-2025-fr"],"acf":[],"yoast_head":"<!-- This site is optimized with the Yoast SEO Premium plugin v24.3 (Yoast SEO v27.0) - https:\/\/yoast.com\/product\/yoast-seo-premium-wordpress\/ -->\n<title>Stavelot \u2013 Chalets, maisons de vacances et g\u00eetes \u00e0 vendre dans les Ardennes- Unibricks<\/title>\n<meta name=\"description\" content=\"Achetez un chalet, une maison de vacances ou un g\u00eete \u00e0 Stavelot. D\u00e9couvrez nos biens touristiques et secondaires dans une ville au c\u0153ur des Ardennes et proche du circuit de Spa.\" \/>\n<meta name=\"robots\" content=\"index, follow, max-snippet:-1, max-image-preview:large, max-video-preview:-1\" \/>\n<link rel=\"canonical\" href=\"https:\/\/www.unibricks.be\/fr\/stavelot-chalet-maison-vacances-gites-a-vendre\/\" \/>\n<meta property=\"og:locale\" content=\"fr_FR\" \/>\n<meta property=\"og:type\" content=\"article\" \/>\n<meta property=\"og:title\" content=\"Immobilier \u00e0 Stavelot : maisons de vacances, chalets et g\u00eetes \u00e0 vendre au c\u0153ur de l\u2019Ardenne belge\" \/>\n<meta property=\"og:description\" content=\"Achetez un chalet, une maison de vacances ou un g\u00eete \u00e0 Stavelot. D\u00e9couvrez nos biens touristiques et secondaires dans une ville au c\u0153ur des Ardennes et proche du circuit de Spa.\" \/>\n<meta property=\"og:url\" content=\"https:\/\/www.unibricks.be\/fr\/stavelot-chalet-maison-vacances-gites-a-vendre\/\" \/>\n<meta property=\"og:site_name\" content=\"Unibricks\" \/>\n<meta property=\"article:modified_time\" content=\"2025-10-02T06:03:23+00:00\" \/>\n<meta name=\"twitter:card\" content=\"summary_large_image\" \/>\n<meta name=\"twitter:label1\" content=\"Dur\u00e9e de lecture estim\u00e9e\" \/>\n\t<meta name=\"twitter:data1\" content=\"3 minutes\" \/>\n<script type=\"application\/ld+json\" class=\"yoast-schema-graph\">{\"@context\":\"https:\/\/schema.org\",\"@graph\":[{\"@type\":\"WebPage\",\"@id\":\"https:\/\/www.unibricks.be\/fr\/stavelot-chalet-maison-vacances-gites-a-vendre\/\",\"url\":\"https:\/\/www.unibricks.be\/fr\/stavelot-chalet-maison-vacances-gites-a-vendre\/\",\"name\":\"Stavelot \u2013 Chalets, maisons de vacances et g\u00eetes \u00e0 vendre dans les Ardennes- Unibricks\",\"isPartOf\":{\"@id\":\"https:\/\/www.unibricks.be\/fr\/#website\"},\"datePublished\":\"2025-09-18T17:41:02+00:00\",\"dateModified\":\"2025-10-02T06:03:23+00:00\",\"description\":\"Achetez un chalet, une maison de vacances ou un g\u00eete \u00e0 Stavelot. D\u00e9couvrez nos biens touristiques et secondaires dans une ville au c\u0153ur des Ardennes et proche du circuit de Spa.\",\"breadcrumb\":{\"@id\":\"https:\/\/www.unibricks.be\/fr\/stavelot-chalet-maison-vacances-gites-a-vendre\/#breadcrumb\"},\"inLanguage\":\"fr-FR\",\"potentialAction\":[{\"@type\":\"ReadAction\",\"target\":[\"https:\/\/www.unibricks.be\/fr\/stavelot-chalet-maison-vacances-gites-a-vendre\/\"]}]},{\"@type\":\"BreadcrumbList\",\"@id\":\"https:\/\/www.unibricks.be\/fr\/stavelot-chalet-maison-vacances-gites-a-vendre\/#breadcrumb\",\"itemListElement\":[{\"@type\":\"ListItem\",\"position\":1,\"name\":\"Home\",\"item\":\"https:\/\/www.unibricks.be\/fr\/\"},{\"@type\":\"ListItem\",\"position\":2,\"name\":\"Immobilier \u00e0 Stavelot : maisons de vacances, chalets et g\u00eetes \u00e0 vendre au c\u0153ur de l\u2019Ardenne belge\"}]},{\"@type\":\"WebSite\",\"@id\":\"https:\/\/www.unibricks.be\/fr\/#website\",\"url\":\"https:\/\/www.unibricks.be\/fr\/\",\"name\":\"Unibricks\",\"description\":\"\",\"publisher\":{\"@id\":\"https:\/\/www.unibricks.be\/fr\/#organization\"},\"potentialAction\":[{\"@type\":\"SearchAction\",\"target\":{\"@type\":\"EntryPoint\",\"urlTemplate\":\"https:\/\/www.unibricks.be\/fr\/?s={search_term_string}\"},\"query-input\":{\"@type\":\"PropertyValueSpecification\",\"valueRequired\":true,\"valueName\":\"search_term_string\"}}],\"inLanguage\":\"fr-FR\"},{\"@type\":\"Organization\",\"@id\":\"https:\/\/www.unibricks.be\/fr\/#organization\",\"name\":\"Unibricks\",\"url\":\"https:\/\/www.unibricks.be\/fr\/\",\"logo\":{\"@type\":\"ImageObject\",\"inLanguage\":\"fr-FR\",\"@id\":\"https:\/\/www.unibricks.be\/fr\/#\/schema\/logo\/image\/\",\"url\":\"https:\/\/www.unibricks.be\/wp-content\/uploads\/2021\/06\/logo.png\",\"contentUrl\":\"https:\/\/www.unibricks.be\/wp-content\/uploads\/2021\/06\/logo.png\",\"width\":303,\"height\":48,\"caption\":\"Unibricks\"},\"image\":{\"@id\":\"https:\/\/www.unibricks.be\/fr\/#\/schema\/logo\/image\/\"}}]}<\/script>\n<!-- \/ Yoast SEO Premium plugin. -->","yoast_head_json":{"title":"Stavelot \u2013 Chalets, maisons de vacances et g\u00eetes \u00e0 vendre dans les Ardennes- Unibricks","description":"Achetez un chalet, une maison de vacances ou un g\u00eete \u00e0 Stavelot. D\u00e9couvrez nos biens touristiques et secondaires dans une ville au c\u0153ur des Ardennes et proche du circuit de Spa.","robots":{"index":"index","follow":"follow","max-snippet":"max-snippet:-1","max-image-preview":"max-image-preview:large","max-video-preview":"max-video-preview:-1"},"canonical":"https:\/\/www.unibricks.be\/fr\/stavelot-chalet-maison-vacances-gites-a-vendre\/","og_locale":"fr_FR","og_type":"article","og_title":"Immobilier \u00e0 Stavelot : maisons de vacances, chalets et g\u00eetes \u00e0 vendre au c\u0153ur de l\u2019Ardenne belge","og_description":"Achetez un chalet, une maison de vacances ou un g\u00eete \u00e0 Stavelot. D\u00e9couvrez nos biens touristiques et secondaires dans une ville au c\u0153ur des Ardennes et proche du circuit de Spa.","og_url":"https:\/\/www.unibricks.be\/fr\/stavelot-chalet-maison-vacances-gites-a-vendre\/","og_site_name":"Unibricks","article_modified_time":"2025-10-02T06:03:23+00:00","twitter_card":"summary_large_image","twitter_misc":{"Dur\u00e9e de lecture estim\u00e9e":"3 minutes"},"schema":{"@context":"https:\/\/schema.org","@graph":[{"@type":"WebPage","@id":"https:\/\/www.unibricks.be\/fr\/stavelot-chalet-maison-vacances-gites-a-vendre\/","url":"https:\/\/www.unibricks.be\/fr\/stavelot-chalet-maison-vacances-gites-a-vendre\/","name":"Stavelot \u2013 Chalets, maisons de vacances et g\u00eetes \u00e0 vendre dans les Ardennes- Unibricks","isPartOf":{"@id":"https:\/\/www.unibricks.be\/fr\/#website"},"datePublished":"2025-09-18T17:41:02+00:00","dateModified":"2025-10-02T06:03:23+00:00","description":"Achetez un chalet, une maison de vacances ou un g\u00eete \u00e0 Stavelot. D\u00e9couvrez nos biens touristiques et secondaires dans une ville au c\u0153ur des Ardennes et proche du circuit de Spa.","breadcrumb":{"@id":"https:\/\/www.unibricks.be\/fr\/stavelot-chalet-maison-vacances-gites-a-vendre\/#breadcrumb"},"inLanguage":"fr-FR","potentialAction":[{"@type":"ReadAction","target":["https:\/\/www.unibricks.be\/fr\/stavelot-chalet-maison-vacances-gites-a-vendre\/"]}]},{"@type":"BreadcrumbList","@id":"https:\/\/www.unibricks.be\/fr\/stavelot-chalet-maison-vacances-gites-a-vendre\/#breadcrumb","itemListElement":[{"@type":"ListItem","position":1,"name":"Home","item":"https:\/\/www.unibricks.be\/fr\/"},{"@type":"ListItem","position":2,"name":"Immobilier \u00e0 Stavelot : maisons de vacances, chalets et g\u00eetes \u00e0 vendre au c\u0153ur de l\u2019Ardenne belge"}]},{"@type":"WebSite","@id":"https:\/\/www.unibricks.be\/fr\/#website","url":"https:\/\/www.unibricks.be\/fr\/","name":"Unibricks","description":"","publisher":{"@id":"https:\/\/www.unibricks.be\/fr\/#organization"},"potentialAction":[{"@type":"SearchAction","target":{"@type":"EntryPoint","urlTemplate":"https:\/\/www.unibricks.be\/fr\/?s={search_term_string}"},"query-input":{"@type":"PropertyValueSpecification","valueRequired":true,"valueName":"search_term_string"}}],"inLanguage":"fr-FR"},{"@type":"Organization","@id":"https:\/\/www.unibricks.be\/fr\/#organization","name":"Unibricks","url":"https:\/\/www.unibricks.be\/fr\/","logo":{"@type":"ImageObject","inLanguage":"fr-FR","@id":"https:\/\/www.unibricks.be\/fr\/#\/schema\/logo\/image\/","url":"https:\/\/www.unibricks.be\/wp-content\/uploads\/2021\/06\/logo.png","contentUrl":"https:\/\/www.unibricks.be\/wp-content\/uploads\/2021\/06\/logo.png","width":303,"height":48,"caption":"Unibricks"},"image":{"@id":"https:\/\/www.unibricks.be\/fr\/#\/schema\/logo\/image\/"}}]}},"_links":{"self":[{"href":"https:\/\/www.unibricks.be\/fr\/wp-json\/wp\/v2\/pages\/11725","targetHints":{"allow":["GET"]}}],"collection":[{"href":"https:\/\/www.unibricks.be\/fr\/wp-json\/wp\/v2\/pages"}],"about":[{"href":"https:\/\/www.unibricks.be\/fr\/wp-json\/wp\/v2\/types\/page"}],"author":[{"embeddable":true,"href":"https:\/\/www.unibricks.be\/fr\/wp-json\/wp\/v2\/users\/1"}],"replies":[{"embeddable":true,"href":"https:\/\/www.unibricks.be\/fr\/wp-json\/wp\/v2\/comments?post=11725"}],"version-history":[{"count":4,"href":"https:\/\/www.unibricks.be\/fr\/wp-json\/wp\/v2\/pages\/11725\/revisions"}],"predecessor-version":[{"id":12027,"href":"https:\/\/www.unibricks.be\/fr\/wp-json\/wp\/v2\/pages\/11725\/revisions\/12027"}],"wp:attachment":[{"href":"https:\/\/www.unibricks.be\/fr\/wp-json\/wp\/v2\/media?parent=11725"}],"wp:term":[{"taxonomy":"post_tag","embeddable":true,"href":"https:\/\/www.unibricks.be\/fr\/wp-json\/wp\/v2\/tags?post=11725"}],"curies":[{"name":"wp","href":"https:\/\/api.w.org\/{rel}","templated":true}]}}