{"id":11697,"date":"2025-09-18T18:51:00","date_gmt":"2025-09-18T16:51:00","guid":{"rendered":"https:\/\/www.unibricks.be\/acheter-une-seconde-residence-dans-les-ardennes-nature-liberte-et-investissement-durable\/"},"modified":"2026-04-02T12:36:40","modified_gmt":"2026-04-02T10:36:40","slug":"gites-a-vendre-ardennes","status":"publish","type":"page","link":"https:\/\/www.unibricks.be\/fr\/gites-a-vendre-ardennes\/","title":{"rendered":"G\u00eetes \u00e0 vendre dans les Ardennes : investissez dans un lieu de charme et de rentabilit\u00e9"},"content":{"rendered":"","protected":false},"excerpt":{"rendered":"","protected":false},"author":1,"featured_media":0,"parent":0,"menu_order":0,"comment_status":"closed","ping_status":"closed","template":"","meta":{"_acf_changed":false,"content-type":"","inline_featured_image":false,"footnotes":""},"tags":[158],"class_list":["post-11697","page","type-page","status-publish","hentry","tag-lp-2025-fr"],"acf":[],"yoast_head":"<!-- This site is optimized with the Yoast SEO Premium plugin v24.3 (Yoast SEO v27.0) - https:\/\/yoast.com\/product\/yoast-seo-premium-wordpress\/ -->\n<title>G\u00eetes \u00e0 vendre dans les Ardennes - Unibricks<\/title>\n<meta name=\"description\" content=\"D\u00e9couvrez nos g\u00eetes \u00e0 vendre dans les Ardennes : rentabilit\u00e9, nature et charme. Parfaits pour location ou r\u00e9sidence secondaire.\" \/>\n<meta name=\"robots\" content=\"index, follow, max-snippet:-1, max-image-preview:large, max-video-preview:-1\" \/>\n<link rel=\"canonical\" href=\"https:\/\/www.unibricks.be\/fr\/gites-a-vendre-ardennes\/\" \/>\n<meta property=\"og:locale\" content=\"fr_FR\" \/>\n<meta property=\"og:type\" content=\"article\" \/>\n<meta property=\"og:title\" content=\"G\u00eetes \u00e0 vendre dans les Ardennes : investissez dans un lieu de charme et de rentabilit\u00e9\" \/>\n<meta property=\"og:description\" content=\"D\u00e9couvrez nos g\u00eetes \u00e0 vendre dans les Ardennes : rentabilit\u00e9, nature et charme. Parfaits pour location ou r\u00e9sidence secondaire.\" \/>\n<meta property=\"og:url\" content=\"https:\/\/www.unibricks.be\/fr\/gites-a-vendre-ardennes\/\" \/>\n<meta property=\"og:site_name\" content=\"Unibricks\" \/>\n<meta property=\"article:modified_time\" content=\"2026-04-02T10:36:40+00:00\" \/>\n<meta name=\"twitter:card\" content=\"summary_large_image\" \/>\n<meta name=\"twitter:label1\" content=\"Dur\u00e9e de lecture estim\u00e9e\" \/>\n\t<meta name=\"twitter:data1\" content=\"7 minutes\" \/>\n<script type=\"application\/ld+json\" class=\"yoast-schema-graph\">{\"@context\":\"https:\/\/schema.org\",\"@graph\":[{\"@type\":\"WebPage\",\"@id\":\"https:\/\/www.unibricks.be\/fr\/gites-a-vendre-ardennes\/\",\"url\":\"https:\/\/www.unibricks.be\/fr\/gites-a-vendre-ardennes\/\",\"name\":\"G\u00eetes \u00e0 vendre dans les Ardennes - Unibricks\",\"isPartOf\":{\"@id\":\"https:\/\/www.unibricks.be\/fr\/#website\"},\"datePublished\":\"2025-09-18T16:51:00+00:00\",\"dateModified\":\"2026-04-02T10:36:40+00:00\",\"description\":\"D\u00e9couvrez nos g\u00eetes \u00e0 vendre dans les Ardennes : rentabilit\u00e9, nature et charme. Parfaits pour location ou r\u00e9sidence secondaire.\",\"breadcrumb\":{\"@id\":\"https:\/\/www.unibricks.be\/fr\/gites-a-vendre-ardennes\/#breadcrumb\"},\"inLanguage\":\"fr-FR\",\"potentialAction\":[{\"@type\":\"ReadAction\",\"target\":[\"https:\/\/www.unibricks.be\/fr\/gites-a-vendre-ardennes\/\"]}]},{\"@type\":\"BreadcrumbList\",\"@id\":\"https:\/\/www.unibricks.be\/fr\/gites-a-vendre-ardennes\/#breadcrumb\",\"itemListElement\":[{\"@type\":\"ListItem\",\"position\":1,\"name\":\"Home\",\"item\":\"https:\/\/www.unibricks.be\/fr\/\"},{\"@type\":\"ListItem\",\"position\":2,\"name\":\"G\u00eetes \u00e0 vendre dans les Ardennes : investissez dans un lieu de charme et de rentabilit\u00e9\"}]},{\"@type\":\"WebSite\",\"@id\":\"https:\/\/www.unibricks.be\/fr\/#website\",\"url\":\"https:\/\/www.unibricks.be\/fr\/\",\"name\":\"Unibricks\",\"description\":\"\",\"publisher\":{\"@id\":\"https:\/\/www.unibricks.be\/fr\/#organization\"},\"potentialAction\":[{\"@type\":\"SearchAction\",\"target\":{\"@type\":\"EntryPoint\",\"urlTemplate\":\"https:\/\/www.unibricks.be\/fr\/?s={search_term_string}\"},\"query-input\":{\"@type\":\"PropertyValueSpecification\",\"valueRequired\":true,\"valueName\":\"search_term_string\"}}],\"inLanguage\":\"fr-FR\"},{\"@type\":\"Organization\",\"@id\":\"https:\/\/www.unibricks.be\/fr\/#organization\",\"name\":\"Unibricks\",\"url\":\"https:\/\/www.unibricks.be\/fr\/\",\"logo\":{\"@type\":\"ImageObject\",\"inLanguage\":\"fr-FR\",\"@id\":\"https:\/\/www.unibricks.be\/fr\/#\/schema\/logo\/image\/\",\"url\":\"https:\/\/www.unibricks.be\/wp-content\/uploads\/2021\/06\/logo.png\",\"contentUrl\":\"https:\/\/www.unibricks.be\/wp-content\/uploads\/2021\/06\/logo.png\",\"width\":303,\"height\":48,\"caption\":\"Unibricks\"},\"image\":{\"@id\":\"https:\/\/www.unibricks.be\/fr\/#\/schema\/logo\/image\/\"}}]}<\/script>\n<!-- \/ Yoast SEO Premium plugin. -->","yoast_head_json":{"title":"G\u00eetes \u00e0 vendre dans les Ardennes - Unibricks","description":"D\u00e9couvrez nos g\u00eetes \u00e0 vendre dans les Ardennes : rentabilit\u00e9, nature et charme. Parfaits pour location ou r\u00e9sidence secondaire.","robots":{"index":"index","follow":"follow","max-snippet":"max-snippet:-1","max-image-preview":"max-image-preview:large","max-video-preview":"max-video-preview:-1"},"canonical":"https:\/\/www.unibricks.be\/fr\/gites-a-vendre-ardennes\/","og_locale":"fr_FR","og_type":"article","og_title":"G\u00eetes \u00e0 vendre dans les Ardennes : investissez dans un lieu de charme et de rentabilit\u00e9","og_description":"D\u00e9couvrez nos g\u00eetes \u00e0 vendre dans les Ardennes : rentabilit\u00e9, nature et charme. Parfaits pour location ou r\u00e9sidence secondaire.","og_url":"https:\/\/www.unibricks.be\/fr\/gites-a-vendre-ardennes\/","og_site_name":"Unibricks","article_modified_time":"2026-04-02T10:36:40+00:00","twitter_card":"summary_large_image","twitter_misc":{"Dur\u00e9e de lecture estim\u00e9e":"7 minutes"},"schema":{"@context":"https:\/\/schema.org","@graph":[{"@type":"WebPage","@id":"https:\/\/www.unibricks.be\/fr\/gites-a-vendre-ardennes\/","url":"https:\/\/www.unibricks.be\/fr\/gites-a-vendre-ardennes\/","name":"G\u00eetes \u00e0 vendre dans les Ardennes - Unibricks","isPartOf":{"@id":"https:\/\/www.unibricks.be\/fr\/#website"},"datePublished":"2025-09-18T16:51:00+00:00","dateModified":"2026-04-02T10:36:40+00:00","description":"D\u00e9couvrez nos g\u00eetes \u00e0 vendre dans les Ardennes : rentabilit\u00e9, nature et charme. Parfaits pour location ou r\u00e9sidence secondaire.","breadcrumb":{"@id":"https:\/\/www.unibricks.be\/fr\/gites-a-vendre-ardennes\/#breadcrumb"},"inLanguage":"fr-FR","potentialAction":[{"@type":"ReadAction","target":["https:\/\/www.unibricks.be\/fr\/gites-a-vendre-ardennes\/"]}]},{"@type":"BreadcrumbList","@id":"https:\/\/www.unibricks.be\/fr\/gites-a-vendre-ardennes\/#breadcrumb","itemListElement":[{"@type":"ListItem","position":1,"name":"Home","item":"https:\/\/www.unibricks.be\/fr\/"},{"@type":"ListItem","position":2,"name":"G\u00eetes \u00e0 vendre dans les Ardennes : investissez dans un lieu de charme et de rentabilit\u00e9"}]},{"@type":"WebSite","@id":"https:\/\/www.unibricks.be\/fr\/#website","url":"https:\/\/www.unibricks.be\/fr\/","name":"Unibricks","description":"","publisher":{"@id":"https:\/\/www.unibricks.be\/fr\/#organization"},"potentialAction":[{"@type":"SearchAction","target":{"@type":"EntryPoint","urlTemplate":"https:\/\/www.unibricks.be\/fr\/?s={search_term_string}"},"query-input":{"@type":"PropertyValueSpecification","valueRequired":true,"valueName":"search_term_string"}}],"inLanguage":"fr-FR"},{"@type":"Organization","@id":"https:\/\/www.unibricks.be\/fr\/#organization","name":"Unibricks","url":"https:\/\/www.unibricks.be\/fr\/","logo":{"@type":"ImageObject","inLanguage":"fr-FR","@id":"https:\/\/www.unibricks.be\/fr\/#\/schema\/logo\/image\/","url":"https:\/\/www.unibricks.be\/wp-content\/uploads\/2021\/06\/logo.png","contentUrl":"https:\/\/www.unibricks.be\/wp-content\/uploads\/2021\/06\/logo.png","width":303,"height":48,"caption":"Unibricks"},"image":{"@id":"https:\/\/www.unibricks.be\/fr\/#\/schema\/logo\/image\/"}}]}},"_links":{"self":[{"href":"https:\/\/www.unibricks.be\/fr\/wp-json\/wp\/v2\/pages\/11697","targetHints":{"allow":["GET"]}}],"collection":[{"href":"https:\/\/www.unibricks.be\/fr\/wp-json\/wp\/v2\/pages"}],"about":[{"href":"https:\/\/www.unibricks.be\/fr\/wp-json\/wp\/v2\/types\/page"}],"author":[{"embeddable":true,"href":"https:\/\/www.unibricks.be\/fr\/wp-json\/wp\/v2\/users\/1"}],"replies":[{"embeddable":true,"href":"https:\/\/www.unibricks.be\/fr\/wp-json\/wp\/v2\/comments?post=11697"}],"version-history":[{"count":18,"href":"https:\/\/www.unibricks.be\/fr\/wp-json\/wp\/v2\/pages\/11697\/revisions"}],"predecessor-version":[{"id":13694,"href":"https:\/\/www.unibricks.be\/fr\/wp-json\/wp\/v2\/pages\/11697\/revisions\/13694"}],"wp:attachment":[{"href":"https:\/\/www.unibricks.be\/fr\/wp-json\/wp\/v2\/media?parent=11697"}],"wp:term":[{"taxonomy":"post_tag","embeddable":true,"href":"https:\/\/www.unibricks.be\/fr\/wp-json\/wp\/v2\/tags?post=11697"}],"curies":[{"name":"wp","href":"https:\/\/api.w.org\/{rel}","templated":true}]}}